{"id":4802,"date":"2023-08-01T14:55:13","date_gmt":"2023-08-01T14:55:13","guid":{"rendered":"https:\/\/thetenerifechannel.com\/videos\/"},"modified":"2024-02-07T23:22:53","modified_gmt":"2024-02-07T23:22:53","slug":"videos","status":"publish","type":"page","link":"https:\/\/thetenerifechannel.com\/de\/videos\/","title":{"rendered":"Videos"},"content":{"rendered":"<section class=\"l-section wpb_row us_custom_6a4d3d6c height_huge\"><div class=\"l-section-h i-cf\"><div class=\"g-cols vc_row via_grid cols_1 laptops-cols_inherit tablets-cols_inherit mobiles-cols_1 valign_middle type_default stacking_default\"><div class=\"wpb_column vc_column_container\"><div class=\"vc_column-inner\"><div class=\"wpb_text_column us_custom_a71212be\"><div class=\"wpb_wrapper\"><p style=\"text-align: center;\"><strong>SEKTION VIDEOS<\/strong><\/p>\n<\/div><\/div><div class=\"wpb_text_column\"><div class=\"wpb_wrapper\"><h1 style=\"text-align: center;\"><span style=\"color: #8bcdc5;\">Der Kanal von Teneriffa<\/span><\/h1>\n<p style=\"text-align: center;\"><strong>Sie m\u00f6chten wissen, was Sie in Ihrem n\u00e4chsten Urlaub auf Teneriffa unternehmen k\u00f6nnen, f\u00fchlen sich aber von der F\u00fclle der Informationen \u00fcberfordert?<\/strong><\/p>\n<p style=\"text-align: center;\">Dann lassen Sie sich von uns auf einen virtuellen Rundgang mitnehmen. Wir geben Ihnen Insidertipps, damit Sie die richtige Wahl treffen k\u00f6nnen.<\/p>\n<p style=\"text-align: center;\">Unsere Videos bieten alle Urlaubsinformationen, die Sie suchen, an einem Ort.<\/p>\n<p style=\"text-align: center;\">Also lehnen Sie sich zur\u00fcck, entspannen Sie sich und planen Sie Ihr n\u00e4chstes Abenteuer mit uns.<\/p>\n<\/div><\/div><div class=\"w-separator size_custom\" style=\"height:30px\" id=\"y219\"><style><\/style><\/div><\/div><\/div><\/div><\/div><\/section><section class=\"l-section wpb_row us_custom_f3f68ac4 height_huge with_img\" id=\"1\"><div class=\"l-section-img\" role=\"img\" aria-label=\"Bild\" data-img-width=\"1200\" data-img-height=\"1000\" style=\"background-image: url(https:\/\/thetenerifechannel.com\/wp-content\/uploads\/2023\/08\/fondo.jpg);\"><\/div><div class=\"l-section-h i-cf\"><div class=\"g-cols vc_row via_grid cols_1 laptops-cols_inherit tablets-cols_inherit mobiles-cols_1 valign_middle type_default stacking_default\"><div class=\"wpb_column vc_column_container\"><div class=\"vc_column-inner\"><div class=\"wpb_text_column us_custom_a71212be\"><div class=\"wpb_wrapper\"><p><strong>Entdecken Sie unsere Videos!<\/strong><\/p>\n<\/div><\/div><div class=\"w-separator size_custom with_line width_default thick_5 style_solid color_primary align_left\" style=\"height:\"><div class=\"w-separator-h\"><\/div><\/div><div class=\"w-separator size_custom\" style=\"height:30px\" id=\"j199\"><style><\/style><\/div><div class=\"w-video us_custom_06cb23bc align_none ratio_initial has_iframe\"><div class=\"w-video-h\"><iframe title=\"Youtube video player\" src=\"\/\/www.youtube.com\/embed\/DWk8gHUOJfE?autoplay=0&controls=1&origin=https:\/\/thetenerifechannel.com\/de\/&loop=0&mute=0\" allowfullscreen=\"1\" loading=\"lazy\"><\/iframe><\/div><\/div><div class=\"w-separator size_custom\" style=\"height:30px\" id=\"r7ab\"><style><\/style><\/div><div class=\"w-separator size_custom\" style=\"height:30px\" id=\"k8a3\"><style><\/style><\/div><div class=\"w-separator size_custom\" style=\"height:30px\" id=\"v984\"><style><\/style><\/div><div class=\"g-cols wpb_row via_grid cols_2 laptops-cols_inherit tablets-cols_inherit mobiles-cols_1 valign_top type_default stacking_default\" style=\"--columns-gap:3rem;\"><div class=\"wpb_column vc_column_container\"><div class=\"vc_column-inner\"><div class=\"wpb_text_column us_custom_a71212be\"><div class=\"wpb_wrapper\"><p><strong>Standorte<\/strong><\/p>\n<\/div><\/div><div class=\"w-separator size_custom with_line width_default thick_5 style_solid color_primary align_left\" style=\"height:\"><div class=\"w-separator-h\"><\/div><\/div><div class=\"w-separator size_custom\" style=\"height:40px\"><\/div><div class=\"w-video us_custom_06cb23bc align_none ratio_initial has_iframe\"><div class=\"w-video-h\"><iframe title=\"Youtube video player\" src=\"\/\/www.youtube.com\/embed\/FYUgJ4Kk8VU?autoplay=0&controls=1&origin=https:\/\/thetenerifechannel.com\/de\/&loop=0&mute=0\" allowfullscreen=\"1\" loading=\"lazy\"><\/iframe><\/div><\/div><div class=\"w-separator size_medium\"><\/div><div class=\"w-video us_custom_06cb23bc align_none ratio_initial has_iframe\"><div class=\"w-video-h\"><iframe title=\"Youtube video player\" src=\"\/\/www.youtube.com\/embed\/h-YkvjziVEM?autoplay=0&controls=1&origin=https:\/\/thetenerifechannel.com\/de\/&loop=0&mute=0\" allowfullscreen=\"1\" loading=\"lazy\"><\/iframe><\/div><\/div><div class=\"w-separator size_medium\"><\/div><div class=\"w-video us_custom_06cb23bc align_none ratio_initial has_iframe\"><div class=\"w-video-h\"><iframe title=\"Youtube video player\" src=\"\/\/www.youtube.com\/embed\/6DM3DiEWTiw?autoplay=0&controls=1&origin=https:\/\/thetenerifechannel.com\/de\/&loop=0&mute=0\" allowfullscreen=\"1\" loading=\"lazy\"><\/iframe><\/div><\/div><div class=\"w-separator size_medium\"><\/div><div class=\"w-video us_custom_06cb23bc align_none ratio_initial has_iframe\"><div class=\"w-video-h\"><iframe title=\"Youtube video player\" src=\"\/\/www.youtube.com\/embed\/0QhQMH_G7gg?autoplay=0&controls=1&origin=https:\/\/thetenerifechannel.com\/de\/&loop=0&mute=0\" allowfullscreen=\"1\" loading=\"lazy\"><\/iframe><\/div><\/div><div class=\"w-separator size_medium\"><\/div><div class=\"w-video us_custom_06cb23bc align_none ratio_initial has_iframe\"><div class=\"w-video-h\"><iframe title=\"Youtube video player\" src=\"\/\/www.youtube.com\/embed\/yItZZO6vZ80?autoplay=0&controls=1&origin=https:\/\/thetenerifechannel.com\/de\/&loop=0&mute=0\" allowfullscreen=\"1\" loading=\"lazy\"><\/iframe><\/div><\/div><div class=\"w-separator size_medium\"><\/div><div class=\"w-video us_custom_06cb23bc align_none ratio_initial has_iframe\"><div class=\"w-video-h\"><iframe title=\"Youtube video player\" src=\"\/\/www.youtube.com\/embed\/q0uRFNF1vFw?autoplay=0&controls=1&origin=https:\/\/thetenerifechannel.com\/de\/&loop=0&mute=0\" allowfullscreen=\"1\" loading=\"lazy\"><\/iframe><\/div><\/div><div class=\"w-separator size_medium\"><\/div><div class=\"w-video us_custom_06cb23bc align_none ratio_initial has_iframe\"><div class=\"w-video-h\"><iframe title=\"Youtube video player\" src=\"\/\/www.youtube.com\/embed\/97om7r6rO28?autoplay=0&controls=1&origin=https:\/\/thetenerifechannel.com\/de\/&loop=0&mute=0\" allowfullscreen=\"1\" loading=\"lazy\"><\/iframe><\/div><\/div><div class=\"w-separator size_medium\"><\/div><div class=\"w-video us_custom_06cb23bc align_none ratio_initial has_iframe\"><div class=\"w-video-h\"><iframe title=\"Youtube video player\" src=\"\/\/www.youtube.com\/embed\/bXywKEopyPo?autoplay=0&controls=1&origin=https:\/\/thetenerifechannel.com\/de\/&loop=0&mute=0\" allowfullscreen=\"1\" loading=\"lazy\"><\/iframe><\/div><\/div><div class=\"w-separator size_medium\"><\/div><div class=\"w-video us_custom_06cb23bc align_none ratio_initial has_iframe\"><div class=\"w-video-h\"><iframe title=\"Youtube video player\" src=\"\/\/www.youtube.com\/embed\/uG89FKEJUpk?autoplay=0&controls=1&origin=https:\/\/thetenerifechannel.com\/de\/&loop=0&mute=0\" allowfullscreen=\"1\" loading=\"lazy\"><\/iframe><\/div><\/div><div class=\"w-separator size_medium\"><\/div><div class=\"w-separator size_medium\"><\/div><div class=\"w-separator size_medium\"><\/div><\/div><\/div><div class=\"wpb_column vc_column_container\"><div class=\"vc_column-inner\"><div class=\"wpb_text_column us_custom_a71212be\"><div class=\"wpb_wrapper\"><p><strong>Was ist zu tun?<\/strong><\/p>\n<\/div><\/div><div class=\"w-separator size_custom with_line width_default thick_5 style_solid color_primary align_left\" style=\"height:\"><div class=\"w-separator-h\"><\/div><\/div><div class=\"w-separator size_custom\" style=\"height:40px\"><\/div><div class=\"w-video us_custom_06cb23bc align_none ratio_initial has_iframe\"><div class=\"w-video-h\"><iframe title=\"Youtube video player\" src=\"\/\/www.youtube.com\/embed\/f8UcoGWpJfE?autoplay=0&controls=1&origin=https:\/\/thetenerifechannel.com\/de\/&loop=0&mute=0\" allowfullscreen=\"1\" loading=\"lazy\"><\/iframe><\/div><\/div><div class=\"w-separator size_medium\"><\/div><div class=\"w-video us_custom_06cb23bc align_none ratio_initial has_iframe\"><div class=\"w-video-h\"><iframe title=\"Youtube video player\" src=\"\/\/www.youtube.com\/embed\/H5payJHeDL0?autoplay=0&controls=1&origin=https:\/\/thetenerifechannel.com\/de\/&loop=0&mute=0\" allowfullscreen=\"1\" loading=\"lazy\"><\/iframe><\/div><\/div><div class=\"w-separator size_medium\"><\/div><div class=\"w-video us_custom_06cb23bc align_none ratio_initial has_iframe\"><div class=\"w-video-h\"><iframe title=\"Youtube video player\" src=\"\/\/www.youtube.com\/embed\/g2ASYXJr-kw?autoplay=0&controls=1&origin=https:\/\/thetenerifechannel.com\/de\/&loop=0&mute=0\" allowfullscreen=\"1\" loading=\"lazy\"><\/iframe><\/div><\/div><div class=\"w-separator size_medium\"><\/div><div class=\"w-video us_custom_06cb23bc align_none ratio_initial has_iframe\"><div class=\"w-video-h\"><iframe title=\"Youtube video player\" src=\"\/\/www.youtube.com\/embed\/0xV-veMKERU?autoplay=0&controls=1&origin=https:\/\/thetenerifechannel.com\/de\/&loop=0&mute=0\" allowfullscreen=\"1\" loading=\"lazy\"><\/iframe><\/div><\/div><div class=\"w-separator size_medium\"><\/div><div class=\"w-video us_custom_06cb23bc align_none ratio_initial has_iframe\"><div class=\"w-video-h\"><iframe title=\"Youtube video player\" src=\"\/\/www.youtube.com\/embed\/_50xw2nSLsA?autoplay=0&controls=1&origin=https:\/\/thetenerifechannel.com\/de\/&loop=0&mute=0\" allowfullscreen=\"1\" loading=\"lazy\"><\/iframe><\/div><\/div><div class=\"w-separator size_medium\"><\/div><div class=\"w-video us_custom_06cb23bc align_none ratio_initial has_iframe\"><div class=\"w-video-h\"><iframe title=\"Youtube video player\" src=\"\/\/www.youtube.com\/embed\/bXywKEopyPo?autoplay=0&controls=1&origin=https:\/\/thetenerifechannel.com\/de\/&loop=0&mute=0\" allowfullscreen=\"1\" loading=\"lazy\"><\/iframe><\/div><\/div><div class=\"w-separator size_medium\"><\/div><div class=\"w-video us_custom_06cb23bc align_none ratio_initial has_iframe\"><div class=\"w-video-h\"><iframe title=\"Youtube video player\" src=\"\/\/www.youtube.com\/embed\/yItZZO6vZ80?autoplay=0&controls=1&origin=https:\/\/thetenerifechannel.com\/de\/&loop=0&mute=0\" allowfullscreen=\"1\" loading=\"lazy\"><\/iframe><\/div><\/div><div class=\"w-separator size_medium\"><\/div><div class=\"w-video us_custom_06cb23bc align_none ratio_initial has_iframe\"><div class=\"w-video-h\"><iframe title=\"Youtube video player\" src=\"\/\/www.youtube.com\/embed\/TxoVCUdtEZ8?autoplay=0&controls=1&origin=https:\/\/thetenerifechannel.com\/de\/&loop=0&mute=0\" allowfullscreen=\"1\" loading=\"lazy\"><\/iframe><\/div><\/div><div class=\"w-separator size_medium\"><\/div><div class=\"w-video us_custom_06cb23bc align_none ratio_initial has_iframe\"><div class=\"w-video-h\"><iframe title=\"Youtube video player\" src=\"\/\/www.youtube.com\/embed\/q0uRFNF1vFw?autoplay=0&controls=1&origin=https:\/\/thetenerifechannel.com\/de\/&loop=0&mute=0\" allowfullscreen=\"1\" loading=\"lazy\"><\/iframe><\/div><\/div><div class=\"w-separator size_medium\"><\/div><div class=\"w-video us_custom_06cb23bc align_none ratio_initial has_iframe\"><div class=\"w-video-h\"><iframe title=\"Youtube video player\" src=\"\/\/www.youtube.com\/embed\/uG89FKEJUpk?autoplay=0&controls=1&origin=https:\/\/thetenerifechannel.com\/de\/&loop=0&mute=0\" allowfullscreen=\"1\" loading=\"lazy\"><\/iframe><\/div><\/div><div class=\"w-separator size_medium\"><\/div><div class=\"w-separator size_medium\"><\/div><\/div><\/div><\/div><\/div><\/div><\/div><\/div><\/section>\n","protected":false},"excerpt":{"rendered":"SEKTION VIDEOS Der Kanal von Teneriffa Sie m\u00f6chten wissen, was Sie in Ihrem n\u00e4chsten Urlaub auf Teneriffa unternehmen k\u00f6nnen, f\u00fchlen sich aber von der F\u00fclle der Informationen \u00fcberfordert? Dann lassen Sie sich von uns auf einen virtuellen Rundgang mitnehmen. Wir geben Ihnen Insidertipps, damit Sie die richtige Wahl treffen k\u00f6nnen. Unsere Videos bieten alle Urlaubsinformationen,...","protected":false},"author":15,"featured_media":0,"parent":0,"menu_order":0,"comment_status":"closed","ping_status":"closed","template":"","meta":{"_acf_changed":false,"_joinchat":[],"footnotes":""},"class_list":["post-4802","page","type-page","status-publish","hentry"],"acf":[],"_links":{"self":[{"href":"https:\/\/thetenerifechannel.com\/de\/wp-json\/wp\/v2\/pages\/4802","targetHints":{"allow":["GET"]}}],"collection":[{"href":"https:\/\/thetenerifechannel.com\/de\/wp-json\/wp\/v2\/pages"}],"about":[{"href":"https:\/\/thetenerifechannel.com\/de\/wp-json\/wp\/v2\/types\/page"}],"author":[{"embeddable":true,"href":"https:\/\/thetenerifechannel.com\/de\/wp-json\/wp\/v2\/users\/15"}],"replies":[{"embeddable":true,"href":"https:\/\/thetenerifechannel.com\/de\/wp-json\/wp\/v2\/comments?post=4802"}],"version-history":[{"count":0,"href":"https:\/\/thetenerifechannel.com\/de\/wp-json\/wp\/v2\/pages\/4802\/revisions"}],"wp:attachment":[{"href":"https:\/\/thetenerifechannel.com\/de\/wp-json\/wp\/v2\/media?parent=4802"}],"curies":[{"name":"wp","href":"https:\/\/api.w.org\/{rel}","templated":true}]}}