{"id":4819,"date":"2023-08-04T07:44:37","date_gmt":"2023-08-04T07:44:37","guid":{"rendered":"https:\/\/thetenerifechannel.com\/rechtlicher-hinweis\/"},"modified":"2024-02-07T23:22:55","modified_gmt":"2024-02-07T23:22:55","slug":"rechtlicher-hinweis","status":"publish","type":"page","link":"https:\/\/thetenerifechannel.com\/de\/rechtlicher-hinweis\/","title":{"rendered":"Rechtlicher Hinweis"},"content":{"rendered":"<section class=\"l-section wpb_row height_huge\"><div class=\"l-section-h i-cf\"><div class=\"g-cols vc_row via_grid cols_1 laptops-cols_inherit tablets-cols_inherit mobiles-cols_1 valign_top type_default stacking_default\"><div class=\"wpb_column vc_column_container\"><div class=\"vc_column-inner\"><div class=\"wpb_text_column\"><div class=\"wpb_wrapper\"><p class=\"p1\"><span class=\"s1\"><b>RECHTLICHER HINWEIS<\/b><\/span><\/p>\n<p class=\"p2\"><b>RECHTLICHE HINWEISE &#8211; DATENSCHUTZPOLITIK<\/b><\/p>\n<p class=\"p3\"><b>RECHTLICHE BEDINGUNGEN<\/b><\/p>\n<p class=\"p3\">Eingetragener Eigent\u00fcmer:<\/p>\n<p class=\"p4\">Gem\u00e4\u00df den Bestimmungen von Artikel 10 des spanischen Gesetzes 34\/2002 \u00fcber die Dienste der Informationsgesellschaft und den elektronischen Handel informieren wir Sie dar\u00fcber, dass diese Website Eigentum von BELMION INVERSIONES SL ist, einem spanischen Unternehmen mit der Steueridentifikationsnummer. B-67653071, der Inhaber der Website <a href=\"http:\/\/thetenerifechannel.com\"><br \/>\n  <span class=\"s2\">thetenerifechannel.com<\/span><br \/>\n<\/a><\/p>\n<p class=\"p3\">BEDINGUNGEN F\u00dcR DEN ZUGANG UND DIE NUTZUNG DER WEBSITE<\/p>\n<p class=\"p5\"><b>BEDINGUNGEN F\u00dcR DEN ZUGANG UND DIE NUTZUNG DER WEBSITE<\/b><\/p>\n<p class=\"p4\">Der Zugang zu unserer Website ist kostenlos und erfordert keine vorherige Anmeldung oder Registrierung. Der Nutzer greift auf die Website in gutem Glauben, unter seiner alleinigen Verantwortung und in \u00dcbereinstimmung mit diesen Allgemeinen Nutzungsbedingungen zu.<\/p>\n<p class=\"p4\">Nur Personen, die mindestens 18 Jahre alt sind, k\u00f6nnen \u00fcber unsere Website Daten \u00fcbermitteln. Personen unter 14 Jahren k\u00f6nnen sie nur mit Zustimmung ihrer Eltern oder ihres Vormunds abgeben.<\/p>\n<p class=\"p4\">Der Zustand des Nutzers, der durch den blo\u00dfen Zugang und die Nutzung dieser Website durch einen Verbraucher, d.h. einen Kunden, der direkt \u00fcber die \u00f6ffentliche Website kauft, erworben wird, unterliegt der vorherigen Lekt\u00fcre und der vollst\u00e4ndigen, ausdr\u00fccklichen und uneingeschr\u00e4nkten Annahme der zum Zeitpunkt des Zugangs geltenden Allgemeinen Nutzungsbedingungen, die wir Sie bitten, sorgf\u00e4ltig zu lesen.<\/p>\n<p class=\"p4\">Der Nutzer verpflichtet sich zu einer rechtm\u00e4\u00dfigen, sorgf\u00e4ltigen und ordnungsgem\u00e4\u00dfen Nutzung der auf dieser Website angebotenen Inhalte und Dienstleistungen nach den Grunds\u00e4tzen von Treu und Glauben und unter voller Beachtung des geltenden Rechts sowie der vorliegenden Nutzungsbedingungen.<\/p>\n<p class=\"p4\">Insbesondere, als Beispiel, aber nicht ausschlie\u00dflich, darf der Nutzer der Website nicht:<\/p>\n<ul class=\"ul1\">\n<li class=\"li6\"><span class=\"s4\">jegliche Art von Material zu verwenden oder wiederzuverwenden, das illegal, beleidigend, missbr\u00e4uchlich, unanst\u00e4ndig, verleumderisch, obsz\u00f6n oder bedrohlich ist oder eine Verletzung der Rechte an geistigem Eigentum, der Marken, des Vertrauens, der Privatsph\u00e4re oder anderer Rechte darstellt oder anderweitig Dritte verletzt oder anst\u00f6\u00dfig ist oder dessen Inhalt Computerviren, politische Propaganda, Werbeinhalte, Kettenbriefe, Massensendungen oder jede andere Form von &#8220;Spam&#8221; enth\u00e4lt und im Allgemeinen unn\u00f6tige Unannehmlichkeiten oder Unannehmlichkeiten verursachen k\u00f6nnte.<\/span><\/li>\n<li class=\"li6\"><span class=\"s4\">b\u00f6swillig oder absichtlich Sch\u00e4den zu verursachen, die zu einem Verlust oder einer Ver\u00e4nderung der Website selbst f\u00fchren k\u00f6nnten, noch Computerviren einzuf\u00fchren oder zu verbreiten, die unbefugte \u00c4nderungen am Inhalt der Website oder ihrer integrierten Systeme verursachen k\u00f6nnten.<\/span><\/li>\n<li class=\"li6\"><span class=\"s4\">die Website f\u00fcr betr\u00fcgerische Zwecke oder in Verbindung mit Straftaten oder illegalen Aktivit\u00e4ten jeglicher Art zu nutzen.<\/span><\/li>\n<li class=\"li6\"><span class=\"s4\">die auf der Website bereitgestellten Informationen und Inhalte zu reproduzieren, zu kopieren, zu verbreiten, umzuwandeln oder zu ver\u00e4ndern, es sei denn, der Inhaber des Urheberrechts hat dies genehmigt.<\/span><\/li>\n<li class=\"li7\"><span class=\"s4\">Daten zu Werbezwecken zu sammeln und keine Werbung oder Mitteilungen zum Zwecke des Verkaufs oder anderer kommerzieller Materialien weiterzuleiten, ohne vorher die Zustimmung einzuholen.  <\/span><\/li>\n<\/ul>\n<p class=\"p5\"><b>GEISTIGES EIGENTUM UND URHEBERRECHT<\/b><\/p>\n<p class=\"p4\">Alle geistigen und gewerblichen Eigentumsrechte an den auf der Website dargestellten Inhalten und insbesondere an Layout, Text, Grafiken, Logos, Icons, Schaltfl\u00e4chen, Software, Handelsnamen, Marken, Geschmacksmustern oder anderen Symbolen, die industriell und kommerziell genutzt werden k\u00f6nnen, sind Eigentum von BELMION INVERSIONES SL oder von Dritten, die deren Ver\u00f6ffentlichung auf der Website ordnungsgem\u00e4\u00df genehmigt haben und die ausschlie\u00dfliche Rechte zu ihrer Nutzung aus\u00fcben.<\/p>\n<p class=\"p4\">BELMION INVERSIONES SL gew\u00e4hrt keinerlei Lizenz oder Genehmigung zur Nutzung ihrer geistigen und gewerblichen Eigentumsrechte oder anderer Eigentumsrechte in Bezug auf die Website, die Dienstleistungen oder deren Inhalte.<\/p>\n<p class=\"p4\">Aus diesem Grund und in \u00dcbereinstimmung mit den Bestimmungen des k\u00f6niglichen Gesetzesdekrets 1\/1996 vom 12. April 1996, mit dem der \u00fcberarbeitete Text des Gesetzes \u00fcber geistiges Eigentum genehmigt wurde, sowie dem spanischen Gesetz 17\/2001 vom 7. Dezember 2001 \u00fcber Marken und anderen Rechtsvorschriften \u00fcber geistiges und gewerbliches Eigentum ist es verboten, die auf der Website ver\u00f6ffentlichten Inhalte zu vervielf\u00e4ltigen, Es ist verboten, die auf der Website ver\u00f6ffentlichten Inhalte ganz oder teilweise zu vervielf\u00e4ltigen, zu \u00fcbertragen, anzupassen, zu \u00fcbersetzen, zu verbreiten, \u00f6ffentlich zug\u00e4nglich zu machen oder anderweitig zu verwerten und\/oder zu ver\u00e4ndern, es sei denn, es liegt eine ausdr\u00fcckliche Genehmigung von BELMION INVERSIONES SL vor, andernfalls wird das Unternehmen entsprechende rechtliche Schritte einleiten.<\/p>\n<p class=\"p4\">Der Benutzer verpflichtet sich, die Eigentumsrechte an der Website sowie die Urheberrechte und gewerblichen Schutzrechte zu respektieren, die Eigentum von BELMION INVERSIONES SL sind.<\/p>\n<p class=\"p5\">Auch BELMION INVERSIONES SL. lehnt jede Haftung f\u00fcr die Nutzung oder Verbreitung von Bildern und\/oder Inhalten ab, die auf der Website enthalten sind.<\/p>\n<p><b>DATENSCHUTZPOLITIK<\/b><\/p>\n<p>Die Benutzer k\u00f6nnen sich dar\u00fcber informieren, wie BELMION INVERSIONES SL ihre Daten verwendet und welche Sicherheitsma\u00dfnahmen ergriffen werden, indem sie UNSERE DATENSCHUTZPOLITIK LESEN.<\/p>\n<p><span class=\"s5\">Teilweise Nichtigerkl\u00e4rung.<\/span><\/p>\n<p>Sollte eine der Klauseln in diesem Vertrag durch ein rechtskr\u00e4ftiges Urteil einer zust\u00e4ndigen Beh\u00f6rde f\u00fcr nichtig erkl\u00e4rt werden, so bleiben die \u00fcbrigen Bedingungen in Kraft und werden von der besagten Nichtigungserkl\u00e4rung nicht ber\u00fchrt.<\/p>\n<p class=\"p5\"><b>ANWENDBARES RECHT UND GERICHTSBARKEIT<\/b><\/p>\n<p class=\"p4\">Alles, was mit unserer Website zusammenh\u00e4ngt, unterliegt ausschlie\u00dflich dem europ\u00e4ischen Recht. Im Falle von Unstimmigkeiten oder Differenzen zwischen den Parteien in Bezug auf die Auslegung und den Inhalt dieser Website entscheiden sich die Parteien daf\u00fcr, die Beilegung von Streitigkeiten den Gerichten des Wohnsitzes des Nutzers zu \u00fcberlassen und verzichten damit ausdr\u00fccklich auf jede andere Zust\u00e4ndigkeit.<\/p>\n<p class=\"p5\"><b>COOKIES-POLITIK<\/b><\/p>\n<p class=\"p4\">BELMION INVERSIONES SL installiert Cookies auf den Computern der Benutzer.<\/p>\n<p class=\"p5\"><b>NACHRICHTEN<\/b><\/p>\n<p class=\"p4\">Alle Mitteilungen und Kommunikationen zwischen den Benutzern und BELMION INVERSIONES SL sind f\u00fcr alle Zwecke g\u00fcltig, unabh\u00e4ngig davon, ob sie per E-Mail oder telefonisch erfolgen. Die Benutzer sollten sich schriftlich an BELMION INVERSIONES SL wenden:<\/p>\n<p class=\"p4\">&#8211; E-Mails sind an diese Adresse zu senden: belmioninversiones@protonmail.com<\/p>\n<p class=\"p5\"><b>VERANTWORTLICHKEITEN<\/b><\/p>\n<p class=\"p4\">Indem wir dem Nutzer unsere Website zur Verf\u00fcgung stellen, bem\u00fchen wir uns, qualitativ hochwertige Inhalte und Dienstleistungen anzubieten, wobei wir nicht nur bei der Bereitstellung, sondern auch bei der Nutzung der technischen Mittel gr\u00f6\u00dfte Sorgfalt walten lassen. Wir \u00fcbernehmen jedoch keine Verantwortung f\u00fcr das Vorhandensein von Viren oder anderen Elementen, die das Computersystem, die Dokumente und Dateien des Nutzers in irgendeiner Weise besch\u00e4digen k\u00f6nnten.<\/p>\n<p class=\"p4\">BELMION INVERSIONES SL haftet unter anderem nicht f\u00fcr die folgenden Umst\u00e4nde, als Beispiel, aber ohne Einschr\u00e4nkung:<\/p>\n<ul class=\"ul1\">\n<li class=\"li6\"><span class=\"s4\">Mangelnde Verf\u00fcgbarkeit, Wartung und effektiver Betrieb der Website und\/oder ihrer Dienste oder Inhalte, unter Ausschluss, soweit gesetzlich zul\u00e4ssig, jeglicher Haftung f\u00fcr Sch\u00e4den jeglicher Art, die aufgrund der mangelnden Verf\u00fcgbarkeit oder Kontinuit\u00e4t des Betriebs der Website und der darin erm\u00f6glichten Inhalte entstehen k\u00f6nnen.<\/span><\/li>\n<li class=\"li6\"><span class=\"s4\">Fehler, die in den Inhalten enthalten sein k\u00f6nnen, sowie die Beseitigung eines eventuell auftretenden Mangels.<\/span><\/li>\n<li class=\"li6\"><span class=\"s4\">Mangelnder Nutzen der Website oder des Inhalts.<\/span><\/li>\n<li class=\"li6\"><span class=\"s4\">Vorhandensein von Viren, b\u00f6sartigen oder sch\u00e4dlichen Programmen in den Inhalten.<\/span><\/li>\n<li class=\"li6\"><span class=\"s4\">Schlechter Service oder Probleme seitens der Anbieter von Dienstleistungen.<\/span><\/li>\n<li class=\"li6\"><span class=\"s4\">Empfang, Sammlung, Speicherung, Verbreitung oder \u00dcbermittlung der Inhalte durch die Nutzer.<\/span><\/li>\n<li class=\"li6\"><span class=\"s4\">Unerlaubte, fahrl\u00e4ssige, betr\u00fcgerische oder gegen die Bedingungen dieser Nutzungsbedingungen oder den guten Glauben versto\u00dfende Nutzung der Website oder ihrer Inhalte durch die Nutzer.<\/span><\/li>\n<\/ul>\n<p class=\"p4\">BELMION INVERSIONES SL. garantiert nicht das korrekte Funktionieren unserer Website im Hinblick auf ihre Verf\u00fcgbarkeit und Kontinuit\u00e4t des Betriebs. Wir werden uns bem\u00fchen, den Nutzer so schnell wie m\u00f6glich \u00fcber eine Unterbrechung des Dienstes zu informieren und den Dienst so schnell wie m\u00f6glich wiederherzustellen. Wir sind jedoch von jeglicher Haftung aufgrund von Unterbrechungen oder fehlerhaftem Funktionieren unserer Website befreit.<\/p>\n<p class=\"p5\"><b>ALLGEMEINE BEDINGUNGEN f\u00fcr den Online-Einkauf f\u00fcr den Verbraucher:<\/b><\/p>\n<p class=\"p4\">Siehe <a href=\"https:\/\/thetenerifechannel.com\/de\/bedingungen-und-konditionen\/\">R\u00fcckgabebedingungen<\/a> f\u00fcr get\u00e4tigte K\u00e4ufe.<\/p>\n<p class=\"p5\"><b>SICHERHEITSSTUFEN<\/b><\/p>\n<p class=\"p4\">Um die Manipulation, den Verlust, den Missbrauch, den unbefugten Zugriff oder den Diebstahl personenbezogener Daten zu verhindern, hat BELMION INVERSIONES SL das gesetzlich vorgesehene Schutzniveau eingef\u00fchrt und die erforderlichen Mittel und technischen Ma\u00dfnahmen ergriffen, indem es auf die Aufzeichnung der Verarbeitungst\u00e4tigkeiten alle Sicherheitsma\u00dfnahmen anwendet, die in den geltenden Vorschriften zum Schutz personenbezogener Daten (LOPDGDD \/ GDPR) vorgesehen sind.<\/p>\n<p class=\"p4\">Dar\u00fcber hinaus hat BELMION INVERSIONES SL neue Sicherheitsma\u00dfnahmen ergriffen, die nach der Umsetzung der neuen Nutzerrechte (Transparenz, Einschr\u00e4nkung der Verarbeitung und Grunds\u00e4tze der Daten\u00fcbertragbarkeit) sowie der Rechte auf Auskunft, Berichtigung und L\u00f6schung (Recht auf Vergessenwerden) von der DSGVO gefordert werden. BELMION INVERSIONES SL hat auch die geforderten Verbesserungen in Bezug auf die Einholung der Zustimmung der betroffenen Partei umgesetzt, indem es entsprechende Ma\u00dfnahmen ergriffen hat, und wird die geforderte Folgenabsch\u00e4tzung durchf\u00fchren, die zust\u00e4ndige Beh\u00f6rde \u00fcber jede Sicherheitsverletzung benachrichtigen sowie einen Datenschutzbeauftragten ernennen, um diese Aufgaben zu \u00fcberwachen.<\/p>\n<p class=\"p4\">BELMION INVERSIONES SL beh\u00e4lt sich das Recht vor zu entscheiden, ob die pers\u00f6nlichen Daten der Benutzer in das Verzeichnis der Verarbeitungst\u00e4tigkeiten des f\u00fcr die Verarbeitung Verantwortlichen aufgenommen werden oder nicht.<\/p>\n<p class=\"p4\"><b>ACHTUNG<\/b><\/p>\n<p class=\"p4\">Diese Allgemeinen Nutzungsbedingungen wurden zuletzt am 19. Dezember 2022 ge\u00e4ndert. Wir k\u00f6nnen sie jederzeit \u00e4ndern. Bitte \u00fcberpr\u00fcfen Sie das Ver\u00f6ffentlichungsdatum jedes Mal, wenn Sie unsere Website aufrufen, um sicherzustellen, dass keine \u00c4nderungen vorgenommen wurden, die Sie betreffen k\u00f6nnten. F\u00fcr Erkl\u00e4rungen zu den Nutzungsbedingungen unserer Website k\u00f6nnen Sie uns eine E-Mail an die folgende Adresse senden: <a href=\"mailto:belmioninversiones@protonmail.com\"><br \/>\n  <span class=\"s2\">belmioninversiones@protonmail.com<\/span><br \/>\n<\/a><\/p>\n<\/div><\/div><\/div><\/div><\/div><\/div><\/section>\n","protected":false},"excerpt":{"rendered":"RECHTLICHER HINWEIS RECHTLICHE HINWEISE &#8211; DATENSCHUTZPOLITIK RECHTLICHE BEDINGUNGEN Eingetragener Eigent\u00fcmer: Gem\u00e4\u00df den Bestimmungen von Artikel 10 des spanischen Gesetzes 34\/2002 \u00fcber die Dienste der Informationsgesellschaft und den elektronischen Handel informieren wir Sie dar\u00fcber, dass diese Website Eigentum von BELMION INVERSIONES SL ist, einem spanischen Unternehmen mit der Steueridentifikationsnummer. B-67653071, der Inhaber der Website thetenerifechannel.com BEDINGUNGEN...","protected":false},"author":15,"featured_media":0,"parent":0,"menu_order":0,"comment_status":"closed","ping_status":"closed","template":"","meta":{"_acf_changed":false,"_joinchat":[],"footnotes":""},"class_list":["post-4819","page","type-page","status-publish","hentry"],"acf":[],"_links":{"self":[{"href":"https:\/\/thetenerifechannel.com\/de\/wp-json\/wp\/v2\/pages\/4819","targetHints":{"allow":["GET"]}}],"collection":[{"href":"https:\/\/thetenerifechannel.com\/de\/wp-json\/wp\/v2\/pages"}],"about":[{"href":"https:\/\/thetenerifechannel.com\/de\/wp-json\/wp\/v2\/types\/page"}],"author":[{"embeddable":true,"href":"https:\/\/thetenerifechannel.com\/de\/wp-json\/wp\/v2\/users\/15"}],"replies":[{"embeddable":true,"href":"https:\/\/thetenerifechannel.com\/de\/wp-json\/wp\/v2\/comments?post=4819"}],"version-history":[{"count":0,"href":"https:\/\/thetenerifechannel.com\/de\/wp-json\/wp\/v2\/pages\/4819\/revisions"}],"wp:attachment":[{"href":"https:\/\/thetenerifechannel.com\/de\/wp-json\/wp\/v2\/media?parent=4819"}],"curies":[{"name":"wp","href":"https:\/\/api.w.org\/{rel}","templated":true}]}}