{"id":4853,"date":"2023-08-04T07:41:43","date_gmt":"2023-08-04T07:41:43","guid":{"rendered":"https:\/\/thetenerifechannel.com\/bedingungen-und-konditionen\/"},"modified":"2024-02-07T23:22:55","modified_gmt":"2024-02-07T23:22:55","slug":"bedingungen-und-konditionen","status":"publish","type":"page","link":"https:\/\/thetenerifechannel.com\/de\/bedingungen-und-konditionen\/","title":{"rendered":"Bedingungen und Konditionen"},"content":{"rendered":"<section class=\"l-section wpb_row height_huge\"><div class=\"l-section-h i-cf\"><div class=\"g-cols vc_row via_grid cols_1 laptops-cols_inherit tablets-cols_inherit mobiles-cols_1 valign_top type_default stacking_default\"><div class=\"wpb_column vc_column_container\"><div class=\"vc_column-inner\"><div class=\"wpb_text_column\"><div class=\"wpb_wrapper\"><p class=\"p1\"><span class=\"s1\"><b>BEDINGUNGEN UND KONDITIONEN<\/b><\/span><\/p>\n<p class=\"p2\"><b>BEDINGUNGEN F\u00dcR DEN ONLINE-KAUF<\/b><\/p>\n<p class=\"p3\"><b>I. EIGENTUM AN DER WEBSITE<\/b><\/p>\n<p class=\"p4\">BELMION INVERSIONES SL (nachstehend BELMION genannt), ein spanisches Unternehmen mit der Steuernummer B-67653071 ist der Eigent\u00fcmer der Website thetenerifechannel.com (nachstehend &#8220;die Website&#8221;).<\/p>\n<p class=\"p5\"><span class=\"s2\">Kundenbetreuung: <a href=\"mailto:belmioninversiones@protonmail.com\"><br \/>\n  <span class=\"s3\">belmioninversiones@protonmail.com<\/span><br \/>\n<\/a><\/span><\/p>\n<p class=\"p3\"><b>II. ALLGEMEINE GESCH\u00c4FTSBEDINGUNGEN<\/b><\/p>\n<p class=\"p4\">Die vorliegenden Bedingungen f\u00fcr den Online-Kauf regeln ausdr\u00fccklich die Beziehungen zwischen BELMION und den Verbrauchern, die die auf der Website angebotenen Dienstleistungen oder Produkte bestellen.<\/p>\n<p class=\"p4\">Diese Einkaufsbedingungen wurden in \u00dcbereinstimmung mit den Bestimmungen des spanischen Gesetzes 34\/2002 \u00fcber die Dienste der Informationsgesellschaft und den elektronischen Handel, dem Gesetz 7\/1998 \u00fcber allgemeine Vertragsbedingungen, dem K\u00f6niglichen Erlass 1906\/1999, der den telefonischen und elektronischen Vertragsabschluss mittels allgemeiner Gesch\u00e4ftsbedingungen regelt, wie in Artikel 5.3 des Gesetzes 7\/1998, das K\u00f6nigliche Gesetzesdekret 1\/2007 vom 16. November 2007 zur Genehmigung der konsolidierten Fassung des spanischen Allgemeinen Gesetzes zum Schutz von Verbrauchern und Nutzern und anderer erg\u00e4nzender Gesetze, das Gesetz 7\/1996 \u00fcber den Einzelhandel (ge\u00e4ndert durch die Schlussbestimmung 2.2 des Gesetzes 3\/2014 vom 27. M\u00e4rz 2014. Ref. BOE-A-2014-3329), das Gesetz 6\/2020 vom 11. November 2020, das bestimmte Aspekte vertraulicher elektronischer Dienstleistungen regelt und am 12. November im Staatsanzeiger ver\u00f6ffentlicht wurde, sowie alle anderen anwendbaren Rechtsvorschriften.<\/p>\n<p class=\"p4\">Bevor Sie Ihren Online-Einkauf t\u00e4tigen, denken Sie daran, dass Sie Ihre ausdr\u00fcckliche Zustimmung zur Verarbeitung Ihrer pers\u00f6nlichen Daten durch BELMION INVERSIONES SL geben m\u00fcssen, indem Sie das auf unserer Website bereitgestellte Formular ausf\u00fcllen.<\/p>\n<p class=\"p3\"><strong>VORVERTRAGLICHE INFORMATIONEN<\/strong><\/p>\n<p class=\"p4\">Die vorliegenden Bedingungen f\u00fcr den Online-Einkauf dienen der Regelung der allgemeinen Bedingungen f\u00fcr die Erbringung der von BELMION \u00fcber die Website <a href=\"http:\/\/thetenerifechannel.com\"><br \/>\n  <span class=\"s4\">thetenerifechannel.com<\/span><br \/>\n<\/a>. Die Dienstleistungen, die derzeit von BELMION erbracht werden und die Gegenstand des Vertrags mit den Verbrauchern sind, sind die Dienstleistungen im Zusammenhang mit dem Verkauf bestimmter Arten von Eintrittskarten f\u00fcr die verschiedenen Ausfl\u00fcge, die das Unternehmen anbietet.<\/p>\n<p class=\"p4\">Die von BELMION angebotenen Produkte und Dienstleistungen k\u00f6nnen von jedem Verbraucher erworben werden, der seinen Wohnsitz in Spanien oder in einem anderen Mitgliedstaat der Europ\u00e4ischen Union oder des Europ\u00e4ischen Wirtschaftsraums hat, sowie von Verbrauchern, die ihren Wohnsitz in einem Staat haben, der nicht Mitglied der Europ\u00e4ischen Union oder des Europ\u00e4ischen Wirtschaftsraums ist, auf den aber spanisches Recht Anwendung findet.<\/p>\n<p class=\"p4\">Der Verkaufsservice f\u00fcr BELMION-Tickets sowie f\u00fcr jedes andere Produkt, das \u00fcber unsere Websites angeboten wird, ist entgeltlich, und der Preis f\u00fcr jedes Produkt &#8211; einschlie\u00dflich Steuern &#8211; wird zu jedem Zeitpunkt auf der Website angezeigt.<\/p>\n<p class=\"p4\">Der Zugang zu den auf unseren Websites enthaltenen Informationen ist mit keinerlei Kosten verbunden.<\/p>\n<p class=\"p4\">Der Verbraucher nimmt zur Kenntnis, dass die auf unseren Websites enthaltenen Informationen, einschlie\u00dflich der allgemeinen Informationen \u00fcber den Katalog der Dienstleistungen sowie \u00fcber andere auf den Websites angebotene Produkte, und die Allgemeinen Bedingungen f\u00fcr den Online-Kauf und die Erf\u00fcllung des Vertrags ausreichen, um einen Irrtum bei der Zustimmung auszuschlie\u00dfen.<\/p>\n<p class=\"p3\"><strong>1.1. Verfahren<\/strong><\/p>\n<p class=\"p4\">Um die verschiedenen auf den Websites angebotenen Dienstleistungen in Anspruch nehmen zu k\u00f6nnen, muss der Verbraucher bei jedem Schritt des Kaufvorgangs alle auf dem Bildschirm angezeigten Hinweise und Anweisungen befolgen und zu diesem Zweck die in den Formularen auf den Websites geforderten Angaben machen, was die vorherige Lekt\u00fcre und Annahme aller darin enthaltenen Allgemeinen Bedingungen f\u00fcr den Online-Kauf voraussetzt; der Verbraucher erkennt hiermit an, dass er die vorgenannten Verfahren kennt und akzeptiert, die f\u00fcr den Zugang zu den auf der Website angebotenen Produkten und Dienstleistungen erforderlich sind.<\/p>\n<p class=\"p4\">Der Verbraucher schlie\u00dft den Kaufvorgang ab, nachdem er alle Phasen des Vorgangs abgeschlossen, die Bestellung elektronisch abgeschickt und die Zahlungsverpflichtung durch eine der verschiedenen verf\u00fcgbaren Methoden erf\u00fcllt hat, entweder per &#8220;Kreditkarte&#8221; oder \u00fcber das &#8220;Paypal&#8221;-System.<\/p>\n<p class=\"p4\">Die vorliegenden Allgemeinen Bedingungen f\u00fcr den Online-Kauf werden zum Zeitpunkt der ausdr\u00fccklichen Annahme durch den Verbraucher, die durch das Ausf\u00fcllen und Absenden der w\u00e4hrend des Kaufvorgangs eingegebenen Daten nachgewiesen wird, Bestandteil des Vertrags.<\/p>\n<p class=\"p4\">Die Nutzung der Dienstleistungen der Website setzt die uneingeschr\u00e4nkte Annahme aller Allgemeinen Nutzungsbedingungen der Websites sowie der Allgemeinen Bedingungen f\u00fcr den Online-Kauf und gegebenenfalls der Besonderen Kaufbedingungen voraus, die dem Verbraucher vor Abschluss des Kaufvorgangs zur Verf\u00fcgung gestellt werden und die den Erwerb der Tickets sowie aller anderen auf der Website angebotenen Produkte und Dienstleistungen regeln.<\/p>\n<p class=\"p3\"><strong>1.2. Dokumentation und Sprache<\/strong><\/p>\n<p class=\"p4\">Im Falle des Erwerbs von Produkten erh\u00e4lt der Verbraucher nach Abschluss des Kaufvorgangs per E-Mail eine vereinfachte Rechnung (Ticket oder Gutschein) f\u00fcr den get\u00e4tigten Kauf mit einem g\u00fcltigen Bar- oder QR-Code, der vor Ort gegen Eintrittskarten eingetauscht werden kann und\/oder Zugang zu der reservierten Aktivit\u00e4t gew\u00e4hrt.<\/p>\n<p class=\"p4\">Der Verbraucher kann sein Widerrufsrecht nicht aus\u00fcben, da in diesem Fall eine der gesetzlich anerkannten Ausnahmen gilt, die in Artikel 103 Buchstabe L des K\u00f6niglichen Gesetzesdekrets 1\/2007 vom 16. November 2007 zur Verabschiedung des konsolidierten Textes des spanischen Allgemeinen Gesetzes zum Schutz von Verbrauchern und Nutzern (TRLGDCU) und anderer erg\u00e4nzender Gesetze festgelegt sind. Der Artikel lautet w\u00f6rtlich: &#8220;Das Widerrufsrecht gilt nicht f\u00fcr Vertr\u00e4ge, die sich auf folgende Punkte beziehen: Erbringung von Beherbergungsleistungen zu anderen als Wohnzwecken, Bef\u00f6rderung von Waren, Vermietung von Fahrzeugen, Bewirtung oder Dienstleistungen im Zusammenhang mit Freizeitaktivit\u00e4ten, wenn der Vertrag ein bestimmtes Datum oder eine bestimmte Frist f\u00fcr die Erf\u00fcllung vorsieht.&#8221;<\/p>\n<p class=\"p4\">F\u00fcr alle Vorf\u00e4lle, Anspr\u00fcche oder die Aus\u00fcbung seiner Rechte kann der Verbraucher eine E-Mail an die folgende Adresse senden: <a href=\"mailto:belmioninversiones@protonmail.com\"><br \/>\n  <span class=\"s4\">belmioninversiones@protonmail.com<\/span><br \/>\n<\/a><\/p>\n<p class=\"p3\">Notfallpl\u00e4ne:<\/p>\n<p class=\"p7\"><span class=\"s5\">Berg Teide, Themenparks, Wal- und Delfinbeobachtung und alle anderen Aktivit\u00e4ten<\/span><\/p>\n<p class=\"p4\">Ist die Durchf\u00fchrung der Aktivit\u00e4t aufgrund ung\u00fcnstiger Witterungsbedingungen oder aus technischen Gr\u00fcnden nicht m\u00f6glich, so wird der volle Betrag erstattet.<\/p>\n<p class=\"p3\"><strong>ANNULLIERUNGEN<\/strong><\/p>\n<p class=\"p4\">F\u00fcr Antr\u00e4ge auf \u00c4nderung oder Stornierung von Buchungen f\u00fcr eine Aktivit\u00e4t, die mit der Schlie\u00dfung dieser Aktivit\u00e4t aufgrund der Witterungsbedingungen begr\u00fcndet wird, werden keine Geb\u00fchren erhoben. Wir werden versuchen, den Termin nach Verf\u00fcgbarkeit zu \u00e4ndern oder Ihr Ticket bis 18.00 Uhr am Tag vor dem reservierten Termin kostenlos zu stornieren. Nach Ablauf dieser Frist oder wenn die Reservierung nach 18.00 Uhr am Vortag erfolgt, k\u00f6nnen keine \u00c4nderungen oder Stornierungen mehr vorgenommen werden und es erfolgt keine R\u00fcckerstattung mehr.<\/p>\n<p class=\"p4\">F\u00fcr alle Aktivit\u00e4ten k\u00f6nnen Termin\u00e4nderungen oder Stornierungen je nach Verf\u00fcgbarkeit bis zu 24 Stunden vor der Aktivit\u00e4t kostenlos vorgenommen werden. Nach Ablauf dieser Frist werden 100 % des Betrags in Rechnung gestellt.<\/p>\n<p class=\"p3\">Die Verwendung von Werbecodes auf der Website<\/p>\n<p class=\"p4\">Die Verbraucher k\u00f6nnen zusammen mit ihrem Gutschein einen Aktionscode erhalten, den sie bei k\u00fcnftigen Eink\u00e4ufen auf dieser Website verwenden k\u00f6nnen.<\/p>\n<p class=\"p4\">Diese Promotion-Codes, die der Verbraucher zusammen mit seinem Gutschein f\u00fcr den Kauf einer Aktivit\u00e4t erh\u00e4lt, sind nur f\u00fcr den k\u00fcnftigen Kauf einer beliebigen Aktivit\u00e4t aus dem Katalog g\u00fcltig. Dazu geh\u00f6rt auch die Verwendung f\u00fcr die Buchung derselben Aktivit\u00e4t, f\u00fcr die der Aktionscode erhalten wurde, sofern die Aktivit\u00e4t nicht vom Verbraucher storniert wurde. Aktionscodes k\u00f6nnen nicht mit anderen Aktionen kombiniert werden und sind nur f\u00fcr den einmaligen Gebrauch g\u00fcltig.<\/p>\n<p class=\"p3\"><strong>1.4. \u00c4nderung der Allgemeinen Bedingungen f\u00fcr den Online-Einkauf<\/strong><\/p>\n<p class=\"p4\">BELMION beh\u00e4lt sich das Recht vor, jederzeit die vorliegenden Allgemeinen Online-Einkaufsbedingungen oder gegebenenfalls die geltenden Besonderen Einkaufsbedingungen sowie alle anderen allgemeinen oder besonderen Bedingungen, Nutzungsbestimmungen oder Hinweise zu \u00e4ndern, die gegebenenfalls gelten. Die Pflicht zur Benachrichtigung der Verbraucher gilt als erf\u00fcllt, wenn die auf den BELMION-Websites ver\u00f6ffentlichten Allgemeinen Gesch\u00e4ftsbedingungen ge\u00e4ndert werden.<\/p>\n<p class=\"p4\">In jedem Fall ist es immer m\u00f6glich, vor dem Kauf von Produkten oder Dienstleistungen die Allgemeinen Bedingungen f\u00fcr den Online-Kauf und gegebenenfalls die Besonderen Einkaufsbedingungen zu lesen, die gegebenenfalls gelten. Au\u00dferdem beh\u00e4lt sich das Unternehmen das Recht vor, jederzeit die Darstellung, die Einstellungen und den Standort der Website sowie die Inhalte und Nutzungsbedingungen zu \u00e4ndern.<\/p>\n<p class=\"p3\"><strong>SCHUTZ PERSONENBEZOGENER DATEN<\/strong><\/p>\n<p class=\"p4\">Die pers\u00f6nlichen Daten, die der Verbraucher auf der Website eingibt, und alle anderen Daten, die danach im Rahmen der Beziehung zu uns entstehen, werden in das von Belmion Inversiones SL gef\u00fchrte Verzeichnis der Verarbeitungst\u00e4tigkeiten aufgenommen. Die Daten werden zum Zweck der Entwicklung, Aufrechterhaltung und Kontrolle der Beziehung zwischen dem Verbraucher und uns verarbeitet, insbesondere zur Abwicklung des Kaufs von Eintrittskarten oder anderen Produkten sowie der Anfragen, die der Verbraucher an uns richten kann, und zur Aufrechterhaltung der Kommunikation, um unsere Dienstleistungen zu verbessern, sowie zu statistischen Zwecken.<\/p>\n<p class=\"p3\"><strong>GELTENDES RECHT. JURISDICTION<\/strong><\/p>\n<p class=\"p4\">Diese Allgemeinen Gesch\u00e4ftsbedingungen unterliegen dem spanischen Recht. Die Parteien k\u00f6nnen sich daf\u00fcr entscheiden, die Beilegung von Streitigkeiten den Gerichten des Wohnsitzes des Verbrauchers zu \u00fcberlassen, und verzichten damit ausdr\u00fccklich auf jede andere Zust\u00e4ndigkeit.<\/p>\n<\/div><\/div><\/div><\/div><\/div><\/div><\/section>\n","protected":false},"excerpt":{"rendered":"BEDINGUNGEN UND KONDITIONEN BEDINGUNGEN F\u00dcR DEN ONLINE-KAUF I. EIGENTUM AN DER WEBSITE BELMION INVERSIONES SL (nachstehend BELMION genannt), ein spanisches Unternehmen mit der Steuernummer B-67653071 ist der Eigent\u00fcmer der Website thetenerifechannel.com (nachstehend &#8220;die Website&#8221;). Kundenbetreuung: belmioninversiones@protonmail.com II. ALLGEMEINE GESCH\u00c4FTSBEDINGUNGEN Die vorliegenden Bedingungen f\u00fcr den Online-Kauf regeln ausdr\u00fccklich die Beziehungen zwischen BELMION und den Verbrauchern, die...","protected":false},"author":15,"featured_media":0,"parent":0,"menu_order":0,"comment_status":"closed","ping_status":"closed","template":"","meta":{"_acf_changed":false,"_joinchat":[],"footnotes":""},"class_list":["post-4853","page","type-page","status-publish","hentry"],"acf":[],"_links":{"self":[{"href":"https:\/\/thetenerifechannel.com\/de\/wp-json\/wp\/v2\/pages\/4853","targetHints":{"allow":["GET"]}}],"collection":[{"href":"https:\/\/thetenerifechannel.com\/de\/wp-json\/wp\/v2\/pages"}],"about":[{"href":"https:\/\/thetenerifechannel.com\/de\/wp-json\/wp\/v2\/types\/page"}],"author":[{"embeddable":true,"href":"https:\/\/thetenerifechannel.com\/de\/wp-json\/wp\/v2\/users\/15"}],"replies":[{"embeddable":true,"href":"https:\/\/thetenerifechannel.com\/de\/wp-json\/wp\/v2\/comments?post=4853"}],"version-history":[{"count":0,"href":"https:\/\/thetenerifechannel.com\/de\/wp-json\/wp\/v2\/pages\/4853\/revisions"}],"wp:attachment":[{"href":"https:\/\/thetenerifechannel.com\/de\/wp-json\/wp\/v2\/media?parent=4853"}],"curies":[{"name":"wp","href":"https:\/\/api.w.org\/{rel}","templated":true}]}}