{"id":4854,"date":"2023-08-01T14:54:55","date_gmt":"2023-08-01T14:54:55","guid":{"rendered":"https:\/\/thetenerifechannel.com\/kostenloser-lokaler-fuehrer\/"},"modified":"2026-04-13T14:56:57","modified_gmt":"2026-04-13T14:56:57","slug":"kostenloser-lokaler-fuehrer","status":"publish","type":"page","link":"https:\/\/thetenerifechannel.com\/de\/kostenloser-lokaler-fuehrer\/","title":{"rendered":"Kostenloser Reisef\u00fchrer"},"content":{"rendered":"<div class=\"w-html\"><p>Ich bin ein roher html-Block.<br>Klicken Sie auf die Schaltfl\u00e4che Bearbeiten, um diesen html-Block zu \u00e4ndern.<\/p><\/div><section class=\"l-section wpb_row us_custom_a61e2493 height_auto full_height valign_center with_shape\"><div class=\"l-section-shape type_custom pos_bottom\" style=\"height:45%;color:var(--color-content-bg-alt)\"><svg xmlns=\"http:\/\/www.w3.org\/2000\/svg\" viewBox=\"0 0 64 8\" preserveAspectRatio=\"none\" width=\"100%\" height=\"100%\">\r\n\t<path fill=\"currentColor\" d=\"M64 8 L0 8 L0 0 L64 0 Z\"\/>\r\n<\/svg><\/div><div class=\"l-section-h i-cf\"><div class=\"g-cols vc_row via_grid cols_1 laptops-cols_inherit tablets-cols_inherit mobiles-cols_1 valign_top type_default stacking_default\"><div class=\"wpb_column vc_column_container\"><div class=\"vc_column-inner\"><div class=\"g-cols wpb_row us_custom_0482f416 via_grid cols_2 laptops-cols_inherit tablets-cols_1 mobiles-cols_1 valign_middle type_default stacking_default\" style=\"--columns-gap:0rem;\"><div class=\"wpb_column vc_column_container\"><div class=\"vc_column-inner\"><h2 class=\"w-text\"><span class=\"w-text-h\"><span class=\"w-text-value\">IHR KOSTENLOSER REISEF\u00dcHRER!<\/span><\/span><\/h2><p class=\"w-text us_custom_b7b762a5\"><span class=\"w-text-h\"><span class=\"w-text-value\">Hallo und herzlich willkommen beim Teneriffa-Kanal. Ich bin Naomi und habe das Gl\u00fcck, diese wundersch\u00f6ne Insel mein Zuhause nennen zu d\u00fcrfen. <\/span><\/span><\/p><div class=\"w-text us_custom_c901145c\"><span class=\"w-text-h\"><span class=\"w-text-value\">Lassen Sie mich Ihr lokaler Reisef\u00fchrer f\u00fcr Teneriffa sein.<\/span><\/span><\/div><div class=\"w-text us_custom_b47fcc5d\"><span class=\"w-text-h\"><span class=\"w-text-value\">Ich habe diese kostenlose PDF-Datei erstellt, um den Prozess zu vereinfachen und Ihnen alle erforderlichen Informationen zur Verf\u00fcgung zu stellen.<\/span><\/span><\/div><div class=\"w-image us_custom_214cff5d hide_on_tablets hide_on_mobiles align_none\"><div class=\"w-image-h\"><img fetchpriority=\"high\" decoding=\"async\" width=\"749\" height=\"1024\" src=\"https:\/\/thetenerifechannel.com\/wp-content\/uploads\/2023\/10\/naomi-749x1024.jpeg\" class=\"attachment-large size-large\" alt=\"\" loading=\"eager\" srcset=\"https:\/\/thetenerifechannel.com\/wp-content\/uploads\/2023\/10\/naomi-749x1024.jpeg 749w, https:\/\/thetenerifechannel.com\/wp-content\/uploads\/2023\/10\/naomi-600x821.jpeg 600w, https:\/\/thetenerifechannel.com\/wp-content\/uploads\/2023\/10\/naomi-219x300.jpeg 219w, https:\/\/thetenerifechannel.com\/wp-content\/uploads\/2023\/10\/naomi.jpeg 936w\" sizes=\"(max-width: 749px) 100vw, 749px\" \/><\/div><\/div><\/div><\/div><div class=\"wpb_column vc_column_container us_custom_62ba3e1f\"><div class=\"vc_column-inner\"><div class=\"w-html\"><iframe\n    src=\"https:\/\/links.agilereviews.app\/widget\/form\/5n8hMYwhdezViCe9MMQ2\"\n    style=\"width:100%;height:100%;border:none;border-radius:10px\"\n    id=\"inline-5n8hMYwhdezViCe9MMQ2\" \n    data-layout=\"{'id':'INLINE'}\"\n    data-trigger-type=\"alwaysShow\"\n    data-trigger-value=\"\"\n    data-activation-type=\"alwaysActivated\"\n    data-activation-value=\"\"\n    data-deactivation-type=\"neverDeactivate\"\n    data-deactivation-value=\"\"\n    data-form-name=\"guide optin - German\"\n    data-height=\"undefined\"\n    data-layout-iframe-id=\"inline-5n8hMYwhdezViCe9MMQ2\"\n    data-form-id=\"5n8hMYwhdezViCe9MMQ2\"\n    title=\"guide optin - German\"\n        >\n<\/iframe>\n<script src=\"https:\/\/links.agilereviews.app\/js\/form_embed.js\"><\/script><\/div><\/div><\/div><\/div><\/div><\/div><\/div><\/div><\/section>\n","protected":false},"excerpt":{"rendered":"Ich bin ein roher html-Block.Klicken Sie auf die Schaltfl\u00e4che Bearbeiten, um diesen html-Block zu \u00e4ndern. IHR KOSTENLOSER REISEF\u00dcHRER!Hallo und herzlich willkommen beim Teneriffa-Kanal. Ich bin Naomi und habe das Gl\u00fcck, diese wundersch\u00f6ne Insel mein Zuhause nennen zu d\u00fcrfen. Lassen Sie mich Ihr lokaler Reisef\u00fchrer f\u00fcr Teneriffa sein.Ich habe diese kostenlose PDF-Datei erstellt, um den Prozess...","protected":false},"author":15,"featured_media":0,"parent":0,"menu_order":0,"comment_status":"closed","ping_status":"closed","template":"","meta":{"_acf_changed":false,"_joinchat":[],"footnotes":""},"class_list":["post-4854","page","type-page","status-publish","hentry"],"acf":[],"_links":{"self":[{"href":"https:\/\/thetenerifechannel.com\/de\/wp-json\/wp\/v2\/pages\/4854","targetHints":{"allow":["GET"]}}],"collection":[{"href":"https:\/\/thetenerifechannel.com\/de\/wp-json\/wp\/v2\/pages"}],"about":[{"href":"https:\/\/thetenerifechannel.com\/de\/wp-json\/wp\/v2\/types\/page"}],"author":[{"embeddable":true,"href":"https:\/\/thetenerifechannel.com\/de\/wp-json\/wp\/v2\/users\/15"}],"replies":[{"embeddable":true,"href":"https:\/\/thetenerifechannel.com\/de\/wp-json\/wp\/v2\/comments?post=4854"}],"version-history":[{"count":9,"href":"https:\/\/thetenerifechannel.com\/de\/wp-json\/wp\/v2\/pages\/4854\/revisions"}],"predecessor-version":[{"id":122065,"href":"https:\/\/thetenerifechannel.com\/de\/wp-json\/wp\/v2\/pages\/4854\/revisions\/122065"}],"wp:attachment":[{"href":"https:\/\/thetenerifechannel.com\/de\/wp-json\/wp\/v2\/media?parent=4854"}],"curies":[{"name":"wp","href":"https:\/\/api.w.org\/{rel}","templated":true}]}}