{"id":68404,"date":"2025-07-22T18:02:33","date_gmt":"2025-07-22T18:02:33","guid":{"rendered":"https:\/\/thetenerifechannel.com\/flughafen-transfers\/"},"modified":"2025-07-22T20:20:37","modified_gmt":"2025-07-22T20:20:37","slug":"flughafen-transfers","status":"publish","type":"page","link":"https:\/\/thetenerifechannel.com\/de\/flughafen-transfers\/","title":{"rendered":"Flughafen-Transfers"},"content":{"rendered":"<section class=\"l-section wpb_row us_custom_c70c97eb height_huge width_custom\" style=\"--site-content-width:1500px;\"><div class=\"l-section-h i-cf\"><div class=\"g-cols vc_row via_grid cols_2-1 laptops-cols_inherit tablets-cols_1 mobiles-cols_1 valign_middle type_default\"><div class=\"wpb_column vc_column_container\"><div class=\"vc_column-inner\"><h1 class=\"w-text us_custom_f348dc7e\"><span class=\"w-text-h\"><span class=\"w-text-value\">Flughafentransfers &amp; Shuttle-Dienste auf Teneriffa<\/span><\/span><\/h1><div class=\"w-separator size_medium\"><\/div><div class=\"w-text\"><span class=\"w-text-h\"><span class=\"w-text-value\">Sorgen Sie f\u00fcr eine reibungslose Ankunft auf Teneriffa mit unseren zuverl\u00e4ssigen Flughafentransfer- und Shuttleservice-Optionen.<\/span><\/span><\/div><div class=\"w-text\"><span class=\"w-text-h\"><span class=\"w-text-value\">Buchen Sie Ihren Transfer ganz einfach \u00fcber unseren vertrauensw\u00fcrdigen Partner und genie\u00dfen Sie ihn:<\/span><\/span><\/div><div class=\"w-separator size_small\"><\/div><div class=\"w-hwrapper us_custom_7b59516b valign_baseline wrap align_none\" style=\"--hwrapper-gap:1rem\"><div class=\"w-text us_custom_d7ac7758 has_text_color\"><span class=\"w-text-h\"><span class=\"w-text-value\">\ud83d\ude90 Private Transfers<\/span><\/span><\/div><div class=\"w-text\"><span class=\"w-text-h\"><span class=\"w-text-value\">Ideal f\u00fcr Paare, Familien oder Gruppen, die Komfort und Privatsph\u00e4re w\u00fcnschen<\/span><\/span><\/div><\/div><div class=\"w-separator size_custom\" style=\"height:1rem\"><\/div><div class=\"w-hwrapper us_custom_7b59516b valign_baseline wrap align_none\" style=\"--hwrapper-gap:1rem\"><div class=\"w-text us_custom_4c093b37 has_text_color\"><span class=\"w-text-h\"><span class=\"w-text-value\">\ud83d\ude8c Gemeinsame Shuttle-Dienste<\/span><\/span><\/div><div class=\"w-text\"><span class=\"w-text-h\"><span class=\"w-text-value\">Eine budgetfreundliche Art, an Ihr Ziel zu gelangen<\/span><\/span><\/div><\/div><div class=\"w-separator size_custom\" style=\"height:1rem\"><\/div><div class=\"w-hwrapper us_custom_7b59516b valign_baseline wrap align_none\" style=\"--hwrapper-gap:1rem\"><div class=\"w-text us_custom_4c093b37 has_text_color\"><span class=\"w-text-h\"><span class=\"w-text-value\">\ud83d\ude97 Premium &amp; VIP Optionen<\/span><\/span><\/div><div class=\"w-text\"><span class=\"w-text-h\"><span class=\"w-text-value\">Reisen Sie stilvoll mit High-End-Fahrzeugen<\/span><\/span><\/div><\/div><div class=\"w-separator size_small\"><\/div><div class=\"w-text\"><span class=\"w-text-h\"><span class=\"w-text-value\">\ud83e\uddd2 Kindersitze, gro\u00dfes Gep\u00e4ck und Sonderw\u00fcnsche auf Anfrage<\/span><\/span><\/div><div class=\"w-separator size_medium\"><\/div><div class=\"w-text\"><span class=\"w-text-h\"><span class=\"w-text-value\">Die Buchung ist schnell, sicher und wird direkt \u00fcber unsere Partnerplattform abgewickelt. W\u00e4hlen Sie einfach Ihren Flughafen aus, geben Sie Ihr Ziel ein, und schon sind Sie fertig.<\/span><\/span><\/div><div class=\"w-separator size_medium\"><\/div><div class=\"w-btn-wrapper align_none\"><a class=\"w-btn us-btn-style_1\" href=\"https:\/\/www.shuttlespaintransfers.com\/de\/flughafentransfer-teneriffa\/partner\/the-tenerife-channel\" target=\"_blank\" rel=\"noopener\"><span class=\"w-btn-label\">Klicken Sie hier, um Ihren Transfer zu buchen<\/span><\/a><\/div><div class=\"w-hwrapper us_custom_7b59516b valign_baseline wrap align_none\" style=\"--hwrapper-gap:1rem\"><\/div><\/div><\/div><div class=\"wpb_column vc_column_container\"><div class=\"vc_column-inner\"><div class=\"w-image us_custom_be776f20 style_shadow-2 has_ratio align_none\"><div class=\"w-image-h\"><div style=\"padding-bottom:100%\"><\/div><div class=\"w-image-shadow\" style=\"background-image:url(https:\/\/thetenerifechannel.com\/wp-content\/uploads\/2025\/07\/Tenerife-airport-transfers-1.jpg);\"><\/div><img decoding=\"async\" width=\"600\" height=\"400\" src=\"https:\/\/thetenerifechannel.com\/wp-content\/uploads\/2025\/07\/Tenerife-airport-transfers-1.jpg\" class=\"attachment-large size-large\" alt=\"\" loading=\"lazy\" \/><\/div><\/div><\/div><\/div><\/div><\/div><\/section>\n","protected":false},"excerpt":{"rendered":"Flughafentransfers &amp; Shuttle-Dienste auf TeneriffaSorgen Sie f\u00fcr eine reibungslose Ankunft auf Teneriffa mit unseren zuverl\u00e4ssigen Flughafentransfer- und Shuttleservice-Optionen.Buchen Sie Ihren Transfer ganz einfach \u00fcber unseren vertrauensw\u00fcrdigen Partner und genie\u00dfen Sie ihn:\ud83d\ude90 Private TransfersIdeal f\u00fcr Paare, Familien oder Gruppen, die Komfort und Privatsph\u00e4re w\u00fcnschen\ud83d\ude8c Gemeinsame Shuttle-DiensteEine budgetfreundliche Art, an Ihr Ziel zu gelangen\ud83d\ude97 Premium &amp; VIP...","protected":false},"author":14,"featured_media":0,"parent":0,"menu_order":0,"comment_status":"closed","ping_status":"closed","template":"","meta":{"_acf_changed":false,"_joinchat":[],"footnotes":""},"class_list":["post-68404","page","type-page","status-publish","hentry"],"acf":[],"_links":{"self":[{"href":"https:\/\/thetenerifechannel.com\/de\/wp-json\/wp\/v2\/pages\/68404","targetHints":{"allow":["GET"]}}],"collection":[{"href":"https:\/\/thetenerifechannel.com\/de\/wp-json\/wp\/v2\/pages"}],"about":[{"href":"https:\/\/thetenerifechannel.com\/de\/wp-json\/wp\/v2\/types\/page"}],"author":[{"embeddable":true,"href":"https:\/\/thetenerifechannel.com\/de\/wp-json\/wp\/v2\/users\/14"}],"replies":[{"embeddable":true,"href":"https:\/\/thetenerifechannel.com\/de\/wp-json\/wp\/v2\/comments?post=68404"}],"version-history":[{"count":0,"href":"https:\/\/thetenerifechannel.com\/de\/wp-json\/wp\/v2\/pages\/68404\/revisions"}],"wp:attachment":[{"href":"https:\/\/thetenerifechannel.com\/de\/wp-json\/wp\/v2\/media?parent=68404"}],"curies":[{"name":"wp","href":"https:\/\/api.w.org\/{rel}","templated":true}]}}