{"id":9227,"date":"2024-06-19T08:16:27","date_gmt":"2024-06-19T08:16:27","guid":{"rendered":"https:\/\/thetenerifechannel.com\/autovermietung-teneriffa\/"},"modified":"2025-07-22T20:24:21","modified_gmt":"2025-07-22T20:24:21","slug":"autovermietung-teneriffa","status":"publish","type":"page","link":"https:\/\/thetenerifechannel.com\/de\/autovermietung-teneriffa\/","title":{"rendered":"Autovermietung Teneriffa"},"content":{"rendered":"<section class=\"l-section wpb_row us_custom_b75650c0 .vertical_center height_huge full_height valign_center width_full\"><div class=\"l-section-h i-cf\"><div class=\"g-cols vc_row via_grid cols_1 laptops-cols_inherit tablets-cols_inherit mobiles-cols_1 valign_middle type_default stacking_default\"><div class=\"wpb_column vc_column_container\"><div class=\"vc_column-inner\"><div class=\"w-btn-wrapper align_center\"><a class=\"w-btn us-btn-style_1\" target=\"_blank\" title=\"Portfolio\" href=\"https:\/\/sanasty.com\/\" rel=\"noopener\"><span class=\"w-btn-label\">Buchen Sie jetzt Ihren Mietwagen<\/span><\/a><\/div><\/div><\/div><\/div><\/div><\/section><section class=\"l-section wpb_row us_custom_8cceadb7 height_auto\" id=\"third\"><div class=\"l-section-h i-cf\"><div class=\"g-cols vc_row via_grid cols_1 laptops-cols_inherit tablets-cols_inherit mobiles-cols_1 valign_top type_default stacking_default\"><div class=\"wpb_column vc_column_container\"><div class=\"vc_column-inner\"><div class=\"w-separator size_small\"><\/div><h2 class=\"w-text us_custom_edfcb414\"><span class=\"w-text-h\"><span class=\"w-text-value\">Warum wir eine Partnerschaft mit Sanasty Car Rental eingegangen sind<\/span><\/span><\/h2><div class=\"w-separator size_large\"><\/div><div class=\"g-cols wpb_row us_custom_5c83da34 via_grid cols_2 laptops-cols_inherit tablets-cols_inherit mobiles-cols_1 valign_top type_default stacking_default\" style=\"--columns-gap:2rem;\"><div class=\"wpb_column vc_column_container\"><div class=\"vc_column-inner\"><div class=\"w-iconbox iconpos_left style_default color_primary align_left no_text\"><div class=\"w-iconbox-icon\" style=\"font-size:2rem;\"><i class=\"far fa-thumbs-up\"><\/i><\/div><div class=\"w-iconbox-meta\"><h3 class=\"w-iconbox-title\" style=\"font-size:1.5rem;\">Keine zus\u00e4tzlichen Geb\u00fchren, keine versteckten Kosten<\/h3><\/div><\/div><\/div><\/div><div class=\"wpb_column vc_column_container\"><div class=\"vc_column-inner\"><div class=\"w-iconbox iconpos_left style_default color_primary align_left no_text\"><div class=\"w-iconbox-icon\" style=\"font-size:2rem;\"><i class=\"far fa-thumbs-up\"><\/i><\/div><div class=\"w-iconbox-meta\"><h3 class=\"w-iconbox-title\" style=\"font-size:1.5rem;\">Keine Kreditkarte erforderlich<\/h3><\/div><\/div><\/div><\/div><div class=\"wpb_column vc_column_container\"><div class=\"vc_column-inner\"><div class=\"w-iconbox iconpos_left style_default color_primary align_left no_text\"><div class=\"w-iconbox-icon\" style=\"font-size:2rem;\"><i class=\"far fa-thumbs-up\"><\/i><\/div><div class=\"w-iconbox-meta\"><h3 class=\"w-iconbox-title\" style=\"font-size:1.5rem;\">Unbegrenzte Kilometerzahl<\/h3><\/div><\/div><\/div><\/div><div class=\"wpb_column vc_column_container\"><div class=\"vc_column-inner\"><div class=\"w-iconbox iconpos_left style_default color_primary align_left no_text\"><div class=\"w-iconbox-icon\" style=\"font-size:2rem;\"><i class=\"far fa-thumbs-up\"><\/i><\/div><div class=\"w-iconbox-meta\"><h3 class=\"w-iconbox-title\" style=\"font-size:1.5rem;\">Abholung\/Ablieferung am Flughafen Teneriffa S\u00fcd<\/h3><\/div><\/div><\/div><\/div><div class=\"wpb_column vc_column_container\"><div class=\"vc_column-inner\"><div class=\"w-iconbox iconpos_left style_default color_primary align_left no_text\"><div class=\"w-iconbox-icon\" style=\"font-size:2rem;\"><i class=\"far fa-thumbs-up\"><\/i><\/div><div class=\"w-iconbox-meta\"><h3 class=\"w-iconbox-title\" style=\"font-size:1.5rem;\">Vollkasko-Versicherung<\/h3><\/div><\/div><\/div><\/div><div class=\"wpb_column vc_column_container\"><div class=\"vc_column-inner\"><div class=\"w-iconbox iconpos_left style_default color_primary align_left no_text\"><div class=\"w-iconbox-icon\" style=\"font-size:2rem;\"><i class=\"far fa-thumbs-up\"><\/i><\/div><div class=\"w-iconbox-meta\"><h3 class=\"w-iconbox-title\" style=\"font-size:1.5rem;\">Hotel Lieferung und R\u00fcckgabe im S\u00fcden<\/h3><\/div><\/div><\/div><\/div><div class=\"wpb_column vc_column_container\"><div class=\"vc_column-inner\"><div class=\"w-iconbox iconpos_left style_default color_primary align_left no_text\"><div class=\"w-iconbox-icon\" style=\"font-size:2rem;\"><i class=\"far fa-thumbs-up\"><\/i><\/div><div class=\"w-iconbox-meta\"><h3 class=\"w-iconbox-title\" style=\"font-size:1.5rem;\">Steuern im Preis inbegriffen<\/h3><\/div><\/div><\/div><\/div><div class=\"wpb_column vc_column_container\"><div class=\"vc_column-inner\"><div class=\"w-iconbox iconpos_left style_default color_primary align_left no_text\"><div class=\"w-iconbox-icon\" style=\"font-size:2rem;\"><i class=\"far fa-thumbs-up\"><\/i><\/div><div class=\"w-iconbox-meta\"><h3 class=\"w-iconbox-title\" style=\"font-size:1.5rem;\">Englischsprachiges Unternehmen<\/h3><\/div><\/div><\/div><\/div><\/div><\/div><\/div><\/div><\/div><\/section><section class=\"l-section wpb_row height_huge\"><div class=\"l-section-h i-cf\"><div class=\"g-cols vc_row via_grid cols_1 laptops-cols_inherit tablets-cols_inherit mobiles-cols_1 valign_top type_default stacking_default\"><div class=\"wpb_column vc_column_container\"><div class=\"vc_column-inner\"><h2 class=\"w-text us_custom_edfcb414\"><span class=\"w-text-h\"><span class=\"w-text-value\">Auto mieten auf Teneriffa<\/span><\/span><\/h2><div class=\"w-tabs style_default switch_click accordion has_scrolling\" style=\"--sections-title-size:inherit\"><div class=\"w-tabs-sections titles-align_none icon_chevron cpos_right\"><div class=\"w-tabs-section\" id=\"d148\" itemscope itemprop=\"mainEntity\" itemtype=\"https:\/\/schema.org\/Question\"><button class=\"w-tabs-section-header\" aria-controls=\"content-d148\" aria-expanded=\"false\"><h3 class=\"w-tabs-section-title\" itemprop=\"name\">Wie viel kostet es durchschnittlich, auf Teneriffa ein Auto zu mieten?<\/h3><div class=\"w-tabs-section-control\"><\/div><\/button><div  class=\"w-tabs-section-content\" id=\"content-d148\" itemscope itemprop=\"acceptedAnswer\" itemtype=\"https:\/\/schema.org\/Answer\"><div class=\"w-tabs-section-content-h i-cf\" itemprop=\"text\"><div class=\"wpb_text_column\"><div class=\"wpb_wrapper\"><p>Die <strong>durchschnittlichen Kosten f\u00fcr eine Autovermietung in Teneriffa betragen \u00a3122 pro Tag<\/strong>, aber die Preise k\u00f6nnen je nach <strong>Saison, Fahrzeugtyp und Mietdauer<\/strong> variieren. Vielleicht finden Sie <strong>g\u00fcnstigere Angebote, wenn Sie im Voraus buchen<\/strong> oder sich f\u00fcr eine <strong>l\u00e4ngere Mietdauer<\/strong> entscheiden. Au\u00dferdem sind <strong>Kleinwagen<\/strong> in der Regel erschwinglicher, w\u00e4hrend <strong>Luxuswagen oder SUVs<\/strong> teurer sein k\u00f6nnen.  <\/p>\n<\/div><\/div><\/div><\/div><\/div><div class=\"w-tabs-section\" id=\"e36a\" itemscope itemprop=\"mainEntity\" itemtype=\"https:\/\/schema.org\/Question\"><button class=\"w-tabs-section-header\" aria-controls=\"content-e36a\" aria-expanded=\"false\"><h3 class=\"w-tabs-section-title\" itemprop=\"name\">Welches ist das beliebteste Mietauto-Modell auf Teneriffa?<\/h3><div class=\"w-tabs-section-control\"><\/div><\/button><div  class=\"w-tabs-section-content\" id=\"content-e36a\" itemscope itemprop=\"acceptedAnswer\" itemtype=\"https:\/\/schema.org\/Answer\"><div class=\"w-tabs-section-content-h i-cf\" itemprop=\"text\"><div class=\"wpb_text_column\"><div class=\"wpb_wrapper\"><p>Der <strong>beliebteste Mietwagentyp auf Teneriffa ist der Kompaktwagen<\/strong>, und es ist leicht zu erkennen, warum! Kompaktwagen sind <strong>erschwinglich, sparsam und perfekt f\u00fcr die kurvenreichen Stra\u00dfen Teneriffas und die belebten Stra\u00dfen der Stadt<\/strong>. Sie machen auch das Parken in beliebten Touristenorten wie <strong>Costa Adeje oder Santa Cruz<\/strong> viel einfacher. <\/p>\n<p>Ganz gleich, ob Sie den <strong>Teide, die Str\u00e4nde von Los Cristianos oder das Anaga-Gebirge<\/strong> erkunden m\u00f6chten, ein Kleinwagen bietet die ideale Kombination aus <strong>Komfort, Wirtschaftlichkeit und Bequemlichkeit<\/strong>. Buchen Sie fr\u00fchzeitig, um sich die besten Angebote zu sichern! <\/p>\n<\/div><\/div><\/div><\/div><\/div><div class=\"w-tabs-section\" id=\"w603\" itemscope itemprop=\"mainEntity\" itemtype=\"https:\/\/schema.org\/Question\"><button class=\"w-tabs-section-header\" aria-controls=\"content-w603\" aria-expanded=\"false\"><h3 class=\"w-tabs-section-title\" itemprop=\"name\">Was sollte ich beachten, wenn ich auf Teneriffa ein Auto miete?<\/h3><div class=\"w-tabs-section-control\"><\/div><\/button><div  class=\"w-tabs-section-content\" id=\"content-w603\" itemscope itemprop=\"acceptedAnswer\" itemtype=\"https:\/\/schema.org\/Answer\"><div class=\"w-tabs-section-content-h i-cf\" itemprop=\"text\"><div class=\"wpb_text_column\"><div class=\"wpb_wrapper\"><p>Wenn Sie auf Teneriffa ein Auto mieten m\u00f6chten, ist <strong>Sanasty<\/strong> ein <strong>zuverl\u00e4ssiger und erschwinglicher<\/strong> lokaler Autovermieter. Im Gegensatz zu den gro\u00dfen internationalen Marken <strong>bietet Sanasty transparente Preise ohne versteckte Geb\u00fchren<\/strong>, so dass Sie das <strong>beste Angebot<\/strong> ohne \u00dcberraschungen erhalten. <\/p>\n<p>Eine Buchung bei <strong>Sanasty<\/strong> bedeutet auch <strong>pers\u00f6nlichen Service, unbegrenzte Kilometerzahl<\/strong> und <strong>auf Ihre Bed\u00fcrfnisse zugeschnittene Versicherungsoptionen<\/strong>. <strong>Reservieren<\/strong> Sie <strong>noch heute Ihr Auto bei Sanasty<\/strong>, um eine problemlose und budgetfreundliche Erfahrung zu machen <strong>!<\/strong> <\/p>\n<\/div><\/div><\/div><\/div><\/div><div class=\"w-tabs-section\" id=\"w85e\" itemscope itemprop=\"mainEntity\" itemtype=\"https:\/\/schema.org\/Question\"><button class=\"w-tabs-section-header\" aria-controls=\"content-w85e\" aria-expanded=\"false\"><h3 class=\"w-tabs-section-title\" itemprop=\"name\">Was sind die wichtigsten Tipps f\u00fcr die Anmietung eines Autos auf Teneriffa mit Sanasty?<\/h3><div class=\"w-tabs-section-control\"><\/div><\/button><div  class=\"w-tabs-section-content\" id=\"content-w85e\" itemscope itemprop=\"acceptedAnswer\" itemtype=\"https:\/\/schema.org\/Answer\"><div class=\"w-tabs-section-content-h i-cf\" itemprop=\"text\"><div class=\"wpb_text_column\"><div class=\"wpb_wrapper\"><p><strong>Sie suchen eine unkomplizierte Autovermietung auf Teneriffa?<\/strong> Hier finden Sie einige Tipps, wie Sie mit <strong>Sanasty<\/strong>, einem vertrauensw\u00fcrdigen lokalen Anbieter mit <strong>transparenten Preisen, unbegrenzten Kilometern und pers\u00f6nlichem Service<\/strong>, das Beste aus Ihrer Erfahrung machen k\u00f6nnen.<\/p>\n<ul>\n<li>Sie wollen den <a href=\"https:\/\/thetenerifechannel.com\/de\/produkt-kategorie\/teide-teneriffa\/\">Berg Teide<\/a> oder Anaga erkunden? Nehmen Sie einen <strong>Gel\u00e4ndewagen<\/strong>. Bleiben Sie in K\u00fcstenn\u00e4he?. Ein <strong>Kleinwagen<\/strong> ist perfekt, weil er leicht zu parken und sparsam ist.<\/li>\n<li>Teneriffa ist ein beliebtes Reiseziel, und Mietwagen sind schnell weg! <strong>Sichern Sie sich Ihre Buchung im Voraus<\/strong>, um sich Ihr Wunschfahrzeug zum besten Preis zu sichern.<\/li>\n<\/ul>\n<\/div><\/div><\/div><\/div><\/div><\/div><\/div><\/div><\/div><\/div><\/div><\/section><section class=\"l-section wpb_row hide_on_default hide_on_laptops hide_on_tablets hide_on_mobiles height_huge\"><div class=\"l-section-h i-cf\"><div class=\"g-cols vc_row via_grid cols_1 laptops-cols_inherit tablets-cols_inherit mobiles-cols_1 valign_top type_default stacking_default\"><div class=\"wpb_column vc_column_container\"><div class=\"vc_column-inner\"><div class=\"wpb_text_column\"><div class=\"wpb_wrapper\"><h3>Wie viel kostet es durchschnittlich, auf Teneriffa ein Auto zu mieten?<\/h3>\n<\/div><\/div><div class=\"wpb_text_column\"><div class=\"wpb_wrapper\"><p style=\"text-align: left;\">Die <strong>durchschnittlichen Kosten f\u00fcr eine Autovermietung in Teneriffa betragen \u00a3122 pro Tag<\/strong>, aber die Preise k\u00f6nnen je nach <strong>Saison, Fahrzeugtyp und Mietdauer<\/strong> variieren. Vielleicht finden Sie <strong>g\u00fcnstigere Angebote, wenn Sie im Voraus buchen<\/strong> oder sich f\u00fcr eine <strong>l\u00e4ngere Mietdauer<\/strong> entscheiden. Au\u00dferdem sind <strong>Kleinwagen<\/strong> in der Regel erschwinglicher, w\u00e4hrend <strong>Luxuswagen oder SUVs<\/strong> teurer sein k\u00f6nnen.  <\/p>\n<\/div><\/div><div class=\"w-separator size_medium\"><\/div><div class=\"wpb_text_column\"><div class=\"wpb_wrapper\"><h3>Welches ist das beliebteste Mietauto-Modell auf Teneriffa?<\/h3>\n<\/div><\/div><div class=\"wpb_text_column\"><div class=\"wpb_wrapper\"><p>Der <strong>beliebteste Mietwagentyp auf Teneriffa ist der Kompaktwagen<\/strong>, und es ist leicht zu erkennen, warum! Kompaktwagen sind <strong>erschwinglich, sparsam und perfekt f\u00fcr die kurvenreichen Stra\u00dfen Teneriffas und die belebten Stra\u00dfen der Stadt<\/strong>. Sie machen auch das Parken in beliebten Touristenorten wie <strong>Costa Adeje oder Santa Cruz<\/strong> viel einfacher. <\/p>\n<p>Ganz gleich, ob Sie den <strong>Teide, die Str\u00e4nde von Los Cristianos oder das Anaga-Gebirge<\/strong> erkunden m\u00f6chten, ein Kleinwagen bietet die ideale Kombination aus <strong>Komfort, Wirtschaftlichkeit und Bequemlichkeit<\/strong>. Buchen Sie fr\u00fchzeitig, um sich die besten Angebote zu sichern! <\/p>\n<\/div><\/div><div class=\"w-separator size_medium\"><\/div><div class=\"wpb_text_column\"><div class=\"wpb_wrapper\"><h3>Was sollte ich beachten, wenn ich auf Teneriffa ein Auto miete?<\/h3>\n<\/div><\/div><div class=\"wpb_text_column\"><div class=\"wpb_wrapper\"><p>Wenn Sie auf Teneriffa ein Auto mieten m\u00f6chten, ist <strong>Sanasty<\/strong> ein <strong>zuverl\u00e4ssiger und erschwinglicher<\/strong> lokaler Autovermieter. Im Gegensatz zu den gro\u00dfen internationalen Marken <strong>bietet Sanasty transparente Preise ohne versteckte Geb\u00fchren<\/strong>, so dass Sie das <strong>beste Angebot<\/strong> ohne \u00dcberraschungen erhalten. <\/p>\n<p>Eine Buchung bei <strong>Sanasty<\/strong> bedeutet auch <strong>pers\u00f6nlichen Service, unbegrenzte Kilometerzahl<\/strong> und <strong>auf Ihre Bed\u00fcrfnisse zugeschnittene Versicherungsoptionen<\/strong>. <strong>Reservieren<\/strong> Sie <strong>noch heute Ihr Auto bei Sanasty<\/strong>, um eine stressfreie und budgetfreundliche Erfahrung zu machen <strong>!<\/strong> <\/p>\n<\/div><\/div><div class=\"w-separator size_medium\"><\/div><div class=\"wpb_text_column\"><div class=\"wpb_wrapper\"><h3>Was sind die wichtigsten Tipps f\u00fcr die Anmietung eines Autos auf Teneriffa mit Sanasty?<\/h3>\n<\/div><\/div><div class=\"wpb_text_column\"><div class=\"wpb_wrapper\"><p><strong>Sie suchen eine unkomplizierte Autovermietung auf Teneriffa?<\/strong> Hier finden Sie einige Tipps, wie Sie mit <strong>Sanasty<\/strong>, einem vertrauensw\u00fcrdigen lokalen Anbieter mit <strong>transparenten Preisen, unbegrenzten Kilometern und pers\u00f6nlichem Service<\/strong>, das Beste aus Ihrer Erfahrung machen k\u00f6nnen.<\/p>\n<ul>\n<li>Sie wollen den <a href=\"https:\/\/thetenerifechannel.com\/de\/produkt-kategorie\/teide-teneriffa\/\">Berg Teide<\/a> oder Anaga erkunden? Nehmen Sie einen <strong>Gel\u00e4ndewagen<\/strong>. Bleiben Sie in K\u00fcstenn\u00e4he?. Ein <strong>Kleinwagen<\/strong> ist perfekt, weil er leicht zu parken und sparsam ist.<\/li>\n<li>Teneriffa ist ein beliebtes Reiseziel, und Mietwagen sind schnell weg! <strong>Sichern Sie sich Ihre Buchung im Voraus<\/strong>, um sich Ihr Wunschfahrzeug zum besten Preis zu sichern.<\/li>\n<\/ul>\n<\/div><\/div><\/div><\/div><\/div><\/div><\/section>\n","protected":false},"excerpt":{"rendered":"Buchen Sie jetzt Ihren MietwagenWarum wir eine Partnerschaft mit Sanasty Car Rental eingegangen sindKeine zus\u00e4tzlichen Geb\u00fchren, keine versteckten KostenKeine Kreditkarte erforderlichUnbegrenzte KilometerzahlAbholung\/Ablieferung am Flughafen Teneriffa S\u00fcdVollkasko-VersicherungHotel Lieferung und R\u00fcckgabe im S\u00fcdenSteuern im Preis inbegriffenEnglischsprachiges UnternehmenAuto mieten auf TeneriffaWie viel kostet es durchschnittlich, auf Teneriffa ein Auto zu mieten?Die durchschnittlichen Kosten f\u00fcr eine Autovermietung in Teneriffa...","protected":false},"author":14,"featured_media":0,"parent":0,"menu_order":0,"comment_status":"closed","ping_status":"closed","template":"","meta":{"_acf_changed":false,"_joinchat":[],"footnotes":""},"class_list":["post-9227","page","type-page","status-publish","hentry"],"acf":[],"_links":{"self":[{"href":"https:\/\/thetenerifechannel.com\/de\/wp-json\/wp\/v2\/pages\/9227","targetHints":{"allow":["GET"]}}],"collection":[{"href":"https:\/\/thetenerifechannel.com\/de\/wp-json\/wp\/v2\/pages"}],"about":[{"href":"https:\/\/thetenerifechannel.com\/de\/wp-json\/wp\/v2\/types\/page"}],"author":[{"embeddable":true,"href":"https:\/\/thetenerifechannel.com\/de\/wp-json\/wp\/v2\/users\/14"}],"replies":[{"embeddable":true,"href":"https:\/\/thetenerifechannel.com\/de\/wp-json\/wp\/v2\/comments?post=9227"}],"version-history":[{"count":0,"href":"https:\/\/thetenerifechannel.com\/de\/wp-json\/wp\/v2\/pages\/9227\/revisions"}],"wp:attachment":[{"href":"https:\/\/thetenerifechannel.com\/de\/wp-json\/wp\/v2\/media?parent=9227"}],"curies":[{"name":"wp","href":"https:\/\/api.w.org\/{rel}","templated":true}]}}