{"id":10053,"date":"2024-07-25T15:53:00","date_gmt":"2024-07-25T15:53:00","guid":{"rendered":"https:\/\/thetenerifechannel.com\/excursions\/unkategorisiert\/shogun-5-stunden\/"},"modified":"2026-03-09T13:56:48","modified_gmt":"2026-03-09T13:56:48","slug":"shogun-5-stunden","status":"publish","type":"product","link":"https:\/\/thetenerifechannel.com\/de\/excursions\/shogun-5-stunden\/","title":{"rendered":"Shogun &#8211; 5 Stunden"},"content":{"rendered":"<p class=\"whitespace-pre-wrap break-words\"><span>Erleben Sie die Erfahrung an Bord eines <\/span>authentischen orientalischen Segelbootes, das komplett aus Teakholz gebaut ist<span> und von einem arabischen Scheich privat genutzt wird.<br \/>\n<\/span><span>Shogun verf\u00fcgt \u00fcber 2 Ebenen, 3 Services (einer davon ist behindertengerecht), eine offene Bar, einen gro\u00dfen zentralen Tisch, an dem Ihre Mahlzeit serviert wird.<\/span><\/p>\n<p class=\"whitespace-pre-wrap break-words\">Auf diesem 5-st\u00fcndigen Ausflug sehen Sie Pilotwale und Gro\u00dfe T\u00fcmmler in ihrem nat\u00fcrlichen Lebensraum. Nach dieser erstaunlichen Begegnung mit der Tierwelt ankern wir in der Masca-Bucht in der N\u00e4he der atemberaubenden Los Gigantes-Klippen. Hier k\u00f6nnen Sie ein erfrischendes Bad nehmen und ein leckeres Mittagessen genie\u00dfen.  <\/p>\n","protected":false},"excerpt":{"rendered":"<p><span>Erleben Sie die 5-st\u00fcndige Walbeobachtung an Bord eines <\/span>authentischen orientalischen Segelbootes.<br \/>\nGenie\u00dfen Sie einen Badestopp und ein k\u00f6stliches Mittagessen und besuchen Sie die wundersch\u00f6nen Klippen von Los Gigantes und Masca.<\/p>\n","protected":false},"featured_media":10021,"template":"","meta":{"_acf_changed":false,"_joinchat":[]},"product_brand":[],"product_cat":[150],"product_tag":[],"class_list":{"0":"post-10053","1":"product","2":"type-product","3":"status-publish","4":"has-post-thumbnail","6":"product_cat-walbeobachtung-teneriffa","7":"pa_depart-from-norden-der-insel","8":"pa_depart-from-sueden-der-insel","10":"first","11":"instock","12":"virtual","13":"sold-individually","14":"purchasable","15":"product-type-booking"},"acf":[],"_links":{"self":[{"href":"https:\/\/thetenerifechannel.com\/de\/wp-json\/wp\/v2\/product\/10053","targetHints":{"allow":["GET"]}}],"collection":[{"href":"https:\/\/thetenerifechannel.com\/de\/wp-json\/wp\/v2\/product"}],"about":[{"href":"https:\/\/thetenerifechannel.com\/de\/wp-json\/wp\/v2\/types\/product"}],"wp:featuredmedia":[{"embeddable":true,"href":"https:\/\/thetenerifechannel.com\/de\/wp-json\/wp\/v2\/media\/10021"}],"wp:attachment":[{"href":"https:\/\/thetenerifechannel.com\/de\/wp-json\/wp\/v2\/media?parent=10053"}],"wp:term":[{"taxonomy":"product_brand","embeddable":true,"href":"https:\/\/thetenerifechannel.com\/de\/wp-json\/wp\/v2\/product_brand?post=10053"},{"taxonomy":"product_cat","embeddable":true,"href":"https:\/\/thetenerifechannel.com\/de\/wp-json\/wp\/v2\/product_cat?post=10053"},{"taxonomy":"product_tag","embeddable":true,"href":"https:\/\/thetenerifechannel.com\/de\/wp-json\/wp\/v2\/product_tag?post=10053"}],"curies":[{"name":"wp","href":"https:\/\/api.w.org\/{rel}","templated":true}]}}