{"id":108966,"date":"2026-02-09T11:49:55","date_gmt":"2026-02-09T11:49:55","guid":{"rendered":"https:\/\/thetenerifechannel.com\/?post_type=product&#038;p=108966"},"modified":"2026-03-18T10:26:39","modified_gmt":"2026-03-18T10:26:39","slug":"freebird-walbeobachtungstour-3-stunden-copy-2","status":"publish","type":"product","link":"https:\/\/thetenerifechannel.com\/de\/excursions\/freebird-walbeobachtungstour-3-stunden-copy-2\/","title":{"rendered":"Freebird Walbeobachtungstour 2 Stunden"},"content":{"rendered":"<section class=\"l-section wpb_row height_huge\"><div class=\"l-section-h i-cf\"><div class=\"g-cols vc_row via_grid cols_1 laptops-cols_inherit tablets-cols_inherit mobiles-cols_1 valign_top type_default stacking_default\"><div class=\"wpb_column vc_column_container\"><div class=\"vc_column-inner\"><div class=\"wpb_text_column\"><div class=\"wpb_wrapper\"><p><strong>2 STUNDEN COSTA ADEJE KREUZFAHRT<br \/>\n<\/strong>Wenn Sie auf der Suche nach <span class=\"notion-enable-hover\" data-token-index=\"1\">Ausfl\u00fcgen von Costa Adeje<\/span> (Puerto Colon) sind, d\u00fcrfen Sie sich das Erlebnis, Wale von einem Katamaran aus zu beobachten, nicht entgehen lassen. Sie k\u00f6nnen eine Bootsfahrt in Costa Adeje genie\u00dfen und dabei Wale in ihrem nat\u00fcrlichen Lebensraum beobachten. W\u00e4hrend Sie sich auf die Suche nach diesen unglaublichen Tieren machen, erfahren Sie Interessantes \u00fcber die verschiedenen Arten von Meereslebewesen, die in den Gew\u00e4ssern vor Costa Adeje leben. Beobachten Sie, wie Grindwale, Gro\u00dfe T\u00fcmmler und Fleckendelfine neben dem Katamaran schwimmen und Freundschaft schlie\u00dfen &#8211; vergessen Sie nicht, sie zu begr\u00fc\u00dfen! Nachdem Sie das Beste aus der Wal- und Delfinbeobachtung gemacht haben, k\u00f6nnen Sie sich entspannen und ein erfrischendes Bad im Meer genie\u00dfen. Der perfekte Abschluss f\u00fcr eine magische Bootsfahrt! Am Ende Ihrer Katamaran-Kreuzfahrt rund um Costa Adeje kehren Sie nach Puerto Col\u00f3n zur\u00fcck.<\/p>\n<p><strong>Eingeschlossen:<\/strong><\/p>\n<ul>\n<li>Elektronische Eintrittskarte<\/li>\n<li><span>Wale in ihrem nat\u00fcrlichen Lebensraum beobachten<\/span><\/li>\n<li><span>Schwimmstopp<\/span><\/li>\n<li>Alkoholfreie Getr\u00e4nke<\/li>\n<li>Englisch sprechender F\u00fchrer<\/li>\n<\/ul>\n<p>&nbsp;<\/p>\n<p><strong>Nicht enthalten:<\/strong><\/p>\n<ul>\n<li>Transport<\/li>\n<li>Miete einer Sonnenliege: 10\u20ac pro Paar.<\/li>\n<li>Essen (nicht k\u00e4uflich zu erwerben)<\/li>\n<li>Schnorchel und Masken.<\/li>\n<\/ul>\n<\/div><\/div><\/div><\/div><\/div><\/div><\/section>\n","protected":false},"excerpt":{"rendered":"<p>Segeln Sie an Bord des Katamarans Freebird zu einem aufregenden Wal- und Delfinbeobachtungsabenteuer auf Teneriffa!<br data-start=\"310\" data-end=\"313\">Unser 2-st\u00fcndiger Ausflug bietet Ihnen die einmalige Gelegenheit, mit der Natur in Kontakt zu treten, die Sonne zu genie\u00dfen und diese pr\u00e4chtigen Kreaturen beim freien Schwimmen im Meer zu beobachten.<\/p>\n","protected":false},"featured_media":3627,"template":"","meta":{"_acf_changed":false,"_joinchat":[]},"product_brand":[],"product_cat":[150],"product_tag":[267],"class_list":{"0":"post-108966","1":"product","2":"type-product","3":"status-publish","4":"has-post-thumbnail","6":"product_cat-walbeobachtung-teneriffa","7":"product_tag-home-karten","9":"first","10":"instock","11":"virtual","12":"sold-individually","13":"purchasable","14":"product-type-booking"},"acf":[],"_links":{"self":[{"href":"https:\/\/thetenerifechannel.com\/de\/wp-json\/wp\/v2\/product\/108966","targetHints":{"allow":["GET"]}}],"collection":[{"href":"https:\/\/thetenerifechannel.com\/de\/wp-json\/wp\/v2\/product"}],"about":[{"href":"https:\/\/thetenerifechannel.com\/de\/wp-json\/wp\/v2\/types\/product"}],"wp:featuredmedia":[{"embeddable":true,"href":"https:\/\/thetenerifechannel.com\/de\/wp-json\/wp\/v2\/media\/3627"}],"wp:attachment":[{"href":"https:\/\/thetenerifechannel.com\/de\/wp-json\/wp\/v2\/media?parent=108966"}],"wp:term":[{"taxonomy":"product_brand","embeddable":true,"href":"https:\/\/thetenerifechannel.com\/de\/wp-json\/wp\/v2\/product_brand?post=108966"},{"taxonomy":"product_cat","embeddable":true,"href":"https:\/\/thetenerifechannel.com\/de\/wp-json\/wp\/v2\/product_cat?post=108966"},{"taxonomy":"product_tag","embeddable":true,"href":"https:\/\/thetenerifechannel.com\/de\/wp-json\/wp\/v2\/product_tag?post=108966"}],"curies":[{"name":"wp","href":"https:\/\/api.w.org\/{rel}","templated":true}]}}