{"id":109027,"date":"2026-02-09T13:26:42","date_gmt":"2026-02-09T13:26:42","guid":{"rendered":"https:\/\/thetenerifechannel.com\/?post_type=product&#038;p=109027"},"modified":"2026-02-09T14:12:57","modified_gmt":"2026-02-09T14:12:57","slug":"wassersport-safari-paket-copy","status":"publish","type":"product","link":"https:\/\/thetenerifechannel.com\/de\/excursions\/wassersport-safari-paket-copy\/","title":{"rendered":"Wassersport-Pakete"},"content":{"rendered":"<p data-start=\"167\" data-end=\"201\">W\u00e4hlen Sie aus unseren verschiedenen Wassersport-Paketen mit Jet Ski, Parasailing oder Fliegenfischen. Jedes Paket bietet ein einzigartiges Erlebnis: Sp\u00fcren Sie das Adrenalin beim Reiten auf den Wellen auf einem Jet Ski, schweben Sie beim Parasailing \u00fcber den Ozean oder gleiten Sie beim Fliegenfischen \u00fcber das Wasser. Genie\u00dfen Sie atemberaubende Ausblicke auf die K\u00fcste, eine erfrischende Meeresbrise und endlosen Spa\u00df bei jeder Aktivit\u00e4t. Perfekt f\u00fcr alle, die Abenteuer, Aufregung und unvergessliche Erinnerungen auf dem Wasser suchen.   <\/p>\n<ul style=\"list-style-type: circle;\">\n<li><strong>SPECIAL PACK WATERSPORTS<\/strong> = 20 min Jet Ski Rundfahrt + 10 min Parascending + 10 min Fliegenfischen<\/li>\n<li><strong>BOOSTER PACK 1<\/strong> = 40 min Jet Ski + 10 min Parascending<\/li>\n<li><strong>BOOSTER PACK 2<\/strong> = 1 Stunde Jet Ski + 10 min Parascending<\/li>\n<li><strong>BOOSTER PACK 3<\/strong> = 1 Stunde Jet Ski + 10 min Parascending + 10 min Fliegenfischen<\/li>\n<li><strong>SAFARI PACK <\/strong>(nur um 10:00 Uhr verf\u00fcgbar) = 2 Stunden Jet Ski + 10 min Parascending + 10 min Fliegenfischen<\/li>\n<\/ul>\n<p>&nbsp;<\/p>\n<ul>\n<li>Treffpunkt am Strand, der Ihrer Unterkunft am n\u00e4chsten liegt.<\/li>\n<li>Elektronisches Ticket.<\/li>\n<li>Schwimmweste (obligatorisch)<\/li>\n<\/ul>\n<p><strong>Nicht enthalten:<\/strong><\/p>\n<ul>\n<li>Transport<\/li>\n<li>Foto-Souvenir<\/li>\n<\/ul>\n<p><strong>Bitte kontaktieren Sie uns bei der Buchung, um die Verf\u00fcgbarkeit zu pr\u00fcfen.<\/strong><\/p>\n<p>*Mindestalter Passagier: 10 Jahre<br \/>\n*Einzel-Jetski: Mindestalter: 16 Jahre (Genehmigung der Eltern erforderlich)<br \/>\n*Doppel-Jetski: Mindestalter 18 Jahre<br \/>\n*Gewichtsbeschr\u00e4nkung Doppel-Jetski: 150-170 kg.<\/p>\n<p>&nbsp;<\/p>\n","protected":false},"excerpt":{"rendered":"<p data-start=\"167\" data-end=\"201\">Genie\u00dfen Sie unsere Watersports Packs! Machen Sie sich bereit f\u00fcr einen unvergesslichen Tag auf dem Wasser!<br \/>\nW\u00e4hlen Sie aus verschiedenen Zeitr\u00e4umen f\u00fcr Jet Ski, Parasailing oder Fliegenfischen und genie\u00dfen Sie den Nervenkitzel, die Aussicht und den Spa\u00df, den jede Aktivit\u00e4t zu bieten hat. Perfekt f\u00fcr alle, die Abenteuer, Aufregung und unvergessliche Erinnerungen suchen. <\/p>\n","protected":false},"featured_media":97863,"template":"","meta":{"_acf_changed":false,"_joinchat":[]},"product_brand":[],"product_cat":[167],"product_tag":[],"class_list":{"0":"post-109027","1":"product","2":"type-product","3":"status-publish","4":"has-post-thumbnail","6":"product_cat-wassersport-teneriffa","7":"pa_depart-from-sueden-der-insel","9":"first","10":"instock","11":"virtual","12":"sold-individually","13":"purchasable","14":"product-type-booking"},"acf":[],"_links":{"self":[{"href":"https:\/\/thetenerifechannel.com\/de\/wp-json\/wp\/v2\/product\/109027","targetHints":{"allow":["GET"]}}],"collection":[{"href":"https:\/\/thetenerifechannel.com\/de\/wp-json\/wp\/v2\/product"}],"about":[{"href":"https:\/\/thetenerifechannel.com\/de\/wp-json\/wp\/v2\/types\/product"}],"wp:featuredmedia":[{"embeddable":true,"href":"https:\/\/thetenerifechannel.com\/de\/wp-json\/wp\/v2\/media\/97863"}],"wp:attachment":[{"href":"https:\/\/thetenerifechannel.com\/de\/wp-json\/wp\/v2\/media?parent=109027"}],"wp:term":[{"taxonomy":"product_brand","embeddable":true,"href":"https:\/\/thetenerifechannel.com\/de\/wp-json\/wp\/v2\/product_brand?post=109027"},{"taxonomy":"product_cat","embeddable":true,"href":"https:\/\/thetenerifechannel.com\/de\/wp-json\/wp\/v2\/product_cat?post=109027"},{"taxonomy":"product_tag","embeddable":true,"href":"https:\/\/thetenerifechannel.com\/de\/wp-json\/wp\/v2\/product_tag?post=109027"}],"curies":[{"name":"wp","href":"https:\/\/api.w.org\/{rel}","templated":true}]}}