{"id":109329,"date":"2026-02-10T13:06:13","date_gmt":"2026-02-10T13:06:13","guid":{"rendered":"https:\/\/thetenerifechannel.com\/?post_type=product&#038;p=109329"},"modified":"2026-02-19T11:32:39","modified_gmt":"2026-02-19T11:32:39","slug":"einfuhrungstauchgang-copy","status":"publish","type":"product","link":"https:\/\/thetenerifechannel.com\/de\/excursions\/einfuhrungstauchgang-copy\/","title":{"rendered":"Schnorcheln oder Discover Scuba Diving (ab Las Galletas)"},"content":{"rendered":"<section class=\"l-section wpb_row height_huge\"><div class=\"l-section-h i-cf\"><div class=\"g-cols vc_row via_grid cols_1 laptops-cols_inherit tablets-cols_inherit mobiles-cols_1 valign_top type_default stacking_default\"><div class=\"wpb_column vc_column_container\"><div class=\"vc_column-inner\"><div class=\"wpb_text_column\"><div class=\"wpb_wrapper\"><p><strong>ENTDECKEN SIE DAS TAUCHEN<\/strong><\/p>\n<p>Entdecken Sie eine unglaubliche Unterwasserwelt auf Teneriffa mit unseren Taucherlebnissen!<br data-start=\"500\" data-end=\"503\">Tauchen Sie in die kristallklaren Gew\u00e4sser von Teneriffa mit einem unvergesslichen Tauchabenteuer f\u00fcr Anf\u00e4nger. Erforschen Sie die Magie des Meeresbodens unter der sicheren F\u00fchrung unserer leidenschaftlichen Tauchlehrer. Offen f\u00fcr alle, keine Vorkenntnisse erforderlich.<br data-start=\"725\" data-end=\"728\">Unter der Leitung eines zertifizierten Tauchlehrers begeben Sie sich auf eine unvergessliche Reise zu einem unserer 30 Tauchpl\u00e4tze &#8211; ein einzigartiges Erlebnis inmitten tropischer Fische und atemberaubender Vulkanlandschaften!  <\/p>\n<p data-start=\"86\" data-end=\"131\"><strong data-start=\"86\" data-end=\"129\">Das Anf\u00e4nger-Taucherlebnis umfasst:<\/strong><\/p>\n<ul data-start=\"132\" data-end=\"355\">\n<li data-start=\"132\" data-end=\"212\">\n<p data-start=\"134\" data-end=\"212\">Eine einfache und beruhigende Erkl\u00e4rung der Ausr\u00fcstung und der grundlegenden Tauchfertigkeiten<\/p>\n<\/li>\n<li data-start=\"213\" data-end=\"263\">\n<p data-start=\"215\" data-end=\"263\">Ein allm\u00e4hlicher Tauchgang bis zu einer Tiefe von 6 Metern (20 Fu\u00df)<\/p>\n<\/li>\n<li data-start=\"264\" data-end=\"304\">\n<p data-start=\"266\" data-end=\"304\">Individuelle Betreuung in Ihrem eigenen Tempo<\/p>\n<\/li>\n<li data-start=\"305\" data-end=\"332\">\n<p data-start=\"307\" data-end=\"332\">Vollst\u00e4ndige Ausr\u00fcstung zur Verf\u00fcgung gestellt<\/p>\n<\/li>\n<li data-start=\"333\" data-end=\"355\">\n<p data-start=\"335\" data-end=\"355\">Aktivit\u00e4tsversicherung<\/p>\n<\/li>\n<\/ul>\n<p data-start=\"357\" data-end=\"474\"><strong data-start=\"357\" data-end=\"376\">Gesamtdauer:<\/strong> ca. 2,5 Stunden (Briefing &amp; Einstieg ins Wasser &amp; ein Tauchgang von ca. 20 Minuten)<\/p>\n<p>&nbsp;<\/p>\n<p><strong>SNORKELING<\/strong><\/p>\n<p>Schnorcheln ist eine einfache und unterhaltsame Art, die Wunder unter den Gew\u00e4ssern von Teneriffa zu entdecken, ohne dass Sie eine Tauchausbildung ben\u00f6tigen. Es ist eine ideale Aktivit\u00e4t f\u00fcr die ganze Familie. Jeder, ob jung oder alt, kann die Unterwasserwelt mit Leichtigkeit erkunden.  <\/p>\n<p><strong>Was wir anbieten:<\/strong><\/p>\n<ul>\n<li>Abreise mit dem Boot<\/li>\n<li>Spezialisierte F\u00fchrer gegen Aufpreis erh\u00e4ltlich<\/li>\n<li>Beobachtung von tropischen Fischen, Schildkr\u00f6ten, Rochen und anderen Meerestieren<\/li>\n<li>Ausr\u00fcstung wird gestellt: Maske, Schnorchel, Flossen und Neoprenanzug<\/li>\n<li>Beaufsichtigung in einer entspannten und sicheren Umgebung<\/li>\n<li>Ausfl\u00fcge in kleinen Gruppen f\u00fcr ein freundliches und pers\u00f6nliches Erlebnis<\/li>\n<\/ul>\n<p><strong>Dauer:<\/strong> 2 &#8211; 2,5 Stunden (Einweisung &amp; Erkundung)<\/p>\n<p><strong>Wer kann mitmachen?<\/strong><br \/>\nJeder kann teilnehmen, egal ob Sie Anf\u00e4nger oder erfahren sind. Sie m\u00fcssen kein perfekter Schwimmer sein &#8211; Sie m\u00fcssen sich nur im Wasser wohlf\u00fchlen. F\u00fcr diejenigen, die es w\u00fcnschen, stellen wir Schwimmwesten zur Verf\u00fcgung, um ein sicheres und komfortables Erlebnis zu gew\u00e4hrleisten.  <\/p>\n<p>&nbsp;<\/p>\n<p><strong>NICHT<\/strong> <strong>INBEGRIFFEN:<\/strong><\/p>\n<ul>\n<li>Transport<\/li>\n<li>Pack Fotos<\/li>\n<\/ul>\n<p><span>Mindestalter: 6 Jahre (mit Genehmigung der Betreuer) (f\u00fcr die Aktivit\u00e4t DISCOVER SCUBA DIVING)<\/span><\/p>\n<p><span>Sie haben keine Atem-, Herz- oder Ohrenprobleme.  <\/span><\/p>\n<p>Nicht schwanger sein<\/p>\n<p><span>Nehmen Sie in den n\u00e4chsten 12 Stunden kein Flugzeug und unternehmen Sie keine Aktivit\u00e4ten in der H\u00f6he (Gleitschirmfliegen, Fallschirmspringen, Fahrt zum Teide) (f\u00fcr das Tauchen).<\/span><\/p>\n<\/div><\/div><\/div><\/div><\/div><\/div><\/section>\n","protected":false},"excerpt":{"rendered":"<p>Tauchen Sie ein ins Abenteuer! Erleben Sie die pulsierende Unterwasserwelt bei unseren Schnorchel- und Tauchtouren!<br \/>\nOb Schnorcheln oder Tauchen, erleben Sie Ihr erstes Eintauchen unter Wasser in einer freundlichen, einladenden und 100% sicheren Umgebung. Ob Sie alleine, zu zweit, mit der Familie oder mit Freunden unterwegs sind, wir k\u00fcmmern uns um alles, damit Sie sich entspannen und den Moment genie\u00dfen k\u00f6nnen. <\/p>\n","protected":false},"featured_media":109335,"template":"","meta":{"_acf_changed":false,"_joinchat":[]},"product_brand":[],"product_cat":[167],"product_tag":[],"class_list":{"0":"post-109329","1":"product","2":"type-product","3":"status-publish","4":"has-post-thumbnail","6":"product_cat-wassersport-teneriffa","8":"first","9":"instock","10":"virtual","11":"sold-individually","12":"purchasable","13":"product-type-booking"},"acf":[],"_links":{"self":[{"href":"https:\/\/thetenerifechannel.com\/de\/wp-json\/wp\/v2\/product\/109329","targetHints":{"allow":["GET"]}}],"collection":[{"href":"https:\/\/thetenerifechannel.com\/de\/wp-json\/wp\/v2\/product"}],"about":[{"href":"https:\/\/thetenerifechannel.com\/de\/wp-json\/wp\/v2\/types\/product"}],"wp:featuredmedia":[{"embeddable":true,"href":"https:\/\/thetenerifechannel.com\/de\/wp-json\/wp\/v2\/media\/109335"}],"wp:attachment":[{"href":"https:\/\/thetenerifechannel.com\/de\/wp-json\/wp\/v2\/media?parent=109329"}],"wp:term":[{"taxonomy":"product_brand","embeddable":true,"href":"https:\/\/thetenerifechannel.com\/de\/wp-json\/wp\/v2\/product_brand?post=109329"},{"taxonomy":"product_cat","embeddable":true,"href":"https:\/\/thetenerifechannel.com\/de\/wp-json\/wp\/v2\/product_cat?post=109329"},{"taxonomy":"product_tag","embeddable":true,"href":"https:\/\/thetenerifechannel.com\/de\/wp-json\/wp\/v2\/product_tag?post=109329"}],"curies":[{"name":"wp","href":"https:\/\/api.w.org\/{rel}","templated":true}]}}