{"id":110212,"date":"2026-02-14T14:44:06","date_gmt":"2026-02-14T14:44:06","guid":{"rendered":"https:\/\/thetenerifechannel.com\/?post_type=product&#038;p=110212"},"modified":"2026-04-17T11:14:13","modified_gmt":"2026-04-17T11:14:13","slug":"inselrundfahrt-candelaria-la-orotava-garachico-masca-von-suden-copy-2","status":"publish","type":"product","link":"https:\/\/thetenerifechannel.com\/de\/excursions\/inselrundfahrt-candelaria-la-orotava-garachico-masca-von-suden-copy-2\/","title":{"rendered":"Aromen und Weine (aus dem S\u00fcden)"},"content":{"rendered":"<section class=\"l-section wpb_row height_huge\"><div class=\"l-section-h i-cf\"><div class=\"g-cols vc_row via_grid cols_1 laptops-cols_inherit tablets-cols_inherit mobiles-cols_1 valign_top type_default stacking_default\"><div class=\"wpb_column vc_column_container\"><div class=\"vc_column-inner\"><div class=\"wpb_text_column\"><div class=\"wpb_wrapper\"><div class=\"flex-shrink-0 flex flex-col relative items-end\">\n<div class=\"pt-0.5\">\n<div class=\"gizmo-shadow-stroke flex h-6 w-6 items-center justify-center overflow-hidden rounded-full\">\n<p data-pm-slice=\"1 1 &#091;&#093;\">Aromen und Weine von Teneriffa: Eine Reise f\u00fcr die Sinne<\/p>\n<p>Entdecken Sie auf diesem Halbtagesausflug die authentischen Aromen und ber\u00fchmten Weine des S\u00fcdens von Teneriffa. Besuchen Sie die Finca Las Margaritas, um mehr \u00fcber den traditionellen Bananenanbau zu erfahren und lokale Produkte wie Gofio, Palmhonig und tropische Fr\u00fcchte zu probieren. Genie\u00dfen Sie die atemberaubende Aussicht auf die Berge auf dem Weg zur Bodega Lagar de Chasna, wo eine Weinverkostung mit der besten kanarischen Gastronomie kombiniert wird. Kehren Sie zu Ihrer Unterkunft zur\u00fcck und haben Sie Zeit, den Tag weiter zu genie\u00dfen.   <\/p>\n<\/div>\n<\/div>\n<\/div>\n<div class=\"relative flex w-full flex-col lg:w-&#091;calc(100%-115px)&#093; agent-turn\">\n<div class=\"flex-col gap-1 md:gap-3\">\n<div class=\"flex flex-grow flex-col max-w-full\">\n<div class=\"min-h-&#091;20px&#093; text-message flex flex-col items-start gap-3 whitespace-pre-wrap break-words &#091;.text-message+&amp;&#093;:mt-5 overflow-x-auto\" data-message-author-role=\"assistant\" data-message-id=\"1b594d4d-875f-4ede-8698-e67da448c8b8\">\n<p>Dauer: ca. 4-5 Stunden.<\/p>\n<p><strong>Bitte geben Sie bei der Buchung eventuelle Unvertr\u00e4glichkeiten, Allergien oder di\u00e4tetische Pr\u00e4ferenzen an, wie z.B. ein vegetarisches\/veganes Men\u00fc.<\/strong><\/p>\n<p><strong>Inklusive:<\/strong><\/p>\n<\/div>\n<\/div>\n<\/div>\n<\/div>\n<ul>\n<li>Klimatisierter Bus mit Ermessensspielraum<\/li>\n<li>Offizieller Leitfaden<\/li>\n<li><span>Besuch einer Bananenplantage, Besuch einer Weinkellerei, Verkostung von kanarischen Produkten und Weinen<\/span><\/li>\n<\/ul>\n<p><strong>Nicht enthalten:<\/strong><\/p>\n<ul>\n<li>Mittagessen<\/li>\n<\/ul>\n<\/div><\/div><\/div><\/div><\/div><\/div><\/section>\n","protected":false},"excerpt":{"rendered":"<p data-pm-slice=\"1 1 []\">Erleben Sie die authentischen Aromen und Weine des S\u00fcdens Teneriffas auf einer malerischen Reise durch die lokale Kultur, Gastronomie und atemberaubende Landschaften.<\/p>\n","protected":false},"featured_media":110244,"template":"","meta":{"_acf_changed":false,"_joinchat":[]},"product_brand":[],"product_cat":[149,273,180],"product_tag":[378,401,405],"class_list":{"0":"post-110212","1":"product","2":"type-product","3":"status-publish","4":"has-post-thumbnail","6":"product_cat-insel-bustouren-teneriffa","7":"product_cat-natur-abenteuer","8":"product_cat-nicht-kategorisiert","9":"product_tag-a-gruppe-paare","10":"product_tag-a-vibe-explore","11":"product_tag-a-vibe-romantik","12":"pa_depart-from-sueden-der-insel","14":"first","15":"instock","16":"virtual","17":"sold-individually","18":"purchasable","19":"product-type-booking"},"acf":[],"_links":{"self":[{"href":"https:\/\/thetenerifechannel.com\/de\/wp-json\/wp\/v2\/product\/110212","targetHints":{"allow":["GET"]}}],"collection":[{"href":"https:\/\/thetenerifechannel.com\/de\/wp-json\/wp\/v2\/product"}],"about":[{"href":"https:\/\/thetenerifechannel.com\/de\/wp-json\/wp\/v2\/types\/product"}],"wp:featuredmedia":[{"embeddable":true,"href":"https:\/\/thetenerifechannel.com\/de\/wp-json\/wp\/v2\/media\/110244"}],"wp:attachment":[{"href":"https:\/\/thetenerifechannel.com\/de\/wp-json\/wp\/v2\/media?parent=110212"}],"wp:term":[{"taxonomy":"product_brand","embeddable":true,"href":"https:\/\/thetenerifechannel.com\/de\/wp-json\/wp\/v2\/product_brand?post=110212"},{"taxonomy":"product_cat","embeddable":true,"href":"https:\/\/thetenerifechannel.com\/de\/wp-json\/wp\/v2\/product_cat?post=110212"},{"taxonomy":"product_tag","embeddable":true,"href":"https:\/\/thetenerifechannel.com\/de\/wp-json\/wp\/v2\/product_tag?post=110212"}],"curies":[{"name":"wp","href":"https:\/\/api.w.org\/{rel}","templated":true}]}}