{"id":111568,"date":"2026-02-19T12:25:35","date_gmt":"2026-02-19T12:25:35","guid":{"rendered":"https:\/\/thetenerifechannel.com\/?post_type=product&#038;p=111568"},"modified":"2026-03-09T15:01:27","modified_gmt":"2026-03-09T15:01:27","slug":"opera-60-luxus-charter-copy","status":"publish","type":"product","link":"https:\/\/thetenerifechannel.com\/de\/excursions\/opera-60-luxus-charter-copy\/","title":{"rendered":"Cooles Segelboot"},"content":{"rendered":"<section class=\"l-section wpb_row height_huge\"><div class=\"l-section-h i-cf\"><div class=\"g-cols vc_row via_grid cols_1 laptops-cols_inherit tablets-cols_inherit mobiles-cols_1 valign_top type_default stacking_default\"><div class=\"wpb_column vc_column_container\"><div class=\"vc_column-inner\"><div class=\"wpb_text_column\"><div class=\"wpb_wrapper\"><p data-pm-slice=\"1 1 &#091;&#093;\">Segeln Sie von Puerto Col\u00f3n, Costa Adeje, an Bord des Cool Sailing Bootes f\u00fcr ein unvergessliches 3-st\u00fcndiges Abenteuer mit einer kleinen Gruppe von bis zu 11 G\u00e4sten. Genie\u00dfen Sie Getr\u00e4nke und leckere Sandwiches, w\u00e4hrend Sie an Deck entspannen. <\/p>\n<p>Beobachten Sie w\u00e4hrend des Hauptteils des Ausflugs Wale und Delfine und tauchen Sie in das kristallklare Wasser ein, um ein erfrischendes Bad zu nehmen &#8211; die Schnorchelausr\u00fcstung wird gestellt. Eine perfekte Mischung aus Abenteuer, Spa\u00df und Entspannung an der wundersch\u00f6nen K\u00fcste Teneriffas! <\/p>\n<p>&nbsp;<\/p>\n<p><strong>INKLUSIVE:<\/strong><\/p>\n<ul>\n<li>Erm\u00e4\u00dfigte Gruppe: bis zu 11 Passagiere.<\/li>\n<li>Sandwiches und Getr\u00e4nke inklusive (Wasser, Fanta Lemon und Orange, Cola, Wei\u00dfwein und Bier).<\/li>\n<li>Stoppen Sie das Schwimmen.<\/li>\n<li>Schnorchelausr\u00fcstung.<\/li>\n<\/ul>\n<p><strong>NICHT INBEGRIFFEN:<br \/>\n<\/strong><\/p>\n<ul>\n<li>Handt\u00fccher<\/li>\n<li>Transport<\/li>\n<\/ul>\n<\/div><\/div><\/div><\/div><\/div><\/div><\/section>\n","protected":false},"excerpt":{"rendered":"<p>Nehmen Sie an einer exklusiven 3-st\u00fcndigen Kreuzfahrt f\u00fcr nur 11 G\u00e4ste teil: Entdecken Sie Wale und Delfine, nehmen Sie ein erfrischendes Bad und schaffen Sie unvergessliche Erinnerungen auf dem offenen Meer!<\/p>\n","protected":false},"featured_media":111721,"template":"","meta":{"_acf_changed":false,"_joinchat":[]},"product_brand":[],"product_cat":[230,150],"product_tag":[267],"class_list":{"0":"post-111568","1":"product","2":"type-product","3":"status-publish","4":"has-post-thumbnail","6":"product_cat-privat-charter-teneriffa","7":"product_cat-walbeobachtung-teneriffa","8":"product_tag-home-karten","9":"pa_depart-from-sueden-der-insel","11":"first","12":"instock","13":"virtual","14":"sold-individually","15":"purchasable","16":"product-type-booking"},"acf":[],"_links":{"self":[{"href":"https:\/\/thetenerifechannel.com\/de\/wp-json\/wp\/v2\/product\/111568","targetHints":{"allow":["GET"]}}],"collection":[{"href":"https:\/\/thetenerifechannel.com\/de\/wp-json\/wp\/v2\/product"}],"about":[{"href":"https:\/\/thetenerifechannel.com\/de\/wp-json\/wp\/v2\/types\/product"}],"wp:featuredmedia":[{"embeddable":true,"href":"https:\/\/thetenerifechannel.com\/de\/wp-json\/wp\/v2\/media\/111721"}],"wp:attachment":[{"href":"https:\/\/thetenerifechannel.com\/de\/wp-json\/wp\/v2\/media?parent=111568"}],"wp:term":[{"taxonomy":"product_brand","embeddable":true,"href":"https:\/\/thetenerifechannel.com\/de\/wp-json\/wp\/v2\/product_brand?post=111568"},{"taxonomy":"product_cat","embeddable":true,"href":"https:\/\/thetenerifechannel.com\/de\/wp-json\/wp\/v2\/product_cat?post=111568"},{"taxonomy":"product_tag","embeddable":true,"href":"https:\/\/thetenerifechannel.com\/de\/wp-json\/wp\/v2\/product_tag?post=111568"}],"curies":[{"name":"wp","href":"https:\/\/api.w.org\/{rel}","templated":true}]}}