{"id":111605,"date":"2026-02-19T13:09:42","date_gmt":"2026-02-19T13:09:42","guid":{"rendered":"https:\/\/thetenerifechannel.com\/?post_type=product&#038;p=111605"},"modified":"2026-03-09T15:02:15","modified_gmt":"2026-03-09T15:02:15","slug":"cooles-segelboot-copy","status":"publish","type":"product","link":"https:\/\/thetenerifechannel.com\/de\/excursions\/cooles-segelboot-copy\/","title":{"rendered":"White Dreams (Motorboot)"},"content":{"rendered":"<section class=\"l-section wpb_row height_huge\"><div class=\"l-section-h i-cf\"><div class=\"g-cols vc_row via_grid cols_1 laptops-cols_inherit tablets-cols_inherit mobiles-cols_1 valign_top type_default stacking_default\"><div class=\"wpb_column vc_column_container\"><div class=\"vc_column-inner\"><div class=\"wpb_text_column\"><div class=\"wpb_wrapper\"><p data-start=\"96\" data-end=\"348\">Gehen Sie an Bord des Motorboots White Dream in Puerto Col\u00f3n, Costa Adeje, f\u00fcr ein unvergessliches 3-st\u00fcndiges Abenteuer mit einer kleinen Gruppe von bis zu 12 G\u00e4sten. Entspannen Sie sich an Deck bei erfrischenden Getr\u00e4nken und k\u00f6stlichen Speisen, w\u00e4hrend Sie die atemberaubende K\u00fcste Teneriffas entlangfahren. <\/p>\n<p data-start=\"350\" data-end=\"553\">W\u00e4hrend des Hauptteils der Reise k\u00f6nnen Sie Wale und Delfine beobachten und mit der bereitgestellten Schnorchelausr\u00fcstung in kristallklarem Wasser baden gehen. Die perfekte Mischung aus Aufregung, Spa\u00df und Entspannung auf See! <\/p>\n<p>&nbsp;<\/p>\n<p><strong>INKLUSIVE:<\/strong><\/p>\n<ul>\n<li>Erm\u00e4\u00dfigte Gruppe: bis zu 12 Passagiere.<\/li>\n<li>Getr\u00e4nke <em>(Wasser, Fanta Lemon und Orange, Cola, Cola Zero, Sprite, Wei\u00dfwein, Bier und Cava)<\/em> &amp; Essen inklusive <em>(Tapas &#8211; Pizza, spanisches Omelett, K\u00e4se, Serrano-Schinken, gep\u00f6kelte Schweinelende, Salami, Chorizo; au\u00dferdem Obst, Snacks und Brot)<\/em>.<\/li>\n<li>Stoppen Sie das Schwimmen.<\/li>\n<li>Schnorchelausr\u00fcstung.<\/li>\n<\/ul>\n<p><strong>NICHT INBEGRIFFEN:<br \/>\n<\/strong><\/p>\n<ul>\n<li>Handt\u00fccher<\/li>\n<li>Transport<\/li>\n<\/ul>\n<\/div><\/div><\/div><\/div><\/div><\/div><\/section>\n","protected":false},"excerpt":{"rendered":"<p data-pm-slice=\"1 1 []\">Begeben Sie sich auf eine unvergessliche 3-st\u00fcndige Kreuzfahrt f\u00fcr nur 12 G\u00e4ste! Beobachten Sie Wale und Delfine, tauchen Sie in glitzerndes, kristallklares Wasser und schaffen Sie Erinnerungen, die ein Leben lang halten werden! <\/p>\n","protected":false},"featured_media":111763,"template":"","meta":{"_acf_changed":false,"_joinchat":[]},"product_brand":[],"product_cat":[230,150],"product_tag":[267],"class_list":{"0":"post-111605","1":"product","2":"type-product","3":"status-publish","4":"has-post-thumbnail","6":"product_cat-privat-charter-teneriffa","7":"product_cat-walbeobachtung-teneriffa","8":"product_tag-home-karten","9":"pa_depart-from-sueden-der-insel","11":"first","12":"instock","13":"virtual","14":"sold-individually","15":"purchasable","16":"product-type-booking"},"acf":[],"_links":{"self":[{"href":"https:\/\/thetenerifechannel.com\/de\/wp-json\/wp\/v2\/product\/111605","targetHints":{"allow":["GET"]}}],"collection":[{"href":"https:\/\/thetenerifechannel.com\/de\/wp-json\/wp\/v2\/product"}],"about":[{"href":"https:\/\/thetenerifechannel.com\/de\/wp-json\/wp\/v2\/types\/product"}],"wp:featuredmedia":[{"embeddable":true,"href":"https:\/\/thetenerifechannel.com\/de\/wp-json\/wp\/v2\/media\/111763"}],"wp:attachment":[{"href":"https:\/\/thetenerifechannel.com\/de\/wp-json\/wp\/v2\/media?parent=111605"}],"wp:term":[{"taxonomy":"product_brand","embeddable":true,"href":"https:\/\/thetenerifechannel.com\/de\/wp-json\/wp\/v2\/product_brand?post=111605"},{"taxonomy":"product_cat","embeddable":true,"href":"https:\/\/thetenerifechannel.com\/de\/wp-json\/wp\/v2\/product_cat?post=111605"},{"taxonomy":"product_tag","embeddable":true,"href":"https:\/\/thetenerifechannel.com\/de\/wp-json\/wp\/v2\/product_tag?post=111605"}],"curies":[{"name":"wp","href":"https:\/\/api.w.org\/{rel}","templated":true}]}}