{"id":115124,"date":"2026-03-11T11:41:28","date_gmt":"2026-03-11T11:41:28","guid":{"rendered":"https:\/\/thetenerifechannel.com\/?post_type=product&#038;p=115124"},"modified":"2026-04-09T05:22:08","modified_gmt":"2026-04-09T05:22:08","slug":"fiat-500-offshore-copy","status":"publish","type":"product","link":"https:\/\/thetenerifechannel.com\/de\/excursions\/fiat-500-offshore-copy\/","title":{"rendered":"Ocean Karts"},"content":{"rendered":"<p data-start=\"145\" data-end=\"300\">Erleben Sie das ultimative Wasserabenteuer auf Teneriffa!<br data-start=\"129\" data-end=\"132\">\u00dcbernehmen Sie das Steuer Ihres eigenen Aqua Race Karts, einem aufregenden Ein-Personen-Jetboot mit Gaspedalbeschleunigung, einem Schalensitz im Rennstil und einem von der Formel 1 inspirierten Lenkrad.<br data-start=\"318\" data-end=\"321\" data-is-only-node=\"\">W\u00e4hlen Sie zwischen 20, 30 oder 40 Minuten Nervenkitzel, w\u00e4hrend Sie mit unvergleichlicher Stabilit\u00e4t und Leistung frei \u00fcber die Wellen gleiten.<\/p>\n<p data-start=\"145\" data-end=\"300\">Buchen Sie jetzt und genie\u00dfen Sie die Freiheit, das Adrenalin und den Spa\u00df dieses einzigartigen Ocean-Kart-Erlebnisses!<\/p>\n<p data-start=\"145\" data-end=\"300\"><span class=\"x19la9d6 x1fc57z9 x6ikm8r x10wlt62 x19co3pv x11tp94h xfibh0p xiy17q3 x1xsqp64 x1lkfr7t xexx8yu xyri2b x18d9i69 x1c1uobl\"><span class=\"xrtxmta x1bhl96m\">\ud83d\udccd<\/span><\/span>Treffpunkt: Amarilla Golf<\/p>\n<ul>\n<li>Eine Person pro Kart,<\/li>\n<li>Fahrer: mindestens 16 Jahre alt,<\/li>\n<li>Maximales Gewicht: 90 kg,<\/li>\n<li>Fotos sind in SILBER enthalten, Fotos und Videos sind in GOLD enthalten.<\/li>\n<\/ul>\n","protected":false},"excerpt":{"rendered":"<p>\u00dcbernehmen Sie das Steuer Ihres eigenen Aqua Race Karts auf Teneriffa und genie\u00dfen Sie 20 bis 40 Minuten pures Adrenalin, Freiheit und Spa\u00df auf den Wellen!<\/p>\n","protected":false},"featured_media":115154,"template":"","meta":{"_acf_changed":false,"_joinchat":[]},"product_brand":[],"product_cat":[167],"product_tag":[380,378,381,379,382,383],"class_list":{"0":"post-115124","1":"product","2":"type-product","3":"status-publish","4":"has-post-thumbnail","6":"product_cat-wassersport-teneriffa","7":"product_tag-a-group-friends","8":"product_tag-a-gruppe-paare","9":"product_tag-a-gruppe-solo","10":"product_tag-a-gruppen-familien","11":"product_tag-a-vibe-adventure","12":"product_tag-a-vibe-boote-2","14":"first","15":"instock","16":"sold-individually","17":"shipping-taxable","18":"purchasable","19":"product-type-booking"},"acf":[],"_links":{"self":[{"href":"https:\/\/thetenerifechannel.com\/de\/wp-json\/wp\/v2\/product\/115124","targetHints":{"allow":["GET"]}}],"collection":[{"href":"https:\/\/thetenerifechannel.com\/de\/wp-json\/wp\/v2\/product"}],"about":[{"href":"https:\/\/thetenerifechannel.com\/de\/wp-json\/wp\/v2\/types\/product"}],"wp:featuredmedia":[{"embeddable":true,"href":"https:\/\/thetenerifechannel.com\/de\/wp-json\/wp\/v2\/media\/115154"}],"wp:attachment":[{"href":"https:\/\/thetenerifechannel.com\/de\/wp-json\/wp\/v2\/media?parent=115124"}],"wp:term":[{"taxonomy":"product_brand","embeddable":true,"href":"https:\/\/thetenerifechannel.com\/de\/wp-json\/wp\/v2\/product_brand?post=115124"},{"taxonomy":"product_cat","embeddable":true,"href":"https:\/\/thetenerifechannel.com\/de\/wp-json\/wp\/v2\/product_cat?post=115124"},{"taxonomy":"product_tag","embeddable":true,"href":"https:\/\/thetenerifechannel.com\/de\/wp-json\/wp\/v2\/product_tag?post=115124"}],"curies":[{"name":"wp","href":"https:\/\/api.w.org\/{rel}","templated":true}]}}