{"id":121000,"date":"2026-04-09T10:15:28","date_gmt":"2026-04-09T10:15:28","guid":{"rendered":"https:\/\/thetenerifechannel.com\/?post_type=product&#038;p=121000"},"modified":"2026-04-10T09:36:41","modified_gmt":"2026-04-10T09:36:41","slug":"royal-delfin-2-stunden-atlantik-kreuzfahrt-copy-2","status":"publish","type":"product","link":"https:\/\/thetenerifechannel.com\/de\/excursions\/royal-delfin-2-stunden-atlantik-kreuzfahrt-copy-2\/","title":{"rendered":"Vision Submarine, No Chase &#8211; Respektvolle Wal- und Delfinsafari"},"content":{"rendered":"<section class=\"l-section wpb_row height_huge\"><div class=\"l-section-h i-cf\"><div class=\"g-cols vc_row via_grid cols_1 laptops-cols_inherit tablets-cols_inherit mobiles-cols_1 valign_top type_default stacking_default\"><div class=\"wpb_column vc_column_container\"><div class=\"vc_column-inner\"><div class=\"wpb_text_column\"><div class=\"wpb_wrapper\"><p>Genie\u00dfen Sie ein ruhiges, respektvolles 2-st\u00fcndiges Meereserlebnis auf einem gro\u00dfen, stabilen Katamaran mit dem voll lizenzierten Vision U-Boot in Los Cristianos. Mit mehr als 40 Jahren Erfahrung garantieren wir Ihnen, dass das Wohlergehen der Meeresbewohner an erster Stelle steht, w\u00e4hrend wir eine sichere und reibungslose Fahrt gew\u00e4hrleisten. Diese Tour beginnt im Hafen von Los Cristianos.  <\/p>\n<p data-start=\"76\" data-end=\"133\"><strong data-start=\"76\" data-end=\"131\">VISION SUBMARINE &#8211; Ethische Wal- und Delfinbeobachtung<\/strong><\/p>\n<p data-start=\"135\" data-end=\"393\">Bei unseren Touren steht das Wohlbefinden der Meeresbewohner an erster Stelle. Im Gegensatz zu vielen Veranstaltern, die behaupten, die Tiere nicht zu jagen, sie aber trotzdem stressen, respektieren wir Wale und Delfine wirklich: Wir verfolgen sie nicht, sperren sie nicht ein oder setzen sie unter Druck, und wir beobachten sie ganz nach ihren Bedingungen. <\/p>\n<p data-start=\"395\" data-end=\"686\">Mit \u00fcber 40 Jahren Erfahrung, einem gro\u00dfen, stabilen Katamaran und dem voll lizenzierten Vision Submarine in Los Cristianos bieten wir Ihnen ein ruhiges, verantwortungsvolles, 2-st\u00fcndiges Naturerlebnis. Wir arbeiten mit Organisationen wie der Captain Paul Watson Foundation UK zusammen, um sicherzustellen, dass Naturschutz vor Profit geht. <\/p>\n<p data-start=\"688\" data-end=\"866\">Verantwortungsvoller Tourismus bedeutet, dass wir die Tiere an erste Stelle setzen, Grenzen akzeptieren, ehrlich informieren und konsequent handeln. F\u00fcr uns ist die Tierwelt kein Produkt &#8211; es ist ein Privileg, sie zu beobachten. <\/p>\n<p><strong style=\"letter-spacing: 0em;\">Eingeschlossen:<\/strong><\/p>\n<ul style=\"list-style-type: disc;\">\n<li>Elektronisches Ticket.<\/li>\n<li><span>Vision Submarine Katamaran, der Stabilit\u00e4t bietet.<\/span><\/li>\n<li><span>Sehr stabiler Katamaran mit einem Innensalon, um sich ganz aus der Sonne oder dem Wind zu entfernen.<\/span><\/li>\n<li>Spezialisierte F\u00fchrer an Bord.<\/li>\n<li><span>Safari verfolgt eine strikte No-Chase-Politik, bei der das Leben im Meer immer an erster Stelle steht.<\/span><\/li>\n<li><span>Legale Genehmigungen zur Walbeobachtung Neueste Sicherheitsausr\u00fcstung an Bord<\/span><\/li>\n<\/ul>\n<p><strong>Nicht enthalten:<\/strong><\/p>\n<ul>\n<li><span>2-st\u00fcndige Touren, die die Wale und Delphine respektieren, haben keine Zeit, um zum Schwimmen anzuhalten. Deshalb bieten wir dies nicht an, Sie m\u00fcssen ihnen Zeit geben, um zu entscheiden, ob sie n\u00e4her kommen wollen oder nicht.<\/span><\/li>\n<li><span>Getr\u00e4nke &amp; Snacks<\/span><\/li>\n<\/ul>\n<\/div><\/div><\/div><\/div><\/div><\/div><\/section>\n","protected":false},"excerpt":{"rendered":"<p><span>Vision Submarine 100% No Chase, Respectful Tours Guaranteed.<br \/>\n<\/span>Beobachten Sie Wale und Delfine auf die richtige Art und Weise auf Teneriffa auf einem 2-st\u00fcndigen Ausflug &#8211; die originale No Chase, Respectful Safari, bei der das Leben im Meer an erster Stelle steht, auf einem gro\u00dfen, stabilen Vision U-Boot, mit einer echten Verpflichtung zum Schutz des Meereslebens.<\/p>\n","protected":false},"featured_media":121010,"template":"","meta":{"_acf_changed":false,"_joinchat":[]},"product_brand":[],"product_cat":[150],"product_tag":[],"class_list":{"0":"post-121000","1":"product","2":"type-product","3":"status-publish","4":"has-post-thumbnail","6":"product_cat-walbeobachtung-teneriffa","7":"pa_depart-from-sueden-der-insel","9":"first","10":"instock","11":"virtual","12":"sold-individually","13":"purchasable","14":"product-type-booking"},"acf":[],"_links":{"self":[{"href":"https:\/\/thetenerifechannel.com\/de\/wp-json\/wp\/v2\/product\/121000","targetHints":{"allow":["GET"]}}],"collection":[{"href":"https:\/\/thetenerifechannel.com\/de\/wp-json\/wp\/v2\/product"}],"about":[{"href":"https:\/\/thetenerifechannel.com\/de\/wp-json\/wp\/v2\/types\/product"}],"wp:featuredmedia":[{"embeddable":true,"href":"https:\/\/thetenerifechannel.com\/de\/wp-json\/wp\/v2\/media\/121010"}],"wp:attachment":[{"href":"https:\/\/thetenerifechannel.com\/de\/wp-json\/wp\/v2\/media?parent=121000"}],"wp:term":[{"taxonomy":"product_brand","embeddable":true,"href":"https:\/\/thetenerifechannel.com\/de\/wp-json\/wp\/v2\/product_brand?post=121000"},{"taxonomy":"product_cat","embeddable":true,"href":"https:\/\/thetenerifechannel.com\/de\/wp-json\/wp\/v2\/product_cat?post=121000"},{"taxonomy":"product_tag","embeddable":true,"href":"https:\/\/thetenerifechannel.com\/de\/wp-json\/wp\/v2\/product_tag?post=121000"}],"curies":[{"name":"wp","href":"https:\/\/api.w.org\/{rel}","templated":true}]}}