{"id":122878,"date":"2026-04-16T12:36:51","date_gmt":"2026-04-16T12:36:51","guid":{"rendered":"https:\/\/thetenerifechannel.com\/?post_type=product&#038;p=122878"},"modified":"2026-04-17T12:50:24","modified_gmt":"2026-04-17T12:50:24","slug":"dschungel-park-copy","status":"publish","type":"product","link":"https:\/\/thetenerifechannel.com\/de\/excursions\/dschungel-park-copy\/","title":{"rendered":"Affenpark"},"content":{"rendered":"<section class=\"l-section wpb_row height_huge\"><div class=\"l-section-h i-cf\"><div class=\"g-cols vc_row via_grid cols_1 laptops-cols_inherit tablets-cols_inherit mobiles-cols_1 valign_top type_default stacking_default\"><div class=\"wpb_column vc_column_container\"><div class=\"vc_column-inner\"><div class=\"wpb_text_column\"><div class=\"wpb_wrapper\"><p data-pm-slice=\"1 1 &#091;&#093;\">Treffen Sie die Tiere im Monkey Park!<br \/>\nVon verspielten Primaten bis hin zu exotischen V\u00f6geln, jeder hat seine eigene Geschichte und Pers\u00f6nlichkeit. Entdecken Sie die Vielfalt der Bewohner und die Pflege und Liebe, die sie jeden Tag erhalten. Erkunden Sie die unglaubliche Tierfamilie und verlieben Sie sich in sie!  <\/p>\n<p><em>T\u00e4glich von 09:30 bis 16:00 Uhr ge\u00f6ffnet. (15:30 Uhr ist die letzte Einlasszeit in den Park).<br \/>\n<\/em><\/p>\n<p>&nbsp;<\/p>\n<p><strong data-start=\"84\" data-end=\"117\">Tipps f\u00fcr den Besuch des Monkey Park:<\/strong><\/p>\n<ul style=\"list-style-type: disc;\">\n<li>Der Park ist klein und kann in etwa einer Stunde besucht werden.<\/li>\n<li>Die Artenvielfalt ist nicht sehr gro\u00df, denn die Aufgabe des Zoos ist es, sich um seine Tiere zu k\u00fcmmern und zur Erhaltung bedrohter Arten beizutragen.<\/li>\n<li>Die Interaktionsbereiche erlauben es den Besuchern, den Tieren nahe zu kommen, aber es ist verboten, sie zu ber\u00fchren &#8211; es sind wilde Tiere, keine Haustiere.<\/li>\n<li>Sie k\u00f6nnen die Tiere mit den von uns verkauften Snacks f\u00fcttern, aber Sie d\u00fcrfen sie niemals mit Futter f\u00fcttern, das Sie von au\u00dferhalb des Parks mitgebracht haben.<\/li>\n<\/ul>\n<\/div><\/div><\/div><\/div><\/div><\/div><\/section>\n","protected":false},"excerpt":{"rendered":"<p>Erleben Sie etwas Einzigartiges!<br data-start=\"406\" data-end=\"409\">Im Affenpark erleben Sie eine unvergessliche Begegnung mit den Tieren. Entdecken Sie ihre Sch\u00f6nheit und erfahren Sie mehr \u00fcber sie aus n\u00e4chster N\u00e4he. <\/p>\n","protected":false},"featured_media":123149,"template":"","meta":{"_acf_changed":false,"_joinchat":[]},"product_brand":[],"product_cat":[155],"product_tag":[380,378,379,452],"class_list":{"0":"post-122878","1":"product","2":"type-product","3":"status-publish","4":"has-post-thumbnail","6":"product_cat-freizeitparks-teneriffa","7":"product_tag-a-group-friends","8":"product_tag-a-gruppe-paare","9":"product_tag-a-gruppen-familien","10":"product_tag-a-vibe-parks","11":"pa_depart-from-sueden-der-insel","13":"first","14":"instock","15":"virtual","16":"sold-individually","17":"purchasable","18":"product-type-booking"},"acf":[],"_links":{"self":[{"href":"https:\/\/thetenerifechannel.com\/de\/wp-json\/wp\/v2\/product\/122878","targetHints":{"allow":["GET"]}}],"collection":[{"href":"https:\/\/thetenerifechannel.com\/de\/wp-json\/wp\/v2\/product"}],"about":[{"href":"https:\/\/thetenerifechannel.com\/de\/wp-json\/wp\/v2\/types\/product"}],"wp:featuredmedia":[{"embeddable":true,"href":"https:\/\/thetenerifechannel.com\/de\/wp-json\/wp\/v2\/media\/123149"}],"wp:attachment":[{"href":"https:\/\/thetenerifechannel.com\/de\/wp-json\/wp\/v2\/media?parent=122878"}],"wp:term":[{"taxonomy":"product_brand","embeddable":true,"href":"https:\/\/thetenerifechannel.com\/de\/wp-json\/wp\/v2\/product_brand?post=122878"},{"taxonomy":"product_cat","embeddable":true,"href":"https:\/\/thetenerifechannel.com\/de\/wp-json\/wp\/v2\/product_cat?post=122878"},{"taxonomy":"product_tag","embeddable":true,"href":"https:\/\/thetenerifechannel.com\/de\/wp-json\/wp\/v2\/product_tag?post=122878"}],"curies":[{"name":"wp","href":"https:\/\/api.w.org\/{rel}","templated":true}]}}