{"id":123870,"date":"2026-04-20T13:04:11","date_gmt":"2026-04-20T13:04:11","guid":{"rendered":"https:\/\/thetenerifechannel.com\/excursions\/wandern\/"},"modified":"2026-04-21T09:46:42","modified_gmt":"2026-04-21T09:46:42","slug":"wandern","status":"publish","type":"product","link":"https:\/\/thetenerifechannel.com\/de\/excursions\/wandern\/","title":{"rendered":"Wandern"},"content":{"rendered":"<section class=\"l-section wpb_row height_huge\"><div class=\"l-section-h i-cf\"><div class=\"g-cols vc_row via_grid cols_1 laptops-cols_inherit tablets-cols_inherit mobiles-cols_1 valign_top type_default stacking_default\"><div class=\"wpb_column vc_column_container\"><div class=\"vc_column-inner\"><div class=\"wpb_text_column\"><div class=\"wpb_wrapper\"><p><strong><span>WANDERN LA LAGUNA &#8211; ANAGA <\/span><\/strong><span>&#8211; Jeden Montag<\/span><\/p>\n<p><span>Genie\u00dfen Sie eine zweist\u00fcndige Wanderung durch den \u00fcppigen Lorbeerwald von Las Mercedes im Anaga Rural Park. Anschlie\u00dfend haben Sie Zeit, die UNESCO-Weltkulturerbestadt San Crist\u00f3bal de La Laguna zu erkunden.<\/span><\/p>\n<p><u><span>Schwierigkeit<\/span><\/u><span>: 2\/6<br \/>\n<u>Dauer der Wanderung<\/u>: 1h30\/2h00 (Ausflugsdauer: ganzer Tag)<br \/>\n<u>H\u00f6henunterschied<\/u>: +300m\/-300m<br \/>\n<\/span><\/p>\n<p>&nbsp;<\/p>\n<p><strong><span>WANDERUNG TEIDE LIGHT <\/span><\/strong><span>&#8211; Jeden Donnerstag<\/span><\/p>\n<p><span>Entdecken Sie den Nationalpark Teide, UNESCO-Welterbe, und wandern Sie um die &#8220;Roques de Garcia&#8221; zwischen Lavastr\u00f6men und vulkanischen Formen. Wir werden die Flora und Fauna beobachten und eine einzigartige Erfahrung machen, umgeben von einer erstaunlichen mineralischen und vulkanischen Landschaft! <\/span><\/p>\n<p><u><span>Schwierigkeit<\/span><\/u><span>: 2\/6<br \/>\n<u>Dauer der Wanderung<\/u>: 1h30\/2h00 (Ausflugsdauer: ganzer Tag)<br \/>\n<u>H\u00f6henunterschied<\/u>: +175m\/-175m<br \/>\n<\/span><\/p>\n<p>&nbsp;<\/p>\n<p><strong><span>CAMINO REAL <\/span><\/strong><span>&#8211; Jeden Mittwoch<\/span><\/p>\n<p><span>Entlang dieses alten Camino Real werden wir von einzigartiger Natur umgeben sein, wir werden einen beeindruckenden Blick auf den Teide haben, Sie werden die endemische kanarische Flora beobachten k\u00f6nnen und unglaubliche Landschaften genie\u00dfen.  <\/span><\/p>\n<p><u><span>Schwierigkeit<\/span><\/u><span>: 3\/6<br \/>\n<u>Startpunkt<\/u>: Santiago del Teide<br \/>\n<u>Dauer der Wanderung<\/u>: 3h30\/4h00 (Ausflugsdauer: ganzer Tag)<br \/>\n<u>H\u00f6henunterschied<\/u>: +352m\/-352m<\/span><\/p>\n<p><span>&#8212;&#8212;&#8212;&#8212;&#8212;&#8212;&#8212;&#8212;&#8212;&#8212;&#8212;&#8212;-<br \/>\n<\/span><\/p>\n<p><strong>Enthalten: <\/strong><\/p>\n<ul>\n<li>Bergf\u00fchrer,<\/li>\n<li><span>Transport von Ihrer Unterkunft im S\u00fcden Teneriffas.<\/span><\/li>\n<\/ul>\n<p><strong><span>Nicht enthalten:<\/span><\/strong><\/p>\n<ul>\n<li><span>Bringen Sie Wasser und etwas zu essen mit.<\/span><\/li>\n<\/ul>\n<p><span> <\/span><\/p>\n<\/div><\/div><\/div><\/div><\/div><\/div><\/section>\n","protected":false},"excerpt":{"rendered":"<p>Entdecken Sie Teneriffa zu Fu\u00df durch drei einzigartige Wandererlebnisse: Erkunden Sie die vulkanischen Landschaften des <span class=\"hover:entity-accent entity-underline inline cursor-pointer align-baseline\"><span class=\"whitespace-normal\">Teide-Nationalpark<\/span><\/span>, wandern Sie auf den \u00fcppigen Pfaden des <span class=\"hover:entity-accent entity-underline inline cursor-pointer align-baseline\"><span class=\"whitespace-normal\">L\u00e4ndlichen Park Anaga<\/span><\/span>und genie\u00dfen Sie eine Naturwanderung, die sich auf einheimische Pflanzen und die reiche Artenvielfalt der Insel konzentriert. Jede Route zeigt eine andere Seite von Teneriffa: wild, gr\u00fcn und vulkanisch <\/p>\n","protected":false},"featured_media":124001,"template":"","meta":{"_acf_changed":false,"_joinchat":[]},"product_brand":[],"product_cat":[149,273],"product_tag":[],"class_list":{"0":"post-123870","1":"product","2":"type-product","3":"status-publish","4":"has-post-thumbnail","6":"product_cat-insel-bustouren-teneriffa","7":"product_cat-natur-abenteuer","9":"first","10":"instock","11":"sold-individually","12":"shipping-taxable","13":"purchasable","14":"product-type-booking"},"acf":[],"_links":{"self":[{"href":"https:\/\/thetenerifechannel.com\/de\/wp-json\/wp\/v2\/product\/123870","targetHints":{"allow":["GET"]}}],"collection":[{"href":"https:\/\/thetenerifechannel.com\/de\/wp-json\/wp\/v2\/product"}],"about":[{"href":"https:\/\/thetenerifechannel.com\/de\/wp-json\/wp\/v2\/types\/product"}],"wp:featuredmedia":[{"embeddable":true,"href":"https:\/\/thetenerifechannel.com\/de\/wp-json\/wp\/v2\/media\/124001"}],"wp:attachment":[{"href":"https:\/\/thetenerifechannel.com\/de\/wp-json\/wp\/v2\/media?parent=123870"}],"wp:term":[{"taxonomy":"product_brand","embeddable":true,"href":"https:\/\/thetenerifechannel.com\/de\/wp-json\/wp\/v2\/product_brand?post=123870"},{"taxonomy":"product_cat","embeddable":true,"href":"https:\/\/thetenerifechannel.com\/de\/wp-json\/wp\/v2\/product_cat?post=123870"},{"taxonomy":"product_tag","embeddable":true,"href":"https:\/\/thetenerifechannel.com\/de\/wp-json\/wp\/v2\/product_tag?post=123870"}],"curies":[{"name":"wp","href":"https:\/\/api.w.org\/{rel}","templated":true}]}}