{"id":123892,"date":"2026-04-20T13:32:42","date_gmt":"2026-04-20T13:32:42","guid":{"rendered":"https:\/\/thetenerifechannel.com\/?post_type=product&#038;p=123892"},"modified":"2026-04-21T10:03:33","modified_gmt":"2026-04-21T10:03:33","slug":"aromen-und-weine-aus-dem-suden-copy","status":"publish","type":"product","link":"https:\/\/thetenerifechannel.com\/de\/excursions\/aromen-und-weine-aus-dem-suden-copy\/","title":{"rendered":"Agrotourismus-Ausfl\u00fcge"},"content":{"rendered":"<section class=\"l-section wpb_row height_huge\"><div class=\"l-section-h i-cf\"><div class=\"g-cols vc_row via_grid cols_1 laptops-cols_inherit tablets-cols_inherit mobiles-cols_1 valign_top type_default stacking_default\"><div class=\"wpb_column vc_column_container\"><div class=\"vc_column-inner\"><div class=\"wpb_text_column\"><div class=\"wpb_wrapper\"><p><strong>Agrotourismus &#8211; Aloe &amp; K\u00e4se <\/strong>&#8211; Jeden Freitag<\/p>\n<p data-start=\"0\" data-end=\"336\">Wir beginnen den Ausflug in der l\u00e4ndlichen Gegend von Tijoco Alto und besuchen eine traditionelle kanarische K\u00e4sefarm, wo Sie erfahren, wie Ziegen und Schafe gepflegt werden, wie frische Milch produziert wird und wie sie zu preisgekr\u00f6nten handwerklichen K\u00e4sesorten verarbeitet wird. Sie sehen den Prozess der K\u00e4seherstellung und genie\u00dfen eine Verkostung der verschiedenen Sorten. <\/p>\n<p>Anschlie\u00dfend fahren wir weiter nach Arona, wo wir eine Aloe Vera-Farm besuchen und mehr \u00fcber diese traditionelle Pflanze, ihren Anbau und ihre zahlreichen nat\u00fcrlichen Verwendungsm\u00f6glichkeiten erfahren. Sie werden auch sehen, wie die Aloe Vera geerntet wird und haben die M\u00f6glichkeit, ihr nat\u00fcrliches Fruchtfleisch zu probieren und entsprechende Produkte zu entdecken. <\/p>\n<p>Dauer: bis zu 5 Stunden<br data-start=\"23\" data-end=\"26\">Startzeit: gegen 8:00 Uhr<br data-start=\"52\" data-end=\"55\">Endzeit: vor 13:00 Uhr<\/p>\n<p><strong>Eingeschlossen:<\/strong><\/p>\n<ul>\n<li><span>Bustransport + gef\u00fchrter Kommentar.<\/span><\/li>\n<li><span><span>Besuch einer K\u00e4serei und K\u00e4severkostung.<\/span><\/span><\/li>\n<li><span><span>Besuch einer Aloe-Vera-Farm.<\/span><\/span><\/li>\n<\/ul>\n<hr>\n<p><strong>Agrotourismus &#8211; Bananen &amp; Weine <\/strong>&#8211; Jeden Dienstag<\/p>\n<section class=\"text-token-text-primary w-full focus:outline-none &#091;--shadow-height:45px&#093; has-data-writing-block:pointer-events-none has-data-writing-block:-mt-(--shadow-height) has-data-writing-block:pt-(--shadow-height) &#091;&amp;:has(&#091;data-writing-block&#093;)&gt;*&#093;:pointer-events-auto scroll-mt-(--header-height)\" dir=\"auto\" data-turn-id=\"4e5b4365-7f01-4fb7-bbe6-b2c875e02814\" data-testid=\"conversation-turn-63\" data-scroll-anchor=\"false\" data-turn=\"user\"><\/section>\n<section class=\"text-token-text-primary w-full focus:outline-none &#091;--shadow-height:45px&#093; has-data-writing-block:pointer-events-none has-data-writing-block:-mt-(--shadow-height) has-data-writing-block:pt-(--shadow-height) &#091;&amp;:has(&#091;data-writing-block&#093;)&gt;*&#093;:pointer-events-auto scroll-mt-&#091;calc(var(--header-height)+min(200px,max(70px,20svh)))&#093;\" dir=\"auto\" data-turn-id=\"request-WEB:5e23f363-5277-4bdb-a465-f3bcc7638e84-31\" data-testid=\"conversation-turn-64\" data-scroll-anchor=\"true\" data-turn=\"assistant\">\n<div class=\"text-base my-auto mx-auto pb-10 &#091;--thread-content-margin:var(--thread-content-margin-xs,calc(var(--spacing)*4))&#093; @w-sm\/main:&#091;--thread-content-margin:var(--thread-content-margin-sm,calc(var(--spacing)*6))&#093; @w-lg\/main:&#091;--thread-content-margin:var(--thread-content-margin-lg,calc(var(--spacing)*16))&#093; px-(--thread-content-margin)\">\n<div class=\"&#091;--thread-content-max-width:40rem&#093; @w-lg\/main:&#091;--thread-content-max-width:48rem&#093; mx-auto max-w-(--thread-content-max-width) flex-1 group\/turn-messages focus-visible:outline-hidden relative flex w-full min-w-0 flex-col agent-turn\">\n<div class=\"flex max-w-full flex-col gap-4 grow\">\n<div class=\"min-h-8 text-message relative flex w-full flex-col items-end gap-2 text-start break-words whitespace-normal outline-none keyboard-focused:focus-ring &#091;.text-message+&amp;&#093;:mt-1\" dir=\"auto\" tabindex=\"0\" data-message-author-role=\"assistant\" data-message-id=\"226b574a-d386-47bc-8902-04731c5cb45b\" data-message-model-slug=\"gpt-5-3\" data-turn-start-message=\"true\">\n<div class=\"flex w-full flex-col gap-1 empty:hidden\">\n<div class=\"markdown prose dark:prose-invert w-full wrap-break-word light markdown-new-styling\">\n<p data-start=\"0\" data-end=\"185\">Beginnen Sie Ihren Ausflug mit dem Besuch einer Bananenfarm, wo Sie etwas \u00fcber den traditionellen Anbau und die Geschichte von Gofio erfahren und lokale Produkte und tropische Fr\u00fcchte probieren k\u00f6nnen.<\/p>\n<p data-start=\"187\" data-end=\"298\">Weiter zum <span class=\"hover:entity-accent entity-underline inline cursor-pointer align-baseline\"><span class=\"whitespace-normal\">Mirador de la Centinela<\/span><\/span> f\u00fcr einen Halt, um die vulkanische Landschaft der Insel zu entdecken.<\/p>\n<p data-start=\"300\" data-end=\"524\" data-is-last-node=\"\" data-is-only-node=\"\">Anschlie\u00dfend geht es hinauf auf \u00fcber 1.200 Meter H\u00f6he, um ein lokales Weingut zu besuchen, wo Sie mehr \u00fcber den Weinherstellungsprozess erfahren und eine Verkostung von f\u00fcnf Weinen zusammen mit lokalen Produkten genie\u00dfen k\u00f6nnen, bevor Sie zu Ihrem Hotel zur\u00fcckkehren.<\/p>\n<p data-start=\"300\" data-end=\"524\" data-is-last-node=\"\" data-is-only-node=\"\">Dauer: bis zu 5 Stunden<br data-start=\"23\" data-end=\"26\">Startzeit: gegen 8:00 Uhr<br data-start=\"52\" data-end=\"55\">Endzeit: vor 13:00 Uhr<\/p>\n<p data-start=\"300\" data-end=\"524\" data-is-last-node=\"\" data-is-only-node=\"\">\n<\/div>\n<p><strong>Eingeschlossen:<\/strong><\/p>\n<ul>\n<li><span>Bustransport + gef\u00fchrter Kommentar.<\/span><\/li>\n<li>Besuch einer Bananenfarm mit Verkostung der lokalen Produkte.<\/li>\n<li>Besuch eines Weinguts mit Verkostung von f\u00fcnf Weinen und lokalen Spezialit\u00e4ten.<\/li>\n<\/ul>\n<\/div>\n<\/div>\n<\/div>\n<\/div>\n<\/div>\n<\/section>\n<\/div><\/div><\/div><\/div><\/div><\/div><\/section>\n","protected":false},"excerpt":{"rendered":"<p data-pm-slice=\"1 1 []\">Entdecken Sie die authentische, l\u00e4ndliche Seite Teneriffas bei spannenden agrotouristischen Ausfl\u00fcgen. Besuchen Sie lokale Bauernh\u00f6fe und Plantagen, erfahren Sie mehr \u00fcber den traditionellen Bananenanbau und die ber\u00fchmte Aloe Vera der Insel und genie\u00dfen Sie gef\u00fchrte Verkostungen von handwerklich hergestelltem K\u00e4se und kanarischen Weinen. Ein einzigartiges Erlebnis, das Sie mit der lokalen Kultur, der Natur und den Aromen verbindet.  <\/p>\n","protected":false},"featured_media":123903,"template":"","meta":{"_acf_changed":false,"_joinchat":[]},"product_brand":[],"product_cat":[149,273,180],"product_tag":[378,401,405],"class_list":{"0":"post-123892","1":"product","2":"type-product","3":"status-publish","4":"has-post-thumbnail","6":"product_cat-insel-bustouren-teneriffa","7":"product_cat-natur-abenteuer","8":"product_cat-nicht-kategorisiert","9":"product_tag-a-gruppe-paare","10":"product_tag-a-vibe-explore","11":"product_tag-a-vibe-romantik","12":"pa_depart-from-sueden-der-insel","14":"first","15":"instock","16":"virtual","17":"sold-individually","18":"purchasable","19":"product-type-booking"},"acf":[],"_links":{"self":[{"href":"https:\/\/thetenerifechannel.com\/de\/wp-json\/wp\/v2\/product\/123892","targetHints":{"allow":["GET"]}}],"collection":[{"href":"https:\/\/thetenerifechannel.com\/de\/wp-json\/wp\/v2\/product"}],"about":[{"href":"https:\/\/thetenerifechannel.com\/de\/wp-json\/wp\/v2\/types\/product"}],"wp:featuredmedia":[{"embeddable":true,"href":"https:\/\/thetenerifechannel.com\/de\/wp-json\/wp\/v2\/media\/123903"}],"wp:attachment":[{"href":"https:\/\/thetenerifechannel.com\/de\/wp-json\/wp\/v2\/media?parent=123892"}],"wp:term":[{"taxonomy":"product_brand","embeddable":true,"href":"https:\/\/thetenerifechannel.com\/de\/wp-json\/wp\/v2\/product_brand?post=123892"},{"taxonomy":"product_cat","embeddable":true,"href":"https:\/\/thetenerifechannel.com\/de\/wp-json\/wp\/v2\/product_cat?post=123892"},{"taxonomy":"product_tag","embeddable":true,"href":"https:\/\/thetenerifechannel.com\/de\/wp-json\/wp\/v2\/product_tag?post=123892"}],"curies":[{"name":"wp","href":"https:\/\/api.w.org\/{rel}","templated":true}]}}