{"id":124210,"date":"2026-04-21T12:56:15","date_gmt":"2026-04-21T12:56:15","guid":{"rendered":"https:\/\/thetenerifechannel.com\/?post_type=product&#038;p=124210"},"modified":"2026-04-21T13:48:28","modified_gmt":"2026-04-21T13:48:28","slug":"pampano-privat-charter-copy","status":"publish","type":"product","link":"https:\/\/thetenerifechannel.com\/de\/excursions\/pampano-privat-charter-copy\/","title":{"rendered":"Libbys Privat-Charter"},"content":{"rendered":"<section class=\"l-section wpb_row height_huge\"><div class=\"l-section-h i-cf\"><div class=\"g-cols vc_row via_grid cols_1 laptops-cols_inherit tablets-cols_inherit mobiles-cols_1 valign_top type_default stacking_default\"><div class=\"wpb_column vc_column_container\"><div class=\"vc_column-inner\"><div class=\"wpb_text_column\"><div class=\"wpb_wrapper\"><p>Genie\u00dfen Sie einen exklusiven Privatcharter auf Teneriffa f\u00fcr bis zu 7 Personen! Verbringen Sie 3 Stunden mit einer Fahrt entlang der atemberaubenden K\u00fcste, mit einem erfrischenden Badestopp und einem leckeren Snack an Bord. Das perfekte Erlebnis, um sich zu entspannen, zu relaxen und die wundersch\u00f6nen Gew\u00e4sser Teneriffas in Komfort und Stil zu entdecken.  <\/p>\n<p><span class=\"x1rg5ohu x16dsc37 x19la9d6 x1fc57z9 x6ikm8r x10wlt62 x19co3pv x11tp94h xw4jnvo x1qx5ct2 xfibh0p xiy17q3 x1xsqp64 x1lkfr7t xexx8yu xyri2b x18d9i69 x1c1uobl\"><span class=\"xrtxmta x1bhl96m\">\ud83d\udccd<\/span><\/span><span class=\"_aupe copyable-text xkrh14z\">Puerto Colon (Costa Adeje)<\/span><\/p>\n<p><strong>INKLUSIVE:<\/strong><\/p>\n<ul>\n<li>3 Stunden Tour<\/li>\n<li>Schwimmstopp<\/li>\n<li>Tapas <em>(K\u00e4se, Tomaten, Oliven, spanisches Omelett, Serrano-Schinken, Kekse)<\/em> und Getr\u00e4nke <em>(Cava, Bier, Coca Cola, Fanta, Wasser)<\/em><\/li>\n<\/ul>\n<p><strong>NICHT INBEGRIFFEN:<\/strong><\/p>\n<ul>\n<li>Transport<\/li>\n<\/ul>\n<p>*Bitte beachten Sie, dass es zwar m\u00f6glich ist, w\u00e4hrend der Fahrt Wale\/Delphine zu sehen, es sich aber nicht um eine Whale-Watching-Tour handelt. Das Boot ist f\u00fcr eine entspannende und landschaftlich reizvolle Fahrt entlang der wundersch\u00f6nen K\u00fcste Teneriffas konzipiert. Ein Badestopp und ein Mittagessen sind inbegriffen und bieten Ihnen die perfekte M\u00f6glichkeit, einen luxuri\u00f6sen Tag auf dem Meer zu genie\u00dfen.<\/p>\n<\/div><\/div><\/div><\/div><\/div><\/div><\/section>\n","protected":false},"excerpt":{"rendered":"<p>Genie\u00dfen Sie eine 3-st\u00fcndige private Bootsfahrt mit einem erfrischenden Badestopp und einem leckeren Snack an Bord.<\/p>\n<p><strong>*Kontaktieren Sie uns immer, bevor Sie diesen privaten Charter buchen.<\/strong><\/p>\n","protected":false},"featured_media":124221,"template":"","meta":{"_acf_changed":false,"_joinchat":[]},"product_brand":[],"product_cat":[230],"product_tag":[],"class_list":{"0":"post-124210","1":"product","2":"type-product","3":"status-publish","4":"has-post-thumbnail","6":"product_cat-privat-charter-teneriffa","8":"first","9":"instock","10":"virtual","11":"sold-individually","12":"purchasable","13":"product-type-booking"},"acf":[],"_links":{"self":[{"href":"https:\/\/thetenerifechannel.com\/de\/wp-json\/wp\/v2\/product\/124210","targetHints":{"allow":["GET"]}}],"collection":[{"href":"https:\/\/thetenerifechannel.com\/de\/wp-json\/wp\/v2\/product"}],"about":[{"href":"https:\/\/thetenerifechannel.com\/de\/wp-json\/wp\/v2\/types\/product"}],"wp:featuredmedia":[{"embeddable":true,"href":"https:\/\/thetenerifechannel.com\/de\/wp-json\/wp\/v2\/media\/124221"}],"wp:attachment":[{"href":"https:\/\/thetenerifechannel.com\/de\/wp-json\/wp\/v2\/media?parent=124210"}],"wp:term":[{"taxonomy":"product_brand","embeddable":true,"href":"https:\/\/thetenerifechannel.com\/de\/wp-json\/wp\/v2\/product_brand?post=124210"},{"taxonomy":"product_cat","embeddable":true,"href":"https:\/\/thetenerifechannel.com\/de\/wp-json\/wp\/v2\/product_cat?post=124210"},{"taxonomy":"product_tag","embeddable":true,"href":"https:\/\/thetenerifechannel.com\/de\/wp-json\/wp\/v2\/product_tag?post=124210"}],"curies":[{"name":"wp","href":"https:\/\/api.w.org\/{rel}","templated":true}]}}