{"id":13026,"date":"2024-08-15T17:38:41","date_gmt":"2024-08-15T17:38:41","guid":{"rendered":"https:\/\/thetenerifechannel.com\/excursions\/unkategorisiert\/surfen-lernen\/"},"modified":"2026-03-09T13:56:35","modified_gmt":"2026-03-09T13:56:35","slug":"surfen-lernen","status":"publish","type":"product","link":"https:\/\/thetenerifechannel.com\/de\/excursions\/surfen-lernen\/","title":{"rendered":"Surfen lernen"},"content":{"rendered":"<p>Fangen Sie die Wellen mit 2-st\u00fcndigen Surf-Sessions auf Teneriffa! Egal, ob Sie Anf\u00e4nger oder erfahrener Surfer sind, Sie k\u00f6nnen zwischen Privat- oder Gruppenunterricht f\u00fcr alle K\u00f6nnensstufen w\u00e4hlen.<\/p>\n<p>Diese Kurse mit erfahrenen Lehrern sind so konzipiert, dass Sie Spa\u00df haben, schnell lernen und sicher auf den Wellen reiten k\u00f6nnen. Probieren Sie diesen beliebten Sport aus und machen Sie Ihren Teneriffa-Besuch mit jeder Welle, die Sie erwischen, unvergesslich! <\/p>\n<p><span>In Playa de Las Americas beginnt jeder Kurs mit 30 Minuten Theorie und Aufw\u00e4rmen au\u00dferhalb des Wassers. Danach folgt eine ca. 1 Stunde und 30 Minuten dauernde \u00dcbung im Meer. <\/span><\/p>\n<p><strong>INKLUSIVE:<\/strong><\/p>\n<ul>\n<li class=\"dsm_icon_list_child dsm_icon_list_child_0\"><span class=\"dsm_icon_list_text\">Surfbrett \/ Bodyboard<\/span><\/li>\n<li class=\"dsm_icon_list_child dsm_icon_list_child_1\"><span class=\"dsm_icon_list_text\">Neoprenanzug<\/span><\/li>\n<li class=\"dsm_icon_list_child dsm_icon_list_child_3\"><span class=\"dsm_icon_list_text\">F\u00fc\u00dflinge (optional)<\/span><\/li>\n<li class=\"dsm_icon_list_child dsm_icon_list_child_4\"><span class=\"dsm_icon_list_text\">Flossen (f\u00fcr Bodyboarding)<\/span><\/li>\n<li class=\"dsm_icon_list_child dsm_icon_list_child_6\"><span class=\"dsm_icon_list_text\">Unfallversicherung<\/span><\/li>\n<\/ul>\n<p><strong>NICHT INBEGRIFFEN:<\/strong><\/p>\n<ul>\n<li>Transport<\/li>\n<\/ul>\n<p>*Kinder unter 13 Jahren m\u00fcssen den Privat- oder Halbprivatunterricht in Begleitung eines anderen Familienmitglieds nehmen.<br \/>\n*Mindestalter: 5 Jahre alt.<\/p>\n<p>&nbsp;<\/p>\n","protected":false},"excerpt":{"rendered":"<p><span>Erleben Sie das Gef\u00fchl des Wellenreitens in Playa de Las Americas. <\/span><span>Kurse f\u00fcr alle Niveaus, um<\/span><span> um Ihnen zu helfen, Ihre erste Welle auf Teneriffa zu erwischen.<br \/>\nPrivat- oder Gruppenunterricht m\u00f6glich.<\/span><\/p>\n","protected":false},"featured_media":12983,"template":"","meta":{"_acf_changed":false,"_joinchat":[]},"product_brand":[],"product_cat":[167],"product_tag":[],"class_list":{"0":"post-13026","1":"product","2":"type-product","3":"status-publish","4":"has-post-thumbnail","6":"product_cat-wassersport-teneriffa","7":"pa_depart-from-sueden-der-insel","9":"first","10":"instock","11":"virtual","12":"sold-individually","13":"purchasable","14":"product-type-booking"},"acf":[],"_links":{"self":[{"href":"https:\/\/thetenerifechannel.com\/de\/wp-json\/wp\/v2\/product\/13026","targetHints":{"allow":["GET"]}}],"collection":[{"href":"https:\/\/thetenerifechannel.com\/de\/wp-json\/wp\/v2\/product"}],"about":[{"href":"https:\/\/thetenerifechannel.com\/de\/wp-json\/wp\/v2\/types\/product"}],"wp:featuredmedia":[{"embeddable":true,"href":"https:\/\/thetenerifechannel.com\/de\/wp-json\/wp\/v2\/media\/12983"}],"wp:attachment":[{"href":"https:\/\/thetenerifechannel.com\/de\/wp-json\/wp\/v2\/media?parent=13026"}],"wp:term":[{"taxonomy":"product_brand","embeddable":true,"href":"https:\/\/thetenerifechannel.com\/de\/wp-json\/wp\/v2\/product_brand?post=13026"},{"taxonomy":"product_cat","embeddable":true,"href":"https:\/\/thetenerifechannel.com\/de\/wp-json\/wp\/v2\/product_cat?post=13026"},{"taxonomy":"product_tag","embeddable":true,"href":"https:\/\/thetenerifechannel.com\/de\/wp-json\/wp\/v2\/product_tag?post=13026"}],"curies":[{"name":"wp","href":"https:\/\/api.w.org\/{rel}","templated":true}]}}