{"id":15993,"date":"2024-09-03T16:04:52","date_gmt":"2024-09-03T16:04:52","guid":{"rendered":"https:\/\/thetenerifechannel.com\/excursions\/unkategorisiert\/history-die-entwicklung-der-musik\/"},"modified":"2026-03-09T13:56:37","modified_gmt":"2026-03-09T13:56:37","slug":"history-die-entwicklung-der-musik","status":"publish","type":"product","link":"https:\/\/thetenerifechannel.com\/de\/excursions\/history-die-entwicklung-der-musik\/","title":{"rendered":"History &#8211; Die Entwicklung der Musik"},"content":{"rendered":"<p>History &#8211; The Evolution of Music ist ein fesselndes Musical voller Farbe, Talent und Emotionen. Mit \u00fcber 30 Musikern, S\u00e4ngern, T\u00e4nzern und Akrobaten ist diese spektakul\u00e4re Produktion eine Hommage an die gr\u00f6\u00dften Komponisten, Bands und Interpreten aller Zeiten, von Mozart bis Michael Jackson. <\/p>\n<p>Begeben Sie sich auf eine Reise durch Tanz, Kino, Theater und die legend\u00e4re Musik, die unser Leben gepr\u00e4gt hat. Die Geschichte erweckt die Meilensteine der musikalischen Entwicklung zum Leben, von den gregorianischen Ges\u00e4ngen bis zu Pink Floyds \u201eThe Wall\u201c, von Beethovens Sinfonien bis zum Rock von Queen, von Chopin bis zu den Beatles, von Carusos Opern bis zu Elvis Presley, von Ella Fitzgeralds Soul bis zu Madonnas Pop. <\/p>\n<p>Diese au\u00dfergew\u00f6hnliche Show zelebriert alle gro\u00dfen Ikonen und Stile der Musikgeschichte und bietet ein aufregendes Erlebnis f\u00fcr die ganze Familie. Mit einer beeindruckenden Inszenierung und atemberaubenden Kost\u00fcmen entf\u00fchrt History die Zuschauer durch die Zeit und verbindet Emotionen, Unterhaltung und eine tiefe Liebe f\u00fcr die darstellenden K\u00fcnste auf eine Weise, die die Fantasie anregt. Perfekt f\u00fcr Erwachsene und Kinder.  <\/p>\n<ul>\n<li>Veranstaltungsort: Auditorium Pir\u00e1mide de Arona (Playa de Las Am\u00e9ricas).<\/li>\n<li>Dauer: 2h15 Minuten<\/li>\n<li>Pause: 15 min<\/li>\n<li>\u00d6ffnung der T\u00fcren: 20:00 Uhr. Beginn der Show: 9:00 p.m. <\/li>\n<li>Unnummerierte Pl\u00e4tze: Pl\u00e4tze werden in der Reihenfolge der Ankunft vergeben<\/li>\n<li>Behindertengerechter Zugang<\/li>\n<\/ul>\n<p>&nbsp;<\/p>\n","protected":false},"excerpt":{"rendered":"<p><span>The Evolution of Music ist ein lebhaftes musikalisches Spektakel mit \u00fcber 30 talentierten Musikern, S\u00e4ngern, T\u00e4nzern und Akrobaten. Diese lebendige Produktion ist eine Hommage an die gr\u00f6\u00dften K\u00fcnstler aller Zeiten, von Mozart bis Michael Jackson, und bietet eine farbenfrohe und emotionale Reise durch die Geschichte der Musik. <\/span><\/p>\n","protected":false},"featured_media":15979,"template":"","meta":{"_acf_changed":false,"_joinchat":[]},"product_brand":[],"product_cat":[171],"product_tag":[267],"class_list":{"0":"post-15993","1":"product","2":"type-product","3":"status-publish","4":"has-post-thumbnail","6":"product_cat-abendshows-teneriffa","7":"product_tag-home-karten","9":"first","10":"instock","11":"virtual","12":"sold-individually","13":"purchasable","14":"product-type-booking"},"acf":[],"_links":{"self":[{"href":"https:\/\/thetenerifechannel.com\/de\/wp-json\/wp\/v2\/product\/15993","targetHints":{"allow":["GET"]}}],"collection":[{"href":"https:\/\/thetenerifechannel.com\/de\/wp-json\/wp\/v2\/product"}],"about":[{"href":"https:\/\/thetenerifechannel.com\/de\/wp-json\/wp\/v2\/types\/product"}],"wp:featuredmedia":[{"embeddable":true,"href":"https:\/\/thetenerifechannel.com\/de\/wp-json\/wp\/v2\/media\/15979"}],"wp:attachment":[{"href":"https:\/\/thetenerifechannel.com\/de\/wp-json\/wp\/v2\/media?parent=15993"}],"wp:term":[{"taxonomy":"product_brand","embeddable":true,"href":"https:\/\/thetenerifechannel.com\/de\/wp-json\/wp\/v2\/product_brand?post=15993"},{"taxonomy":"product_cat","embeddable":true,"href":"https:\/\/thetenerifechannel.com\/de\/wp-json\/wp\/v2\/product_cat?post=15993"},{"taxonomy":"product_tag","embeddable":true,"href":"https:\/\/thetenerifechannel.com\/de\/wp-json\/wp\/v2\/product_tag?post=15993"}],"curies":[{"name":"wp","href":"https:\/\/api.w.org\/{rel}","templated":true}]}}