{"id":16470,"date":"2024-09-06T15:09:13","date_gmt":"2024-09-06T15:09:13","guid":{"rendered":"https:\/\/thetenerifechannel.com\/excursions\/unkategorisiert\/jetcar\/"},"modified":"2026-03-09T13:56:23","modified_gmt":"2026-03-09T13:56:23","slug":"jetcar","status":"publish","type":"product","link":"https:\/\/thetenerifechannel.com\/de\/excursions\/jetcar\/","title":{"rendered":"JetCar"},"content":{"rendered":"<p>Das ultimative Wasserabenteuer auf Teneriffa! Steigen Sie an Bord und genie\u00dfen Sie 45 oder 60 Minuten pures Adrenalin. Dieses einzigartige Motorboot bietet Platz f\u00fcr 3 Passagiere, und Sie haben die Kontrolle &#8211; Sie sind der Kapit\u00e4n Ihres eigenen Jetcars. Das Abenteuer beginnt, sobald Sie an Bord gehen. Sie haben die Freiheit, unabh\u00e4ngig zu navigieren und die Aufregung des Wellenreitens zu sp\u00fcren, w\u00e4hrend Sie das Jetcar steuern.   <\/p>\n<p>Buchen Sie jetzt Ihre Reise und erleben Sie die ultimative Freiheit auf dem Meer.<\/p>\n<ul>\n<li>Mindestalter: 6 Jahre<\/li>\n<li>Abholung m\u00f6glich (zwischen Los Cristianos und Callao Salvaje)<\/li>\n<\/ul>\n","protected":false},"excerpt":{"rendered":"<p>Erleben Sie den Nervenkitzel des Ozeans mit dem Jetcar! \u00dcbernehmen Sie die Kontrolle \u00fcber Ihr eigenes Hochgeschwindigkeits-Jetcar und erleben Sie 45 oder 60 Minuten lang ein adrenalingeladenes Abenteuer. Sp\u00fcren Sie die Freiheit, w\u00e4hrend Sie \u00fcber die Wellen navigieren und atemberaubende Aussichten genie\u00dfen.  <\/p>\n","protected":false},"featured_media":16452,"template":"","meta":{"_acf_changed":false,"_joinchat":[]},"product_brand":[],"product_cat":[167],"product_tag":[],"class_list":{"0":"post-16470","1":"product","2":"type-product","3":"status-publish","4":"has-post-thumbnail","6":"product_cat-wassersport-teneriffa","8":"first","9":"instock","10":"virtual","11":"sold-individually","12":"purchasable","13":"product-type-booking"},"acf":[],"_links":{"self":[{"href":"https:\/\/thetenerifechannel.com\/de\/wp-json\/wp\/v2\/product\/16470","targetHints":{"allow":["GET"]}}],"collection":[{"href":"https:\/\/thetenerifechannel.com\/de\/wp-json\/wp\/v2\/product"}],"about":[{"href":"https:\/\/thetenerifechannel.com\/de\/wp-json\/wp\/v2\/types\/product"}],"wp:featuredmedia":[{"embeddable":true,"href":"https:\/\/thetenerifechannel.com\/de\/wp-json\/wp\/v2\/media\/16452"}],"wp:attachment":[{"href":"https:\/\/thetenerifechannel.com\/de\/wp-json\/wp\/v2\/media?parent=16470"}],"wp:term":[{"taxonomy":"product_brand","embeddable":true,"href":"https:\/\/thetenerifechannel.com\/de\/wp-json\/wp\/v2\/product_brand?post=16470"},{"taxonomy":"product_cat","embeddable":true,"href":"https:\/\/thetenerifechannel.com\/de\/wp-json\/wp\/v2\/product_cat?post=16470"},{"taxonomy":"product_tag","embeddable":true,"href":"https:\/\/thetenerifechannel.com\/de\/wp-json\/wp\/v2\/product_tag?post=16470"}],"curies":[{"name":"wp","href":"https:\/\/api.w.org\/{rel}","templated":true}]}}