{"id":24835,"date":"2024-10-29T10:07:45","date_gmt":"2024-10-29T10:07:45","guid":{"rendered":"https:\/\/thetenerifechannel.com\/product\/la-palma\/"},"modified":"2026-03-09T13:56:12","modified_gmt":"2026-03-09T13:56:12","slug":"la-palma","status":"publish","type":"product","link":"https:\/\/thetenerifechannel.com\/de\/excursions\/la-palma\/","title":{"rendered":"La Palma"},"content":{"rendered":"<p><span>Entdecken Sie die Sch\u00f6nheit von La Palma! Abfahrt mit der F\u00e4hre von Los Cristianos aus. <\/span><\/p>\n<ul>\n<li><strong>10:15 Uhr Ankunft am Hafen von Santa Cruz de La Palma.<\/strong><br \/>\nIhr Tag beginnt mit der Ankunft im Hafen von Santa Cruz de La Palma, wo wir von Bord gehen und Sie sich auf die Erkundung dieser wundersch\u00f6nen Kanareninsel vorbereiten. Santa Cruz ist die Hauptstadt von La Palma und bekannt f\u00fcr ihren historischen Charme und ihre koloniale Architektur. <\/li>\n<li><strong>Spaziergang durch die Hauptstadt von Santa Cruz.<\/strong><br \/>\nWir beginnen die Tour mit einem kurzen Spaziergang durch das Stadtzentrum, wo Sie die traditionelle Architektur, die gepflasterten Stra\u00dfen und die sch\u00f6nen Ecken entdecken werden.<\/li>\n<li><strong>Besuch des Vulkans Tajogaite.<\/strong><br \/>\nWir lassen die Hauptstadt hinter uns und fahren zum Vulkan Tajogaite, der aufgrund des j\u00fcngsten Ausbruchs im Jahr 2021 einer der symboltr\u00e4chtigsten Orte der Insel ist. Dieser Vulkan hat tiefe geologische Spuren auf der Insel hinterlassen, und seine Landschaft nach dem Ausbruch bietet spektakul\u00e4re Aussichten. <\/li>\n<li><strong><span style=\"letter-spacing: 0em;\">Mittagessen in einem lokalen Restaurant.<br \/>\n<\/span><\/strong><span style=\"letter-spacing: 0em;\">Nach dem Besuch des Vulkans ist es Zeit, sich zu entspannen und eine Mahlzeit zu genie\u00dfen, die im Preis der Tour enthalten ist.<\/span><\/li>\n<li><strong><span style=\"letter-spacing: 0em;\">Besuch des Heiligtums des Schnees<br \/>\n<\/span><\/strong><span style=\"letter-spacing: 0em;\">Nach dem Mittagessen fahren wir zum Heiligtum von Las Nieves, das in den Bergen von<\/span><span style=\"letter-spacing: 0em;\">  die Insel. Diese Pilgerfahrt   <\/span><span style=\"letter-spacing: 0em;\">ist einer der wichtigsten Wallfahrtsorte auf La Palma<\/span><span style=\"letter-spacing: 0em;\">und ist der Virgen de las Nieves, der Schutzpatronin der Insel, gewidmet. <\/span><span style=\"letter-spacing: 0em;\">Von hier aus k\u00f6nnen Sie einen atemberaubenden Blick auf die <\/span><span style=\"letter-spacing: 0em;\">beeindruckende bergige Umgebung und das Tal.<\/span><\/li>\n<li><strong><span style=\"letter-spacing: 0em;\">R\u00fcckkehr zur Anlegestelle von Santa Cruz de La Palma.<br \/>\n<\/span><\/strong><span style=\"letter-spacing: 0em;\">Schlie\u00dflich kehren wir in den Hafen von Santa Cruz zur\u00fcck,  <\/span><span style=\"letter-spacing: 0em;\">wo unser Ausflug enden wird. Dies ist der Abschiedsgru\u00df  <\/span><span style=\"letter-spacing: 0em;\">Zeit genug, um an Bord zu gehen und Ihre Reise fortzusetzen.<\/span><\/li>\n<\/ul>\n<p><strong>INKLUSIVE:<\/strong><\/p>\n<ul>\n<li>Transfer zum Hafen von Los Cristianos und zur\u00fcck zum Hotel<\/li>\n<li>Offizieller Leitfaden<\/li>\n<li>Klimatisierter Bus<\/li>\n<li>Mittagessen<\/li>\n<li>F\u00e4hrtickets<\/li>\n<\/ul>\n<p><strong>WICHTIG!<\/strong><\/p>\n<p>Die Abholzeit wird am Tag vor dem Ausflug best\u00e4tigt.<br \/>\nDenken Sie daran, Ihren Originalausweis oder Reisepass mitzubringen.<\/p>\n","protected":false},"excerpt":{"rendered":"<p><span>Entdecken Sie die Sch\u00f6nheit von La Palma mit Besuchen von Sehensw\u00fcrdigkeiten wie der Wallfahrtskirche Virgen de las Nieves, dem Aussichtspunkt Cumbrecita und dem majest\u00e4tischen Vulkan Cumbre Vieja. Genie\u00dfen Sie ein malerisches Mittagessen an der Westk\u00fcste und, wenn es die Zeit erlaubt, einen Spaziergang durch das historische Zentrum von Santa Cruz de La Palma. <\/span><\/p>\n","protected":false},"featured_media":24826,"template":"","meta":{"_acf_changed":false,"_joinchat":[]},"product_brand":[],"product_cat":[260],"product_tag":[],"class_list":{"0":"post-24835","1":"product","2":"type-product","3":"status-publish","4":"has-post-thumbnail","6":"product_cat-andere-inseln-touren","8":"first","9":"instock","10":"virtual","11":"sold-individually","12":"purchasable","13":"product-type-booking"},"acf":[],"_links":{"self":[{"href":"https:\/\/thetenerifechannel.com\/de\/wp-json\/wp\/v2\/product\/24835","targetHints":{"allow":["GET"]}}],"collection":[{"href":"https:\/\/thetenerifechannel.com\/de\/wp-json\/wp\/v2\/product"}],"about":[{"href":"https:\/\/thetenerifechannel.com\/de\/wp-json\/wp\/v2\/types\/product"}],"wp:featuredmedia":[{"embeddable":true,"href":"https:\/\/thetenerifechannel.com\/de\/wp-json\/wp\/v2\/media\/24826"}],"wp:attachment":[{"href":"https:\/\/thetenerifechannel.com\/de\/wp-json\/wp\/v2\/media?parent=24835"}],"wp:term":[{"taxonomy":"product_brand","embeddable":true,"href":"https:\/\/thetenerifechannel.com\/de\/wp-json\/wp\/v2\/product_brand?post=24835"},{"taxonomy":"product_cat","embeddable":true,"href":"https:\/\/thetenerifechannel.com\/de\/wp-json\/wp\/v2\/product_cat?post=24835"},{"taxonomy":"product_tag","embeddable":true,"href":"https:\/\/thetenerifechannel.com\/de\/wp-json\/wp\/v2\/product_tag?post=24835"}],"curies":[{"name":"wp","href":"https:\/\/api.w.org\/{rel}","templated":true}]}}