{"id":29400,"date":"2024-11-26T20:05:16","date_gmt":"2024-11-26T20:05:16","guid":{"rendered":"https:\/\/thetenerifechannel.com\/product\/buggy-abenteuer-bei-sonnenuntergang\/"},"modified":"2026-05-05T13:31:15","modified_gmt":"2026-05-05T13:31:15","slug":"buggy-abenteuer-bei-sonnenuntergang","status":"publish","type":"product","link":"https:\/\/thetenerifechannel.com\/de\/excursions\/buggy-abenteuer-bei-sonnenuntergang\/","title":{"rendered":"Buggy Abenteuer bei Sonnenuntergang"},"content":{"rendered":"<section class=\"l-section wpb_row height_huge\"><div class=\"l-section-h i-cf\"><div class=\"g-cols vc_row via_grid cols_1 laptops-cols_inherit tablets-cols_inherit mobiles-cols_1 valign_top type_default stacking_default\"><div class=\"wpb_column vc_column_container\"><div class=\"vc_column-inner\"><div class=\"wpb_text_column\"><div class=\"wpb_wrapper\"><p data-start=\"0\" data-end=\"167\">3,5-st\u00fcndige Tour zum Teide-Nationalpark mit Sonnenuntergang. Wir durchqueren mehrere D\u00f6rfer im S\u00fcden Teneriffas und genie\u00dfen dabei wundersch\u00f6ne Landschaften und frische Bergluft. <\/p>\n<p data-start=\"169\" data-end=\"537\">Wir setzen die Route zum Teide-Nationalpark fort, wo Sie sich entspannen und Panoramafotos machen k\u00f6nnen. Wir halten an, um den Sonnenuntergang zu beobachten, w\u00e4hrend wir bei einem Getr\u00e4nk (Wein und\/oder alkoholfreier Sekt) und ein paar Wurstwaren und\/oder N\u00fcssen die Landschaft und den majest\u00e4tischen Sonnenuntergang bewundern, den die Insel Teneriffa zu bieten hat, und unvergessliche Momente schaffen. <\/p>\n<p data-start=\"539\" data-end=\"636\" data-is-last-node=\"\" data-is-only-node=\"\">Anschlie\u00dfend treten wir die R\u00fcckfahrt an, bei der wir die gesamte K\u00fcstenregion der Insel bewundern k\u00f6nnen.<\/p>\n<p><strong>INKLUSIVE:<\/strong><\/p>\n<ul>\n<li>Fahrtzeit 3,5 Stunden.<\/li>\n<li><span>Kraftstoff, Reisef\u00fchrer, Versicherung f\u00fcr Touristen, Jacke\/Mantel, Sonnenbrille, Schokolade, Sandwich und Wasser, Wein und\/oder Sekt (alkoholfrei), Wurstwaren und\/oder N\u00fcsse.<\/span><\/li>\n<li><span>Wir empfehlen Ihnen, einen Mantel mitzubringen, obwohl das Unternehmen einen f\u00fcr Sie bereith\u00e4lt.<\/span><\/li>\n<\/ul>\n<p>*Freier Transport im S\u00fcden der Insel: Las Am\u00e9ricas, Los Cristianos, Costa Adeje, Fa\u00f1ab\u00e9, Torviscas, La Caleta, El M\u00e9dano, Los Abrigos, Costa del Silencio, Las Galletas, Golf del Sur und Amarilla Golf.<br \/>\n<span>F\u00fcr die Abholung au\u00dferhalb dieser Gebiete fallen zus\u00e4tzliche Kosten in H\u00f6he von 10 \u20ac pro Buggy (Abholung und R\u00fcckgabe) an, die zu Beginn der Tour bezahlt werden m\u00fcssen. Fragen Sie bei der Reservierung nach der Verf\u00fcgbarkeit.<\/span><\/p>\n<p><span>*Sie m\u00fcssen geschlossene Schuhe tragen.<br \/>\n*Sie m\u00fcssen einen Autof\u00fchrerschein B1 besitzen. WIR AKZEPTIEREN KEINE VORL\u00c4UFIGEN F\u00dcHRERSCHEINE. Das Mindestalter des Fahrers betr\u00e4gt 18 Jahre.<br \/>\n*Kinder k\u00f6nnen als Begleiter im zweisitzigen Buggy mitfahren, wenn sie 1,35 Meter oder gr\u00f6\u00dfer sind. Kinder ab 2 Jahren k\u00f6nnen im Kindersitz des 4-sitzigen Buggys mitfahren, der vom Unternehmen zur Verf\u00fcgung gestellt wird. <\/span><\/p>\n<\/div><\/div><\/div><\/div><\/div><\/div><\/section>\n","protected":false},"excerpt":{"rendered":"<div class=\"flex max-w-full flex-col flex-grow\">\n<div class=\"min-h-8 text-message flex w-full flex-col items-end gap-2 whitespace-normal break-words [.text-message+&amp;]:mt-5\" dir=\"auto\" data-message-author-role=\"assistant\" data-message-id=\"bc3f96f7-f5f2-48ea-9575-478fb857310e\" data-message-model-slug=\"gpt-4o\">\n<div class=\"flex w-full flex-col gap-1 empty:hidden first:pt-[3px]\">\n<div class=\"markdown prose w-full break-words dark:prose-invert light\">\n<p>Begeben Sie sich auf eine unterhaltsame 3,5-st\u00fcndige Tour zum Nationalpark El Teide und genie\u00dfen Sie einen spektakul\u00e4ren Sonnenuntergang inmitten einer atemberaubenden Landschaft.<\/p>\n<\/div>\n<\/div>\n<\/div>\n<\/div>\n","protected":false},"featured_media":29295,"template":"","meta":{"_acf_changed":false,"_joinchat":[]},"product_brand":[],"product_cat":[149,154,147],"product_tag":[380,378,381,379,432,382],"class_list":{"0":"post-29400","1":"product","2":"type-product","3":"status-publish","4":"has-post-thumbnail","6":"product_cat-insel-bustouren-teneriffa","7":"product_cat-quad-fahren-auf-teneriffa","8":"product_cat-teide-teneriffa","9":"product_tag-a-group-friends","10":"product_tag-a-gruppe-paare","11":"product_tag-a-gruppe-solo","12":"product_tag-a-gruppen-familien","13":"product_tag-a-muss-adrenalin-paare","14":"product_tag-a-vibe-adventure","16":"first","17":"instock","18":"virtual","19":"sold-individually","20":"purchasable","21":"product-type-booking"},"acf":[],"_links":{"self":[{"href":"https:\/\/thetenerifechannel.com\/de\/wp-json\/wp\/v2\/product\/29400","targetHints":{"allow":["GET"]}}],"collection":[{"href":"https:\/\/thetenerifechannel.com\/de\/wp-json\/wp\/v2\/product"}],"about":[{"href":"https:\/\/thetenerifechannel.com\/de\/wp-json\/wp\/v2\/types\/product"}],"wp:featuredmedia":[{"embeddable":true,"href":"https:\/\/thetenerifechannel.com\/de\/wp-json\/wp\/v2\/media\/29295"}],"wp:attachment":[{"href":"https:\/\/thetenerifechannel.com\/de\/wp-json\/wp\/v2\/media?parent=29400"}],"wp:term":[{"taxonomy":"product_brand","embeddable":true,"href":"https:\/\/thetenerifechannel.com\/de\/wp-json\/wp\/v2\/product_brand?post=29400"},{"taxonomy":"product_cat","embeddable":true,"href":"https:\/\/thetenerifechannel.com\/de\/wp-json\/wp\/v2\/product_cat?post=29400"},{"taxonomy":"product_tag","embeddable":true,"href":"https:\/\/thetenerifechannel.com\/de\/wp-json\/wp\/v2\/product_tag?post=29400"}],"curies":[{"name":"wp","href":"https:\/\/api.w.org\/{rel}","templated":true}]}}