{"id":29420,"date":"2024-11-19T12:03:30","date_gmt":"2024-11-19T12:03:30","guid":{"rendered":"https:\/\/thetenerifechannel.com\/product\/buggy-teide-abenteuer\/"},"modified":"2026-03-26T14:06:02","modified_gmt":"2026-03-26T14:06:02","slug":"buggy-teide-abenteuer","status":"publish","type":"product","link":"https:\/\/thetenerifechannel.com\/de\/excursions\/buggy-teide-abenteuer\/","title":{"rendered":"Buggy Teide Abenteuer"},"content":{"rendered":"<section class=\"l-section wpb_row height_huge\"><div class=\"l-section-h i-cf\"><div class=\"g-cols vc_row via_grid cols_1 laptops-cols_inherit tablets-cols_inherit mobiles-cols_1 valign_top type_default stacking_default\"><div class=\"wpb_column vc_column_container\"><div class=\"vc_column-inner\"><div class=\"wpb_text_column\"><div class=\"wpb_wrapper\"><p><span>Diese 3,30-st\u00fcndige Tour beginnt in Las Chafiras und f\u00fchrt Sie auf landschaftlich reizvollen Routen durch mehrere charmante St\u00e4dte im S\u00fcden Teneriffas, wo Sie die frische Luft und die Aussicht genie\u00dfen k\u00f6nnen. Die Reise f\u00fchrt Sie in den atemberaubenden Nationalpark El Teide, wo Sie auf einer H\u00f6he von 2.200 Metern Halt machen. Hier haben Sie Zeit, sich zu entspannen, einzigartige Panoramafotos zu schie\u00dfen und die wundersch\u00f6ne Landschaft Teneriffas auf sich wirken zu lassen. Nach diesem denkw\u00fcrdigen Halt fahren Sie zur\u00fcck und folgen einer Route, die die sch\u00f6ne K\u00fcste der Insel zeigt, bevor Sie zum Ausgangspunkt zur\u00fcckkehren.   <\/span><\/p>\n<p><strong>INKLUSIVE:<\/strong><\/p>\n<ul>\n<li>Fahrtzeit 3,5 Stunden<\/li>\n<li><span>Kraftstoff, Reisef\u00fchrer, Versicherung f\u00fcr Touristen, Jacke\/Mantel, Sonnenbrille, Schokolade, Sandwich und Wasser<\/span><\/li>\n<li><span>Wir empfehlen Ihnen, einen Mantel mitzubringen, obwohl das Unternehmen einen f\u00fcr Sie bereith\u00e4lt.<\/span><\/li>\n<\/ul>\n<p>&nbsp;<\/p>\n<p>*Transport m\u00f6glich f\u00fcr 10\u20ac zwischen Fa\u00f1abe, Torviscas, Las Americas los Cristianos und Golf del Sur.<\/p>\n<p><span>*Sie m\u00fcssen geschlossene Schuhe tragen.<br \/>\n*Sie m\u00fcssen einen Autof\u00fchrerschein B1 besitzen. WIR AKZEPTIEREN KEINE VORL\u00c4UFIGEN F\u00dcHRERSCHEINE. Das Mindestalter des Fahrers betr\u00e4gt 18 Jahre.<br \/>\n*Kinder k\u00f6nnen als Begleiter im zweisitzigen Buggy mitfahren, wenn sie 1,35 Meter oder gr\u00f6\u00dfer sind. Kinder ab 2 Jahren k\u00f6nnen im Kindersitz des 4-sitzigen Buggys mitfahren, der vom Unternehmen zur Verf\u00fcgung gestellt wird. <\/span><\/p>\n<p><span class=\"elementor-icon-list-text\"><span>*F\u00fcr die Abholung i<\/span><\/span><span style=\"letter-spacing: 0em;\">in Gebieten wie Playa Para\u00edso <\/span>(Hard Rock Hotel und nahegelegene Hotels) fragen Sie bitte bei der Reservierung nach der Verf\u00fcgbarkeit.<\/p>\n<\/div><\/div><\/div><\/div><\/div><\/div><\/section>\n","protected":false},"excerpt":{"rendered":"<div class=\"flex max-w-full flex-col flex-grow\">\n<div class=\"min-h-8 text-message flex w-full flex-col items-end gap-2 whitespace-normal break-words [.text-message+&amp;]:mt-5\" dir=\"auto\" data-message-author-role=\"assistant\" data-message-id=\"bc3f96f7-f5f2-48ea-9575-478fb857310e\" data-message-model-slug=\"gpt-4o\">\n<div class=\"flex w-full flex-col gap-1 empty:hidden first:pt-[3px]\">\n<div class=\"markdown prose w-full break-words dark:prose-invert light\">\n<p>Begeben Sie sich auf ein lustiges Buggy-Abenteuer durch die sch\u00f6nsten Orte Teneriffas, das mit einem atemberaubenden Blick auf den Nationalpark El Teide endet!<\/p>\n<\/div>\n<\/div>\n<\/div>\n<\/div>\n","protected":false},"featured_media":117580,"template":"","meta":{"_acf_changed":false,"_joinchat":[]},"product_brand":[],"product_cat":[149,154,147],"product_tag":[],"class_list":{"0":"post-29420","1":"product","2":"type-product","3":"status-publish","4":"has-post-thumbnail","6":"product_cat-insel-bustouren-teneriffa","7":"product_cat-quad-fahren-auf-teneriffa","8":"product_cat-teide-teneriffa","10":"first","11":"instock","12":"virtual","13":"sold-individually","14":"purchasable","15":"product-type-booking"},"acf":[],"_links":{"self":[{"href":"https:\/\/thetenerifechannel.com\/de\/wp-json\/wp\/v2\/product\/29420","targetHints":{"allow":["GET"]}}],"collection":[{"href":"https:\/\/thetenerifechannel.com\/de\/wp-json\/wp\/v2\/product"}],"about":[{"href":"https:\/\/thetenerifechannel.com\/de\/wp-json\/wp\/v2\/types\/product"}],"wp:featuredmedia":[{"embeddable":true,"href":"https:\/\/thetenerifechannel.com\/de\/wp-json\/wp\/v2\/media\/117580"}],"wp:attachment":[{"href":"https:\/\/thetenerifechannel.com\/de\/wp-json\/wp\/v2\/media?parent=29420"}],"wp:term":[{"taxonomy":"product_brand","embeddable":true,"href":"https:\/\/thetenerifechannel.com\/de\/wp-json\/wp\/v2\/product_brand?post=29420"},{"taxonomy":"product_cat","embeddable":true,"href":"https:\/\/thetenerifechannel.com\/de\/wp-json\/wp\/v2\/product_cat?post=29420"},{"taxonomy":"product_tag","embeddable":true,"href":"https:\/\/thetenerifechannel.com\/de\/wp-json\/wp\/v2\/product_tag?post=29420"}],"curies":[{"name":"wp","href":"https:\/\/api.w.org\/{rel}","templated":true}]}}