{"id":31130,"date":"2024-12-12T10:24:06","date_gmt":"2024-12-12T10:24:06","guid":{"rendered":"https:\/\/thetenerifechannel.com\/product\/teide-downhill-fahrrad-tour\/"},"modified":"2026-03-23T14:25:57","modified_gmt":"2026-03-23T14:25:57","slug":"teide-downhill-fahrrad-tour","status":"publish","type":"product","link":"https:\/\/thetenerifechannel.com\/de\/excursions\/teide-downhill-fahrrad-tour\/","title":{"rendered":"Teide Downhill Fahrrad Tour"},"content":{"rendered":"<div class=\"flex max-w-full flex-col flex-grow\">\n<div class=\"min-h-8 text-message flex w-full flex-col items-end gap-2 whitespace-normal break-words text-start [.text-message+&amp;]:mt-5\" dir=\"auto\" data-message-author-role=\"assistant\" data-message-id=\"43375018-f0f5-4884-b7da-62fad3812d9d\" data-message-model-slug=\"gpt-4o\">\n<div class=\"flex w-full flex-col gap-1 empty:hidden first:pt-[3px]\">\n<div class=\"markdown prose w-full break-words dark:prose-invert light\">\n<p>Entdecken Sie Teneriffa vom Vulkan bis zum Meer, indem Sie m\u00fchelos bergab radeln! Erleben Sie die Freude an einer entspannten Fahrradtour und die versteckte Sch\u00f6nheit des authentischen Teneriffas. Genie\u00dfen Sie 36 Kilometer Downhill-Radfahren auf asphaltierten Stra\u00dfen, gef\u00fchrt von einem professionellen Team mit einem Begleitfahrzeug. Nehmen Sie sich Zeit, halten Sie f\u00fcr Fotos an und lassen Sie sich vom Charme der Insel einfangen.   <\/p>\n<p>Die Reise beginnt im Teide-Nationalpark und f\u00fchrt Sie durch Vulkane, W\u00e4lder, malerische D\u00f6rfer und W\u00fcsten und endet schlie\u00dflich am Meer. Wir holen Sie von Ihrem Hotel oder Apartment in Los Cristianos oder Las Americas ab und fahren Sie zum Ausgangspunkt, wobei wir sogar einen Abstecher zum Teide machen, falls Sie ihn noch nicht gesehen haben. <\/p>\n<p>Am Start stellen wir Ihnen die notwendige Ausr\u00fcstung zur Verf\u00fcgung &#8211; Helm, Handschuhe, Warnweste, Windjacke (im Winter) und ein Fahrrad, das Ihrer Gr\u00f6\u00dfe entspricht. Ein Begleitfahrzeug transportiert Ihre Sachen und sorgt f\u00fcr eine komfortable Fahrt. <\/p>\n<p>Der Abstieg dauert etwa 2,5 Stunden, mit verschiedenen Stopps. Nach der Fahrt setzen wir Sie wieder an Ihrer Unterkunft ab. Diese Tour ist umweltfreundlich, macht Spa\u00df und ist unvergesslich.  <\/p>\n<p>Die Tour\/Abholung beginnt zwischen 12:00 und 14:00 Uhr.<\/p>\n<p><strong>INKLUSIVE:<\/strong><\/p>\n<p><span>-Abholung und Transport zum Startpunkt der Tour.<\/span><br \/>\n<span>-Handschuhe und Helm inklusive. Dem Wetter angepasste Ausr\u00fcstung. <\/span><br \/>\n<span>-Begleitet von einem Begleitfahrzeug auf dem gesamten Weg.<\/span><\/p>\n<\/div>\n<\/div>\n<\/div>\n<\/div>\n","protected":false},"excerpt":{"rendered":"<p><span>Erkunden Sie die atemberaubenden Landschaften Teneriffas auf einer gef\u00fchrten 36 km langen Downhill-Radtour vom Berg Teide aus, mit malerischen Stopps und umweltfreundlichem Spa\u00df.<\/span><\/p>\n","protected":false},"featured_media":31103,"template":"","meta":{"_acf_changed":false,"_joinchat":[]},"product_brand":[],"product_cat":[147],"product_tag":[],"class_list":{"0":"post-31130","1":"product","2":"type-product","3":"status-publish","4":"has-post-thumbnail","6":"product_cat-teide-teneriffa","8":"first","9":"instock","10":"virtual","11":"sold-individually","12":"purchasable","13":"product-type-booking"},"acf":[],"_links":{"self":[{"href":"https:\/\/thetenerifechannel.com\/de\/wp-json\/wp\/v2\/product\/31130","targetHints":{"allow":["GET"]}}],"collection":[{"href":"https:\/\/thetenerifechannel.com\/de\/wp-json\/wp\/v2\/product"}],"about":[{"href":"https:\/\/thetenerifechannel.com\/de\/wp-json\/wp\/v2\/types\/product"}],"wp:featuredmedia":[{"embeddable":true,"href":"https:\/\/thetenerifechannel.com\/de\/wp-json\/wp\/v2\/media\/31103"}],"wp:attachment":[{"href":"https:\/\/thetenerifechannel.com\/de\/wp-json\/wp\/v2\/media?parent=31130"}],"wp:term":[{"taxonomy":"product_brand","embeddable":true,"href":"https:\/\/thetenerifechannel.com\/de\/wp-json\/wp\/v2\/product_brand?post=31130"},{"taxonomy":"product_cat","embeddable":true,"href":"https:\/\/thetenerifechannel.com\/de\/wp-json\/wp\/v2\/product_cat?post=31130"},{"taxonomy":"product_tag","embeddable":true,"href":"https:\/\/thetenerifechannel.com\/de\/wp-json\/wp\/v2\/product_tag?post=31130"}],"curies":[{"name":"wp","href":"https:\/\/api.w.org\/{rel}","templated":true}]}}