{"id":33041,"date":"2024-11-26T19:43:12","date_gmt":"2024-11-26T19:43:12","guid":{"rendered":"https:\/\/thetenerifechannel.com\/product\/buggy-abenteuer-an-der-kueste\/"},"modified":"2026-04-23T13:21:26","modified_gmt":"2026-04-23T13:21:26","slug":"buggy-abenteuer-an-der-kueste","status":"publish","type":"product","link":"https:\/\/thetenerifechannel.com\/de\/excursions\/buggy-abenteuer-an-der-kueste\/","title":{"rendered":"Buggy Abenteuer an der K\u00fcste"},"content":{"rendered":"<section class=\"l-section wpb_row height_huge\"><div class=\"l-section-h i-cf\"><div class=\"g-cols vc_row via_grid cols_1 laptops-cols_inherit tablets-cols_inherit mobiles-cols_1 valign_top type_default stacking_default\"><div class=\"wpb_column vc_column_container\"><div class=\"vc_column-inner\"><div class=\"wpb_text_column\"><div class=\"wpb_wrapper\"><p data-start=\"0\" data-end=\"345\">3-st\u00fcndige Tour entlang der S\u00fcdk\u00fcste von Teneriffa, bei der Sie die Landschaften und die Kultur der Insel genie\u00dfen k\u00f6nnen. Erleben Sie ein unvergessliches Erlebnis bei der Erkundung der spektakul\u00e4rsten Landschaften Teneriffas auf einer aufregenden Buggy-Tour voller Abenteuer, Natur und Kultur, w\u00e4hrend Sie atemberaubende Ausblicke auf den Ozean und die nat\u00fcrliche Umgebung genie\u00dfen, die nur diese Insel bieten kann. <\/p>\n<p data-start=\"347\" data-end=\"640\">W\u00e4hrend der Tour besuchen wir einen traditionellen Bauernhof, wo Sie aus erster Hand etwas \u00fcber den Anbau der kanarischen Banane erfahren, eine der repr\u00e4sentativsten Kulturpflanzen der Kanarischen Inseln. Sie werden etwas \u00fcber den Produktionsprozess, den kulturellen Wert und die Bedeutung der Banane f\u00fcr die lokale Wirtschaft erfahren. <\/p>\n<p data-start=\"642\" data-end=\"829\">Dar\u00fcber hinaus werden Sie Kostproben aus dieser Frucht genie\u00dfen, darunter handwerkliche Produkte, traditionelle Rezepte und kanarische S\u00fc\u00dfigkeiten, die den authentischen Geschmack der kanarischen Banane hervorheben.<\/p>\n<p data-start=\"831\" data-end=\"947\" data-is-last-node=\"\" data-is-only-node=\"\">Ein komplettes Erlebnis, das Abenteuer, Tradition und Gastronomie in einer einzigen Tour vereint, an die Sie sich f\u00fcr immer erinnern werden.<\/p>\n<p><strong>INKLUSIVE:<\/strong><\/p>\n<ul>\n<li>Fahrtzeit 3 Stunden.<\/li>\n<li><span>Kraftstoff, F\u00fchrer, Versicherung f\u00fcr Touristen, Jacke\/Mantel, Sonnenbrille, Schokolade, Sandwich und Wasser, Verkostung von Bananenprodukten.<\/span><\/li>\n<li><span>Wir empfehlen Ihnen, einen Mantel mitzubringen, obwohl das Unternehmen einen f\u00fcr Sie bereith\u00e4lt.<\/span><\/li>\n<\/ul>\n<p><span> <\/span>*Freier Transport im S\u00fcden der Insel: Las Am\u00e9ricas, Los Cristianos, Costa Adeje, Fa\u00f1ab\u00e9, Torviscas, La Caleta, El M\u00e9dano, Los Abrigos, Costa del Silencio, Las Galletas, Golf del Sur und Amarilla Golf.<br \/>\n<span>F\u00fcr die Abholung au\u00dferhalb dieser Gebiete fallen zus\u00e4tzliche Kosten in H\u00f6he von 10 \u20ac pro Buggy (Abholung und R\u00fcckgabe) an, die zu Beginn der Tour bezahlt werden m\u00fcssen. Fragen Sie bei der Reservierung nach der Verf\u00fcgbarkeit.<\/span><\/p>\n<p><span>*Sie m\u00fcssen geschlossene Schuhe tragen.<br \/>\n*Sie m\u00fcssen einen Autof\u00fchrerschein B1 besitzen. WIR AKZEPTIEREN KEINE VORL\u00c4UFIGEN F\u00dcHRERSCHEINE. Das Mindestalter des Fahrers betr\u00e4gt 18 Jahre.<br \/>\n*Kinder k\u00f6nnen als Begleiter im zweisitzigen Buggy mitfahren, wenn sie 1,35 Meter oder gr\u00f6\u00dfer sind. Kinder ab 2 Jahren k\u00f6nnen im Kindersitz des 4-sitzigen Buggys mitfahren, der vom Unternehmen zur Verf\u00fcgung gestellt wird. <\/span><\/p>\n<\/div><\/div><\/div><\/div><\/div><\/div><\/section>\n","protected":false},"excerpt":{"rendered":"<p>Eine aufregende 3-st\u00fcndige Buggy-Tour entlang der S\u00fcdk\u00fcste Teneriffas, die eine atemberaubende Landschaft, authentische lokale Kultur, den Besuch einer traditionellen Bananenfarm und k\u00f6stliche Kostproben kanarischer Bananenprodukte miteinander verbindet.<\/p>\n","protected":false},"featured_media":124929,"template":"","meta":{"_acf_changed":false,"_joinchat":[]},"product_brand":[],"product_cat":[149,154],"product_tag":[380,378,381,379,402,405],"class_list":{"0":"post-33041","1":"product","2":"type-product","3":"status-publish","4":"has-post-thumbnail","6":"product_cat-insel-bustouren-teneriffa","7":"product_cat-quad-fahren-auf-teneriffa","8":"product_tag-a-group-friends","9":"product_tag-a-gruppe-paare","10":"product_tag-a-gruppe-solo","11":"product_tag-a-gruppen-familien","12":"product_tag-a-vibe-nature","13":"product_tag-a-vibe-romantik","15":"first","16":"instock","17":"virtual","18":"sold-individually","19":"purchasable","20":"product-type-booking"},"acf":[],"_links":{"self":[{"href":"https:\/\/thetenerifechannel.com\/de\/wp-json\/wp\/v2\/product\/33041","targetHints":{"allow":["GET"]}}],"collection":[{"href":"https:\/\/thetenerifechannel.com\/de\/wp-json\/wp\/v2\/product"}],"about":[{"href":"https:\/\/thetenerifechannel.com\/de\/wp-json\/wp\/v2\/types\/product"}],"wp:featuredmedia":[{"embeddable":true,"href":"https:\/\/thetenerifechannel.com\/de\/wp-json\/wp\/v2\/media\/124929"}],"wp:attachment":[{"href":"https:\/\/thetenerifechannel.com\/de\/wp-json\/wp\/v2\/media?parent=33041"}],"wp:term":[{"taxonomy":"product_brand","embeddable":true,"href":"https:\/\/thetenerifechannel.com\/de\/wp-json\/wp\/v2\/product_brand?post=33041"},{"taxonomy":"product_cat","embeddable":true,"href":"https:\/\/thetenerifechannel.com\/de\/wp-json\/wp\/v2\/product_cat?post=33041"},{"taxonomy":"product_tag","embeddable":true,"href":"https:\/\/thetenerifechannel.com\/de\/wp-json\/wp\/v2\/product_tag?post=33041"}],"curies":[{"name":"wp","href":"https:\/\/api.w.org\/{rel}","templated":true}]}}