{"id":33861,"date":"2025-01-17T09:07:10","date_gmt":"2025-01-17T09:07:10","guid":{"rendered":"https:\/\/thetenerifechannel.com\/product\/reiten\/"},"modified":"2026-03-31T10:48:44","modified_gmt":"2026-03-31T10:48:44","slug":"reiten","status":"publish","type":"product","link":"https:\/\/thetenerifechannel.com\/de\/excursions\/reiten\/","title":{"rendered":"Reiten"},"content":{"rendered":"<section class=\"l-section wpb_row height_huge\"><div class=\"l-section-h i-cf\"><div class=\"g-cols vc_row via_grid cols_1 laptops-cols_inherit tablets-cols_inherit mobiles-cols_1 valign_top type_default stacking_default\"><div class=\"wpb_column vc_column_container\"><div class=\"vc_column-inner\"><div class=\"wpb_text_column\"><div class=\"wpb_wrapper\"><p><span>Begeben Sie sich auf einen einst\u00fcndigen Ausritt auf einem Vulkanpfad, auf dem Sie typisch kanarische Landschaften und Lavaformationen sehen k\u00f6nnen.<br \/>\nWenn Sie noch ein wenig weiter gehen m\u00f6chten, w\u00e4hlen Sie die zweist\u00fcndige Route, die bis zum Meer hinunter f\u00fchrt und bei der Sie die Aussicht auf die K\u00fcste genie\u00dfen k\u00f6nnen.<\/span><\/p>\n<p><span>Die Ausfl\u00fcge sind f\u00fcr Personen ab 6 Jahren und mit einem H\u00f6chstgewicht von 95 kg verf\u00fcgbar, um das Wohlergehen der Tiere zu gew\u00e4hrleisten. Es gibt einen Abholservice im S\u00fcden Teneriffas (von Callao Salvaje nach El M\u00e9dano), aber bitte beachten Sie, dass dieser Service am Wochenende nicht zur Verf\u00fcgung steht und ein Aufpreis von 10 \u20ac pro Familie (bis zu 7 Personen am selben Abholort) am Tag des Ausflugs direkt an den Anbieter gezahlt werden muss. <\/span><\/p>\n<\/div><\/div><\/div><\/div><\/div><\/div><\/section>\n","protected":false},"excerpt":{"rendered":"<p><span>Begeben Sie sich auf eine einst\u00fcndige Fahrt \u00fcber einen typisch kanarischen Vulkanpfad oder entscheiden Sie sich f\u00fcr eine zweist\u00fcndige Fahrt, die Sie bis hinunter zum Meer f\u00fchrt.<\/span><\/p>\n","protected":false},"featured_media":33829,"template":"","meta":{"_acf_changed":false,"_joinchat":[]},"product_brand":[],"product_cat":[273],"product_tag":[],"class_list":{"0":"post-33861","1":"product","2":"type-product","3":"status-publish","4":"has-post-thumbnail","6":"product_cat-natur-abenteuer","7":"pa_depart-from-sueden-der-insel","9":"first","10":"instock","11":"virtual","12":"sold-individually","13":"purchasable","14":"product-type-booking"},"acf":[],"_links":{"self":[{"href":"https:\/\/thetenerifechannel.com\/de\/wp-json\/wp\/v2\/product\/33861","targetHints":{"allow":["GET"]}}],"collection":[{"href":"https:\/\/thetenerifechannel.com\/de\/wp-json\/wp\/v2\/product"}],"about":[{"href":"https:\/\/thetenerifechannel.com\/de\/wp-json\/wp\/v2\/types\/product"}],"wp:featuredmedia":[{"embeddable":true,"href":"https:\/\/thetenerifechannel.com\/de\/wp-json\/wp\/v2\/media\/33829"}],"wp:attachment":[{"href":"https:\/\/thetenerifechannel.com\/de\/wp-json\/wp\/v2\/media?parent=33861"}],"wp:term":[{"taxonomy":"product_brand","embeddable":true,"href":"https:\/\/thetenerifechannel.com\/de\/wp-json\/wp\/v2\/product_brand?post=33861"},{"taxonomy":"product_cat","embeddable":true,"href":"https:\/\/thetenerifechannel.com\/de\/wp-json\/wp\/v2\/product_cat?post=33861"},{"taxonomy":"product_tag","embeddable":true,"href":"https:\/\/thetenerifechannel.com\/de\/wp-json\/wp\/v2\/product_tag?post=33861"}],"curies":[{"name":"wp","href":"https:\/\/api.w.org\/{rel}","templated":true}]}}