{"id":3467,"date":"2024-01-17T15:39:14","date_gmt":"2024-01-17T15:39:14","guid":{"rendered":"https:\/\/thetenerifechannel.com\/excursions\/teide-bei-nacht\/"},"modified":"2024-11-25T12:20:48","modified_gmt":"2024-11-25T12:20:48","slug":"teide-by-night-sueden","status":"publish","type":"product","link":"https:\/\/thetenerifechannel.com\/de\/excursions\/teide-by-night-sueden\/","title":{"rendered":"Teide By Night (S\u00fcden)"},"content":{"rendered":"<p>Kommen Sie und entdecken Sie den Teide und seinen Nationalpark. Ein Starlight-Ziel und ein absolutes Muss auf Teneriffa. Sie werden dasselbe sehen wie bei jedem Tagesausflug zum Teide, aber zus\u00e4tzlich werden Sie den romantischsten Sonnenuntergang \u00fcber den Wolken erleben und eine magische Sternenbeobachtung an einem der besten Himmel der Welt. Alle werden von Lasern und Teleskopen angetrieben.<br \/>\nTeide by Night ist das beste Preis-Leistungs-Verh\u00e4ltnis, da es mehrere Ausfl\u00fcge in einem beinhaltet und es Ihnen erm\u00f6glicht, alle Aspekte des Berges Teide zu erleben.<br \/>\nLassen Sie sich von der atemberaubenden Aussicht bei Sonnenuntergang beeindrucken. Erheben Sie Ihr Glas auf die atemberaubende Landschaft und lernen Sie den tiefen Himmel, seine Geschichten und die himmlische Mythologie kennen. Bei dieser Reise geht es darum, Teneriffa kennen zu lernen. Sie werden am Nachmittag in der N\u00e4he Ihres Hotels oder Ihrer Unterkunft abgeholt. Getr\u00e4nke w\u00e4hrend des Sonnenuntergangs, ein 3-G\u00e4nge-Men\u00fc mit Weinen und alkoholfreien Getr\u00e4nken sind in dieser Reise enthalten.<\/p>\n<p>Teide By Night, die beste, romantischste und magischste Art, den Teide zu entdecken. Ein Muss auf Teneriffa!<\/p>\n<p><strong>Was ist inbegriffen?<\/strong><\/p>\n<ul>\n<li>Drei-G\u00e4nge-Men\u00fc mit Getr\u00e4nken.<\/li>\n<li>Sternguckerei mit professionellen Teleskopen und Lasern.<\/li>\n<li>Haltestellen innerhalb des Nationalparks.<\/li>\n<li>Fachkundiger F\u00fchrer.<\/li>\n<li>Verkehrsmittel in der N\u00e4he Ihrer Unterkunft.<\/li>\n<li>Komfortabler, klimatisierter Bus.<\/li>\n<li>Eine Sprache pro Bus: Englisch, Deutsch, Niederl\u00e4ndisch oder Franz\u00f6sisch<\/li>\n<\/ul>\n","protected":false},"excerpt":{"rendered":"<p>Teide By Night ist die beste Art, den Teide zu besuchen. Entdecken Sie den Teide-Nationalpark, sto\u00dfen Sie auf einen Sonnenuntergang \u00fcber den Wolken an und bestaunen Sie die Sterne und Sternbilder mit fachkundigen F\u00fchrern, Lasern und Teleskopen. Entdecken Sie auf diesem unvergesslichen Ausflug die Wunder des Himmels.<br \/>\n<em><strong>Sprache der Exkursion: Deutsch<\/strong><\/em><\/p>\n","protected":false},"featured_media":3520,"template":"","meta":{"_acf_changed":false,"_joinchat":[]},"product_brand":[],"product_cat":[149,147],"product_tag":[267],"class_list":{"0":"post-3467","1":"product","2":"type-product","3":"status-publish","4":"has-post-thumbnail","6":"product_cat-insel-bustouren-teneriffa","7":"product_cat-teide-teneriffa","8":"product_tag-home-karten","10":"first","11":"instock","12":"virtual","13":"sold-individually","14":"purchasable","15":"product-type-booking"},"acf":[],"_links":{"self":[{"href":"https:\/\/thetenerifechannel.com\/de\/wp-json\/wp\/v2\/product\/3467","targetHints":{"allow":["GET"]}}],"collection":[{"href":"https:\/\/thetenerifechannel.com\/de\/wp-json\/wp\/v2\/product"}],"about":[{"href":"https:\/\/thetenerifechannel.com\/de\/wp-json\/wp\/v2\/types\/product"}],"wp:featuredmedia":[{"embeddable":true,"href":"https:\/\/thetenerifechannel.com\/de\/wp-json\/wp\/v2\/media\/3520"}],"wp:attachment":[{"href":"https:\/\/thetenerifechannel.com\/de\/wp-json\/wp\/v2\/media?parent=3467"}],"wp:term":[{"taxonomy":"product_brand","embeddable":true,"href":"https:\/\/thetenerifechannel.com\/de\/wp-json\/wp\/v2\/product_brand?post=3467"},{"taxonomy":"product_cat","embeddable":true,"href":"https:\/\/thetenerifechannel.com\/de\/wp-json\/wp\/v2\/product_cat?post=3467"},{"taxonomy":"product_tag","embeddable":true,"href":"https:\/\/thetenerifechannel.com\/de\/wp-json\/wp\/v2\/product_tag?post=3467"}],"curies":[{"name":"wp","href":"https:\/\/api.w.org\/{rel}","templated":true}]}}