{"id":3477,"date":"2024-01-19T07:18:25","date_gmt":"2024-01-19T07:18:25","guid":{"rendered":"https:\/\/thetenerifechannel.com\/excursions\/masca-express\/"},"modified":"2026-03-09T13:51:03","modified_gmt":"2026-03-09T13:51:03","slug":"masca-express","status":"publish","type":"product","link":"https:\/\/thetenerifechannel.com\/de\/excursions\/masca-express\/","title":{"rendered":"Masca Express"},"content":{"rendered":"<p>Vom Hafen von Los Gigantes aus begeben wir uns auf eine aufregende 2-st\u00fcndige Fahrt, auf der wir nach Walen oder Delfinen Ausschau halten. Nachdem wir einige sch\u00f6ne Fotos von diesen Kreaturen gemacht haben, bringen wir Sie n\u00e4her zu den Klippen von Masca und Los Gigantes. Diese Naturwunder geh\u00f6ren mit ihren fast 600 Meter hohen Gipfeln zu den h\u00f6chsten Klippen der Welt. In einer der Buchten werfen wir den Anker, damit Sie ein erfrischendes Bad nehmen k\u00f6nnen. Die fachkundige Besatzung sorgt w\u00e4hrend des gesamten Ausflugs f\u00fcr Ihre Sicherheit und Ihren Komfort und macht diesen Ausflug zu einem unvergesslichen Erlebnis.<\/p>\n<p><strong>Eingeschlossen:<\/strong><\/p>\n<ul>\n<li>Elektronisches Ticket.<\/li>\n<li>max. 36 Personen <\/li>\n<li>Spezialisierte F\u00fchrer an Bord.<\/li>\n<li>Schwimmstopp<\/li>\n<li>Besuchen Sie die wundersch\u00f6nen Klippen von Los Gigantes und die Bucht von Masca.<\/li>\n<li>Ein Getr\u00e4nk (Softdrink, Wasser oder Bier). Ihr d\u00fcrft eure eigenen Getr\u00e4nke mitbringen. <\/li>\n<\/ul>\n<p><strong>Nicht inbegriffen:<\/strong><\/p>\n<ul>\n<li>Transport &#8211; Treffpunkt in Los Gigantes 30 Minuten vor dem Ausflug.<\/li>\n<li>Schnorchel und Masken<\/li>\n<\/ul>\n","protected":false},"excerpt":{"rendered":"<p>Nehmen Sie an einer 2-st\u00fcndigen Bootsfahrt von Los Gigantes aus teil, um Wale oder Delfine zu beobachten. Segeln Sie in der N\u00e4he der hoch aufragenden Klippen von Masca und Los Gigantes und ankern Sie in einer der Buchten, um ein erfrischendes Bad zu nehmen.<\/p>\n","protected":false},"featured_media":3493,"template":"","meta":{"_acf_changed":false,"_joinchat":[]},"product_brand":[],"product_cat":[150],"product_tag":[],"class_list":{"0":"post-3477","1":"product","2":"type-product","3":"status-publish","4":"has-post-thumbnail","6":"product_cat-walbeobachtung-teneriffa","7":"pa_depart-from-sueden-der-insel","9":"first","10":"instock","11":"virtual","12":"sold-individually","13":"purchasable","14":"product-type-booking"},"acf":[],"_links":{"self":[{"href":"https:\/\/thetenerifechannel.com\/de\/wp-json\/wp\/v2\/product\/3477","targetHints":{"allow":["GET"]}}],"collection":[{"href":"https:\/\/thetenerifechannel.com\/de\/wp-json\/wp\/v2\/product"}],"about":[{"href":"https:\/\/thetenerifechannel.com\/de\/wp-json\/wp\/v2\/types\/product"}],"wp:featuredmedia":[{"embeddable":true,"href":"https:\/\/thetenerifechannel.com\/de\/wp-json\/wp\/v2\/media\/3493"}],"wp:attachment":[{"href":"https:\/\/thetenerifechannel.com\/de\/wp-json\/wp\/v2\/media?parent=3477"}],"wp:term":[{"taxonomy":"product_brand","embeddable":true,"href":"https:\/\/thetenerifechannel.com\/de\/wp-json\/wp\/v2\/product_brand?post=3477"},{"taxonomy":"product_cat","embeddable":true,"href":"https:\/\/thetenerifechannel.com\/de\/wp-json\/wp\/v2\/product_cat?post=3477"},{"taxonomy":"product_tag","embeddable":true,"href":"https:\/\/thetenerifechannel.com\/de\/wp-json\/wp\/v2\/product_tag?post=3477"}],"curies":[{"name":"wp","href":"https:\/\/api.w.org\/{rel}","templated":true}]}}