{"id":35290,"date":"2024-12-26T09:47:02","date_gmt":"2024-12-26T09:47:02","guid":{"rendered":"https:\/\/thetenerifechannel.com\/product\/fledermaus-4-all\/"},"modified":"2025-11-29T08:48:04","modified_gmt":"2025-11-29T08:48:04","slug":"fledermaus-4-all","status":"publish","type":"product","link":"https:\/\/thetenerifechannel.com\/de\/excursions\/fledermaus-4-all\/","title":{"rendered":"Bat 4 All"},"content":{"rendered":"<p>Bat4All ist ein inklusives Boot f\u00fcr alle, auch f\u00fcr Menschen mit eingeschr\u00e4nkter Mobilit\u00e4t. Er bietet Platz f\u00fcr bis zu 10 Personen und 4 Rollst\u00fchle und gew\u00e4hrleistet Komfort und Zug\u00e4nglichkeit. Die Tour dauert 3 Stunden.<\/p>\n<p>Genie\u00dfen Sie das ger\u00e4umige Achterdeck, entspannen Sie sich auf den Kissen am Bug oder begeben Sie sich auf das Oberdeck mit Sitzgelegenheiten und einer rasenbedeckten Terrasse, die sich perfekt zum Beobachten von Walen eignet. Eine hydraulische Plattform erm\u00f6glicht einen sicheren Zugang zum Meer, auch f\u00fcr Personen mit eingeschr\u00e4nkter Mobilit\u00e4t.<\/p>\n<p>Erkunden Sie das Meeresschutzgebiet mit fachkundigen F\u00fchrern und halten Sie Ausschau nach Schildkr\u00f6ten, Delfinen und Walen. Die Schnorchelausr\u00fcstung ist im Preis inbegriffen, und nach dem Schwimmen im warmen, ruhigen Wasser genie\u00dfen Sie eine k\u00f6stliche italienische kalte Pasta-Mahlzeit.<br \/>\nMit einem rollstuhlgerechten Bad und der Unterst\u00fctzung durch die Crew sorgt Bat4All daf\u00fcr, dass jeder das Schwimmen, Schnorcheln und Entspannen genie\u00dfen kann. Es ist ideal f\u00fcr Familien und private Veranstaltungen und die perfekte Wahl f\u00fcr einen unvergesslichen Tag auf See.<\/p>\n<p><strong>INKLUSIVE:<\/strong><\/p>\n<ul>\n<li>Mittagessen und Getr\u00e4nke (Wasser und Softdrinks)<\/li>\n<li>Verkleinerte Gruppe<\/li>\n<\/ul>\n<p><strong>NICHT INBEGRIFFEN:<\/strong><\/p>\n<ul>\n<li>Transport<\/li>\n<\/ul>\n","protected":false},"excerpt":{"rendered":"<p>Bat4All<span> ist ein au\u00dfergew\u00f6hnliches und inklusives Boot, das entwickelt wurde, um ein <\/span>barrierefreies <span>Segelerlebnis f\u00fcr alle <\/span>zu<span> bieten <\/span> <span>, auch f\u00fcr <\/span>Menschen mit eingeschr\u00e4nkter Mobilit\u00e4t.<span> Dieses barrierefreie Boot bietet Platz f\u00fcr bis zu 10 Personen und 4 Rollst\u00fchle und garantiert Komfort und Personalisierung.<\/span><\/p>\n","protected":false},"featured_media":32018,"template":"","meta":{"_acf_changed":false,"_joinchat":[]},"product_brand":[],"product_cat":[150],"product_tag":[],"class_list":{"0":"post-35290","1":"product","2":"type-product","3":"status-publish","4":"has-post-thumbnail","6":"product_cat-walbeobachtung-teneriffa","8":"first","9":"instock","10":"sold-individually","11":"shipping-taxable","12":"purchasable","13":"product-type-booking"},"acf":[],"_links":{"self":[{"href":"https:\/\/thetenerifechannel.com\/de\/wp-json\/wp\/v2\/product\/35290","targetHints":{"allow":["GET"]}}],"collection":[{"href":"https:\/\/thetenerifechannel.com\/de\/wp-json\/wp\/v2\/product"}],"about":[{"href":"https:\/\/thetenerifechannel.com\/de\/wp-json\/wp\/v2\/types\/product"}],"wp:featuredmedia":[{"embeddable":true,"href":"https:\/\/thetenerifechannel.com\/de\/wp-json\/wp\/v2\/media\/32018"}],"wp:attachment":[{"href":"https:\/\/thetenerifechannel.com\/de\/wp-json\/wp\/v2\/media?parent=35290"}],"wp:term":[{"taxonomy":"product_brand","embeddable":true,"href":"https:\/\/thetenerifechannel.com\/de\/wp-json\/wp\/v2\/product_brand?post=35290"},{"taxonomy":"product_cat","embeddable":true,"href":"https:\/\/thetenerifechannel.com\/de\/wp-json\/wp\/v2\/product_cat?post=35290"},{"taxonomy":"product_tag","embeddable":true,"href":"https:\/\/thetenerifechannel.com\/de\/wp-json\/wp\/v2\/product_tag?post=35290"}],"curies":[{"name":"wp","href":"https:\/\/api.w.org\/{rel}","templated":true}]}}