{"id":3599,"date":"2024-01-18T12:22:35","date_gmt":"2024-01-18T12:22:35","guid":{"rendered":"https:\/\/thetenerifechannel.com\/excursions\/freebird-walbeobachtungstour\/"},"modified":"2026-04-14T10:26:09","modified_gmt":"2026-04-14T10:26:09","slug":"freebird-walbeobachtungstour","status":"publish","type":"product","link":"https:\/\/thetenerifechannel.com\/de\/excursions\/freebird-walbeobachtungstour\/","title":{"rendered":"Freebird Walbeobachtungstour 3 Stunden"},"content":{"rendered":"<section class=\"l-section wpb_row height_huge\"><div class=\"l-section-h i-cf\"><div class=\"g-cols vc_row via_grid cols_1 laptops-cols_inherit tablets-cols_inherit mobiles-cols_1 valign_top type_default stacking_default\"><div class=\"wpb_column vc_column_container\"><div class=\"vc_column-inner\"><div class=\"wpb_text_column\"><div class=\"wpb_wrapper\"><p><strong>3 STUNDEN COSTA ADEJE KREUZFAHRT<br \/>\n<\/strong>Wenn Sie auf der Suche nach <span class=\"notion-enable-hover\" data-token-index=\"1\">Ausfl\u00fcgen von Costa Adeje aus<\/span> sind, d\u00fcrfen Sie sich das Erlebnis nicht entgehen lassen, Wale von einem Katamaran aus zu beobachten. Sie k\u00f6nnen eine Bootsfahrt in Costa Adeje genie\u00dfen und dabei Wale in ihrem nat\u00fcrlichen Lebensraum beobachten. W\u00e4hrend Sie sich auf die Suche nach diesen unglaublichen Tieren machen, erfahren Sie Interessantes \u00fcber die verschiedenen Arten von Meereslebewesen, die in den Gew\u00e4ssern vor Costa Adeje leben. Beobachten Sie, wie Grindwale, Gro\u00dfe T\u00fcmmler und Fleckendelfine neben dem Katamaran schwimmen und Freundschaft schlie\u00dfen &#8211; vergessen Sie nicht, sie zu begr\u00fc\u00dfen! Nachdem Sie das Beste aus der Wal- und Delfinbeobachtung gemacht haben, k\u00f6nnen Sie sich entspannen und ein erfrischendes Bad im Meer genie\u00dfen. Der perfekte Abschluss f\u00fcr eine magische Bootsfahrt! Am Ende Ihrer Katamaran-Kreuzfahrt rund um Costa Adeje kehren Sie nach Puerto Col\u00f3n zur\u00fcck, von wo aus Sie zu Ihren Ausgangspunkten zur\u00fcckkehren.      <\/p>\n<p><strong>Eingeschlossen:<\/strong><\/p>\n<ul>\n<li>Elektronische Eintrittskarte.<\/li>\n<li>Beobachten Sie Wale in ihrem nat\u00fcrlichen Lebensraum.<\/li>\n<li>Ein Sandwich, alkoholfreie Getr\u00e4nke, Wasser und Bier (vegetarische und glutenfreie Optionen sind verf\u00fcgbar, bitte bei der Buchung angeben).<\/li>\n<li>Englisch sprechender F\u00fchrer.<\/li>\n<li>Bustransfer vom S\u00fcden der Insel.<\/li>\n<\/ul>\n<p><strong>Nicht enthalten:<\/strong><\/p>\n<ul>\n<li>Miete einer Sonnenliege: 15\u20ac pro Paar.<\/li>\n<li>Erinnerungsfoto: 10\u20ac<\/li>\n<li>Speiseeis: 2,50\u20ac<\/li>\n<li>Schnorchel und Masken.<\/li>\n<\/ul>\n<\/div><\/div><\/div><\/div><\/div><\/div><\/section>\n","protected":false},"excerpt":{"rendered":"<p>Segeln Sie mit dem Freebird-Katamaran auf ein lustiges Wal- und Delfinbeobachtungsabenteuer auf Teneriffa. Genie\u00dfen Sie eine Bootsfahrt auf einem gro\u00dfen Katamaran und beobachten Sie Wale in ihrem nat\u00fcrlichen Lebensraum. Bewundern Sie die Aussicht, genie\u00dfen Sie die W\u00e4rme der Sonne und k\u00fchlen Sie sich mit einem erfrischenden Bad im Meer ab.  <\/p>\n","protected":false},"featured_media":3627,"template":"","meta":{"_acf_changed":false,"_joinchat":[]},"product_brand":[],"product_cat":[150],"product_tag":[267],"class_list":{"0":"post-3599","1":"product","2":"type-product","3":"status-publish","4":"has-post-thumbnail","6":"product_cat-walbeobachtung-teneriffa","7":"product_tag-home-karten","8":"pa_depart-from-sueden-der-insel","10":"first","11":"instock","12":"virtual","13":"sold-individually","14":"purchasable","15":"product-type-booking"},"acf":[],"_links":{"self":[{"href":"https:\/\/thetenerifechannel.com\/de\/wp-json\/wp\/v2\/product\/3599","targetHints":{"allow":["GET"]}}],"collection":[{"href":"https:\/\/thetenerifechannel.com\/de\/wp-json\/wp\/v2\/product"}],"about":[{"href":"https:\/\/thetenerifechannel.com\/de\/wp-json\/wp\/v2\/types\/product"}],"wp:featuredmedia":[{"embeddable":true,"href":"https:\/\/thetenerifechannel.com\/de\/wp-json\/wp\/v2\/media\/3627"}],"wp:attachment":[{"href":"https:\/\/thetenerifechannel.com\/de\/wp-json\/wp\/v2\/media?parent=3599"}],"wp:term":[{"taxonomy":"product_brand","embeddable":true,"href":"https:\/\/thetenerifechannel.com\/de\/wp-json\/wp\/v2\/product_brand?post=3599"},{"taxonomy":"product_cat","embeddable":true,"href":"https:\/\/thetenerifechannel.com\/de\/wp-json\/wp\/v2\/product_cat?post=3599"},{"taxonomy":"product_tag","embeddable":true,"href":"https:\/\/thetenerifechannel.com\/de\/wp-json\/wp\/v2\/product_tag?post=3599"}],"curies":[{"name":"wp","href":"https:\/\/api.w.org\/{rel}","templated":true}]}}