{"id":3676,"date":"2024-01-18T15:10:33","date_gmt":"2024-01-18T15:10:33","guid":{"rendered":"https:\/\/thetenerifechannel.com\/excursions\/royal-delfin-3-stuendige-atlantik-kreuzfahrt\/"},"modified":"2026-03-09T14:11:53","modified_gmt":"2026-03-09T14:11:53","slug":"royal-delfin-3-stuendige-atlantik-kreuzfahrt","status":"publish","type":"product","link":"https:\/\/thetenerifechannel.com\/de\/excursions\/royal-delfin-3-stuendige-atlantik-kreuzfahrt\/","title":{"rendered":"Royal Delfin 3-st\u00fcndige Atlantik-Kreuzfahrt"},"content":{"rendered":"<p>Beobachten Sie Wale und Delfine auf dieser 3-st\u00fcndigen Kreuzfahrt auf dem Katamaran Royal Delfin mit einer exklusiven Unterwassersicht. Diese Tour beginnt in Puerto Colon, Costa Adeje. Sie segeln entlang der K\u00fcste von Playa de Las Am\u00e9ricas nach La Caleta, wo Sie in der Bucht anhalten, um ein Bad zu nehmen und ein Mittagessen zu genie\u00dfen. Die Getr\u00e4nke sind w\u00e4hrend der gesamten Reise inbegriffen.   <\/p>\n<p><strong>Eingeschlossen:<\/strong><\/p>\n<ul>\n<li>Elektronisches Ticket.<\/li>\n<li>Spezialisierte F\u00fchrer an Bord.<\/li>\n<li>Abholung von den wichtigsten Hotels im S\u00fcden von Teneriffa.<\/li>\n<li>Mittagessen: warme Mahlzeit (auf Vorbestellung gibt es ein Alternativmen\u00fc f\u00fcr Vegetarier und Z\u00f6liakiebetroffene).<\/li>\n<li>Getr\u00e4nke w\u00e4hrend der gesamten Tour inbegriffen: Bier, Sangria, Saft, Wasser und Softdrinks.<\/li>\n<li>Machen Sie einen Zwischenstopp in La Caleta, um zu baden.<\/li>\n<\/ul>\n<p><strong>Nicht enthalten:<\/strong><\/p>\n<ul>\n<li>Sonnenschutzmittel<\/li>\n<li>Handt\u00fccher<\/li>\n<li>Schnorchel und Masken<\/li>\n<\/ul>\n<p>&nbsp;<\/p>\n","protected":false},"excerpt":{"rendered":"<p>Genie\u00dfen Sie auf dieser 3-st\u00fcndigen Atlantik-Kreuzfahrt ein einzigartiges Erlebnis, bei dem Sie Wale und Delfine durch einen exklusiven Unterwassersicht-Katamaran beobachten k\u00f6nnen.<\/p>\n","protected":false},"featured_media":3682,"template":"","meta":{"_acf_changed":false,"_joinchat":[]},"product_brand":[],"product_cat":[150],"product_tag":[],"class_list":{"0":"post-3676","1":"product","2":"type-product","3":"status-publish","4":"has-post-thumbnail","6":"product_cat-walbeobachtung-teneriffa","7":"pa_depart-from-sueden-der-insel","9":"first","10":"instock","11":"virtual","12":"sold-individually","13":"purchasable","14":"product-type-booking"},"acf":[],"_links":{"self":[{"href":"https:\/\/thetenerifechannel.com\/de\/wp-json\/wp\/v2\/product\/3676","targetHints":{"allow":["GET"]}}],"collection":[{"href":"https:\/\/thetenerifechannel.com\/de\/wp-json\/wp\/v2\/product"}],"about":[{"href":"https:\/\/thetenerifechannel.com\/de\/wp-json\/wp\/v2\/types\/product"}],"wp:featuredmedia":[{"embeddable":true,"href":"https:\/\/thetenerifechannel.com\/de\/wp-json\/wp\/v2\/media\/3682"}],"wp:attachment":[{"href":"https:\/\/thetenerifechannel.com\/de\/wp-json\/wp\/v2\/media?parent=3676"}],"wp:term":[{"taxonomy":"product_brand","embeddable":true,"href":"https:\/\/thetenerifechannel.com\/de\/wp-json\/wp\/v2\/product_brand?post=3676"},{"taxonomy":"product_cat","embeddable":true,"href":"https:\/\/thetenerifechannel.com\/de\/wp-json\/wp\/v2\/product_cat?post=3676"},{"taxonomy":"product_tag","embeddable":true,"href":"https:\/\/thetenerifechannel.com\/de\/wp-json\/wp\/v2\/product_tag?post=3676"}],"curies":[{"name":"wp","href":"https:\/\/api.w.org\/{rel}","templated":true}]}}