{"id":3690,"date":"2024-01-19T08:32:35","date_gmt":"2024-01-19T08:32:35","guid":{"rendered":"https:\/\/thetenerifechannel.com\/excursions\/siam-park\/"},"modified":"2026-03-09T13:50:53","modified_gmt":"2026-03-09T13:50:53","slug":"siam-park","status":"publish","type":"product","link":"https:\/\/thetenerifechannel.com\/de\/excursions\/siam-park\/","title":{"rendered":"Siam-Park"},"content":{"rendered":"<section class=\"l-section wpb_row height_huge\"><div class=\"l-section-h i-cf\"><div class=\"g-cols vc_row via_grid cols_1 laptops-cols_inherit tablets-cols_inherit mobiles-cols_1 valign_top type_default stacking_default\"><div class=\"wpb_column vc_column_container\"><div class=\"vc_column-inner\"><div class=\"wpb_text_column\"><div class=\"wpb_wrapper\"><p>Entdecken Sie den Siam Park, das Wasserreich Teneriffas, das als einer der besten Wasserparks der Welt gilt. Vor dem Hintergrund der spektakul\u00e4ren thail\u00e4ndischen Architektur ist dies ein Park wie kein anderer, und vom ersten Moment an werden Sie wissen, dass dies kein gew\u00f6hnlicher Tag sein wird. Erkunden Sie die vielen Attraktionen und aufregenden Rutschen.  <\/p>\n<p>Der Siam Park verspricht einen Tag voller Spannung, Nervenkitzel und endlosem Spa\u00df f\u00fcr alle Altersgruppen. Auf der Suche nach dem ultimativen Nervenkitzel k\u00f6nnen Sie Ihre Nerven bei einem freien Fall vom Tower of Power auf die Probe stellen oder die Schwerelosigkeit auf dem m\u00e4chtigen The Dragon erleben. Wenn Sie sich im Urlaub entspannen m\u00f6chten, k\u00f6nnen Sie sich auf dem wei\u00dfen Sandstrand ausstrecken, den Lazy River entlangschlendern oder im Wave Palace surfen.<br \/>\nExtrem oder ruhig? Sie haben die Wahl, tauchen Sie einfach ein!   <\/p>\n<p><strong>Eingeschlossen:<\/strong><\/p>\n<ul>\n<li>QR-Eintrittskarte.<\/li>\n<li>Kostenloser Bus mit Abholung in Los Cristianos, Las Americas und Costa Adeje.<\/li>\n<li>Die Benutzung von Liegest\u00fchlen, Schwimmwesten und Sonnenschirmen.<\/li>\n<li>Zugang zu allen Attraktionen.<\/li>\n<\/ul>\n<p><strong>Nicht inbegriffen:<\/strong><\/p>\n<ul>\n<li>Essen und Getr\u00e4nke<\/li>\n<li>Vermietung von Schlie\u00dff\u00e4chern und Handt\u00fcchern<\/li>\n<li>Parkpl\u00e4tze<\/li>\n<\/ul>\n<p><b>*Tickets sind nicht erstattungsf\u00e4hig<\/b><\/p>\n<\/div><\/div><\/div><\/div><\/div><\/div><\/section>\n","protected":false},"excerpt":{"rendered":"<p>Erleben Sie einen unvergesslichen Tag im Siam Park, einem der besten Wasserparks der Welt, der einen Tag voller Aufregung, Nervenkitzel und endlosem Spa\u00df f\u00fcr alle Altersgruppen verspricht.<\/p>\n","protected":false},"featured_media":3714,"template":"","meta":{"_acf_changed":false,"_joinchat":[]},"product_brand":[],"product_cat":[155,156],"product_tag":[267],"class_list":{"0":"post-3690","1":"product","2":"type-product","3":"status-publish","4":"has-post-thumbnail","6":"product_cat-freizeitparks-teneriffa","7":"product_cat-siam-park-teneriffa","8":"product_tag-home-karten","9":"pa_depart-from-sueden-der-insel","11":"first","12":"instock","13":"virtual","14":"sold-individually","15":"purchasable","16":"product-type-booking"},"acf":[],"_links":{"self":[{"href":"https:\/\/thetenerifechannel.com\/de\/wp-json\/wp\/v2\/product\/3690","targetHints":{"allow":["GET"]}}],"collection":[{"href":"https:\/\/thetenerifechannel.com\/de\/wp-json\/wp\/v2\/product"}],"about":[{"href":"https:\/\/thetenerifechannel.com\/de\/wp-json\/wp\/v2\/types\/product"}],"wp:featuredmedia":[{"embeddable":true,"href":"https:\/\/thetenerifechannel.com\/de\/wp-json\/wp\/v2\/media\/3714"}],"wp:attachment":[{"href":"https:\/\/thetenerifechannel.com\/de\/wp-json\/wp\/v2\/media?parent=3690"}],"wp:term":[{"taxonomy":"product_brand","embeddable":true,"href":"https:\/\/thetenerifechannel.com\/de\/wp-json\/wp\/v2\/product_brand?post=3690"},{"taxonomy":"product_cat","embeddable":true,"href":"https:\/\/thetenerifechannel.com\/de\/wp-json\/wp\/v2\/product_cat?post=3690"},{"taxonomy":"product_tag","embeddable":true,"href":"https:\/\/thetenerifechannel.com\/de\/wp-json\/wp\/v2\/product_tag?post=3690"}],"curies":[{"name":"wp","href":"https:\/\/api.w.org\/{rel}","templated":true}]}}