{"id":3846,"date":"2024-01-22T12:02:19","date_gmt":"2024-01-22T12:02:19","guid":{"rendered":"https:\/\/thetenerifechannel.com\/excursions\/ragnarok-wikingerkreuzfahrt-3-stunden\/"},"modified":"2026-03-09T13:52:24","modified_gmt":"2026-03-09T13:52:24","slug":"ragnarok-wikingerkreuzfahrt-3-stunden","status":"publish","type":"product","link":"https:\/\/thetenerifechannel.com\/de\/excursions\/ragnarok-wikingerkreuzfahrt-3-stunden\/","title":{"rendered":"Ragnarok-Wikingerkreuzfahrt (3 Stunden)"},"content":{"rendered":"<p>Whale Watching mit Wikingern!<br \/>\nDie Fahrt ist eine unvergessliche Reise zur\u00fcck in die Zeit der Wikinger, Sie werden an Bord von der Wikinger-Crew unterhalten. Sie werden die Gelegenheit haben, die sch\u00f6nsten Sehensw\u00fcrdigkeiten der Insel zu erleben und wilde Delfine und Grindwale in ihrem nat\u00fcrlichen Lebensraum zu sehen.<br \/>\nDas Boot f\u00e4hrt von Los Cristianos ab und beinhaltet Zeit zum Schwimmen, Getr\u00e4nke und eine gro\u00dfartige Live-Show! Du wirst dich wie ein echter Wikinger f\u00fchlen!<\/p>\n<p><strong>Eingeschlossen:<\/strong><\/p>\n<ul>\n<li class=\"li1\">Elektronisches Ticket.<\/li>\n<li class=\"li1\">Spezialisierte F\u00fchrer an Bord.<\/li>\n<li class=\"li1\">Kostenlose Getr\u00e4nke (Softdrinks, lokales Bier, Wein und Wasser)<\/li>\n<li class=\"li1\">Live-Sendung<\/li>\n<li>Schnorchel und Masken<\/li>\n<li class=\"li1\">Gesichtsbemalung<\/li>\n<\/ul>\n<p><strong>Nicht enthalten:<\/strong><\/p>\n<ul>\n<li>Transport<\/li>\n<li class=\"li1\">Sonnenschutzmittel<\/li>\n<li class=\"li1\">Handt\u00fccher<\/li>\n<li class=\"li1\">Snacks (k\u00f6nnen an Bord gekauft werden)<\/li>\n<\/ul>\n","protected":false},"excerpt":{"rendered":"<p>Machen Sie sich bereit, auf der Wikinger-Kreuzfahrt Wale zu entdecken!<br \/>\nWerden Sie auf diesem 3-st\u00fcndigen Abenteuer zu einem echten Wikinger, mit toller Unterhaltung, sch\u00f6nen Aussichten und jeder Menge Spa\u00df!<\/p>\n","protected":false},"featured_media":117505,"template":"","meta":{"_acf_changed":false,"_joinchat":[]},"product_brand":[],"product_cat":[150],"product_tag":[],"class_list":{"0":"post-3846","1":"product","2":"type-product","3":"status-publish","4":"has-post-thumbnail","6":"product_cat-walbeobachtung-teneriffa","7":"pa_depart-from-sueden-der-insel","9":"first","10":"instock","11":"virtual","12":"sold-individually","13":"purchasable","14":"product-type-booking"},"acf":[],"_links":{"self":[{"href":"https:\/\/thetenerifechannel.com\/de\/wp-json\/wp\/v2\/product\/3846","targetHints":{"allow":["GET"]}}],"collection":[{"href":"https:\/\/thetenerifechannel.com\/de\/wp-json\/wp\/v2\/product"}],"about":[{"href":"https:\/\/thetenerifechannel.com\/de\/wp-json\/wp\/v2\/types\/product"}],"wp:featuredmedia":[{"embeddable":true,"href":"https:\/\/thetenerifechannel.com\/de\/wp-json\/wp\/v2\/media\/117505"}],"wp:attachment":[{"href":"https:\/\/thetenerifechannel.com\/de\/wp-json\/wp\/v2\/media?parent=3846"}],"wp:term":[{"taxonomy":"product_brand","embeddable":true,"href":"https:\/\/thetenerifechannel.com\/de\/wp-json\/wp\/v2\/product_brand?post=3846"},{"taxonomy":"product_cat","embeddable":true,"href":"https:\/\/thetenerifechannel.com\/de\/wp-json\/wp\/v2\/product_cat?post=3846"},{"taxonomy":"product_tag","embeddable":true,"href":"https:\/\/thetenerifechannel.com\/de\/wp-json\/wp\/v2\/product_tag?post=3846"}],"curies":[{"name":"wp","href":"https:\/\/api.w.org\/{rel}","templated":true}]}}