{"id":3869,"date":"2024-01-19T13:43:49","date_gmt":"2024-01-19T13:43:49","guid":{"rendered":"https:\/\/thetenerifechannel.com\/excursions\/tandem-gleitschirmfliegen-standardflug\/"},"modified":"2026-03-09T13:50:22","modified_gmt":"2026-03-09T13:50:22","slug":"tandem-gleitschirmfliegen-standardflug","status":"publish","type":"product","link":"https:\/\/thetenerifechannel.com\/de\/excursions\/tandem-gleitschirmfliegen-standardflug\/","title":{"rendered":"Tandem-Gleitschirmfliegen &#8211; Standardflug"},"content":{"rendered":"<p>Erleben Sie den Nervenkitzel des Fliegens mit unserem Paket &#8220;Erster Flug&#8221; &#8211; ideal f\u00fcr kleine Kinder und alle, die gerne durch die L\u00fcfte schweben m\u00f6chten.<br \/>\nHeben Sie von Adeje ab und genie\u00dfen Sie die Aussicht auf Costa Adeje und La Gomera am Horizont.<\/p>\n<p>Jeder Flug bietet eine einzigartige Reise, die sich nach den t\u00e4glichen Wetterbedingungen richtet.<br \/>\nEine perfekte Einf\u00fchrung in die Welt des Fliegens!<\/p>\n<ul>\n<li>15-20 Minuten Flugzeit.<\/li>\n<li>700-900m H\u00f6he.<\/li>\n<\/ul>\n","protected":false},"excerpt":{"rendered":"<p>Erleben Sie die Sch\u00f6nheit des Tandemflugs und genie\u00dfen Sie die atemberaubende Aussicht auf Costa Adeje.<br \/>\nPerfekt als erste Erfahrung oder f\u00fcr Kinder.<\/p>\n","protected":false},"featured_media":3879,"template":"","meta":{"_acf_changed":false,"_joinchat":[]},"product_brand":[],"product_cat":[164],"product_tag":[],"class_list":{"0":"post-3869","1":"product","2":"type-product","3":"status-publish","4":"has-post-thumbnail","6":"product_cat-gleitschirmfliegen-teneriffa","7":"pa_depart-from-sueden-der-insel","9":"first","10":"instock","11":"virtual","12":"sold-individually","13":"purchasable","14":"product-type-booking"},"acf":[],"_links":{"self":[{"href":"https:\/\/thetenerifechannel.com\/de\/wp-json\/wp\/v2\/product\/3869","targetHints":{"allow":["GET"]}}],"collection":[{"href":"https:\/\/thetenerifechannel.com\/de\/wp-json\/wp\/v2\/product"}],"about":[{"href":"https:\/\/thetenerifechannel.com\/de\/wp-json\/wp\/v2\/types\/product"}],"wp:featuredmedia":[{"embeddable":true,"href":"https:\/\/thetenerifechannel.com\/de\/wp-json\/wp\/v2\/media\/3879"}],"wp:attachment":[{"href":"https:\/\/thetenerifechannel.com\/de\/wp-json\/wp\/v2\/media?parent=3869"}],"wp:term":[{"taxonomy":"product_brand","embeddable":true,"href":"https:\/\/thetenerifechannel.com\/de\/wp-json\/wp\/v2\/product_brand?post=3869"},{"taxonomy":"product_cat","embeddable":true,"href":"https:\/\/thetenerifechannel.com\/de\/wp-json\/wp\/v2\/product_cat?post=3869"},{"taxonomy":"product_tag","embeddable":true,"href":"https:\/\/thetenerifechannel.com\/de\/wp-json\/wp\/v2\/product_tag?post=3869"}],"curies":[{"name":"wp","href":"https:\/\/api.w.org\/{rel}","templated":true}]}}