{"id":3872,"date":"2024-01-22T14:11:34","date_gmt":"2024-01-22T14:11:34","guid":{"rendered":"https:\/\/thetenerifechannel.com\/excursions\/loro-parque\/"},"modified":"2026-03-09T13:52:01","modified_gmt":"2026-03-09T13:52:01","slug":"loro-parque","status":"publish","type":"product","link":"https:\/\/thetenerifechannel.com\/de\/excursions\/loro-parque\/","title":{"rendered":"Loro Parque"},"content":{"rendered":"<section class=\"l-section wpb_row height_huge\"><div class=\"l-section-h i-cf\"><div class=\"g-cols vc_row via_grid cols_1 laptops-cols_inherit tablets-cols_inherit mobiles-cols_1 valign_top type_default stacking_default\"><div class=\"wpb_column vc_column_container\"><div class=\"vc_column-inner\"><div class=\"wpb_text_column\"><div class=\"wpb_wrapper\"><p class=\"p3\">Der Loro Parque ist ein ber\u00fchmter Tierpark auf Teneriffa.<br \/>\nHier kommen Sie den wundersch\u00f6nen Tieren ganz nah und erleben ein unvergessliches Erlebnis.<br \/>\nEntdecken Sie die Antarktis im Planet Penguin, wo ein echter Eisberg und Hunderte von Pinguinbewohnern leben.<\/p>\n<p class=\"p3\">Nehmen Sie Platz am spektakul\u00e4ren Orca Ocean und beobachten Sie, wie die Wale ihre Kraft und Beweglichkeit unter Beweis stellen, und versuchen Sie, sich ein Grinsen zu verkneifen, wenn die akrobatischen Delfine und Seel\u00f6wen Ihnen ihre der Schwerkraft trotzenden Bewegungen zeigen.<\/p>\n<p class=\"p3\">Genie\u00dfen Sie Katandra TreeTops, einen Ort, an dem Sie die erstaunlichsten Vogelarten ihrer Welt treffen k\u00f6nnen, und halten Sie die Augen nach Loris, Kakadus, Emus und Kookaburras offen, w\u00e4hrend Sie H\u00e4ngebr\u00fccken \u00fcberqueren und sich Ihren Weg durch Dschungelpfade bahnen.<\/p>\n<p>Ein Tag voller Spa\u00df f\u00fcr alle Altersgruppen!<\/p>\n<p class=\"p3\"><b>  Eingeschlossen<\/b><\/p>\n<ul class=\"ul1\">\n<li class=\"li3\">QR-Eintrittskarte<\/li>\n<li>Kostenloser Zug ab Puerto de la Cruz<\/li>\n<\/ul>\n<p class=\"p3\"><b>Nicht enthalten<\/b><\/p>\n<ul class=\"ul1\">\n<li class=\"li3\">Transport<\/li>\n<li class=\"li3\">Essen und Getr\u00e4nke<\/li>\n<li class=\"li3\">Souvenirs<\/li>\n<\/ul>\n<p><b>*Tickets sind nicht erstattungsf\u00e4hig<\/b><\/p>\n<\/div><\/div><\/div><\/div><\/div><\/div><\/section>\n","protected":false},"excerpt":{"rendered":"<p>Entdecken Sie die Welt der Wildtiere im Loro Parque.<br \/>\nDieser unglaubliche Zoo auf Teneriffa bietet ein unvergessliches Erlebnis mit exotischen Tieren, atemberaubenden botanischen G\u00e4rten und spannenden Shows.<\/p>\n","protected":false},"featured_media":3892,"template":"","meta":{"_acf_changed":false,"_joinchat":[]},"product_brand":[],"product_cat":[155,166],"product_tag":[],"class_list":{"0":"post-3872","1":"product","2":"type-product","3":"status-publish","4":"has-post-thumbnail","6":"product_cat-freizeitparks-teneriffa","7":"product_cat-loro-park-teneriffa","8":"pa_depart-from-norden-der-insel","10":"first","11":"instock","12":"virtual","13":"sold-individually","14":"purchasable","15":"product-type-booking"},"acf":[],"_links":{"self":[{"href":"https:\/\/thetenerifechannel.com\/de\/wp-json\/wp\/v2\/product\/3872","targetHints":{"allow":["GET"]}}],"collection":[{"href":"https:\/\/thetenerifechannel.com\/de\/wp-json\/wp\/v2\/product"}],"about":[{"href":"https:\/\/thetenerifechannel.com\/de\/wp-json\/wp\/v2\/types\/product"}],"wp:featuredmedia":[{"embeddable":true,"href":"https:\/\/thetenerifechannel.com\/de\/wp-json\/wp\/v2\/media\/3892"}],"wp:attachment":[{"href":"https:\/\/thetenerifechannel.com\/de\/wp-json\/wp\/v2\/media?parent=3872"}],"wp:term":[{"taxonomy":"product_brand","embeddable":true,"href":"https:\/\/thetenerifechannel.com\/de\/wp-json\/wp\/v2\/product_brand?post=3872"},{"taxonomy":"product_cat","embeddable":true,"href":"https:\/\/thetenerifechannel.com\/de\/wp-json\/wp\/v2\/product_cat?post=3872"},{"taxonomy":"product_tag","embeddable":true,"href":"https:\/\/thetenerifechannel.com\/de\/wp-json\/wp\/v2\/product_tag?post=3872"}],"curies":[{"name":"wp","href":"https:\/\/api.w.org\/{rel}","templated":true}]}}