{"id":3908,"date":"2024-01-22T12:01:32","date_gmt":"2024-01-22T12:01:32","guid":{"rendered":"https:\/\/thetenerifechannel.com\/excursions\/meeressafari-masca-los-gigantes\/"},"modified":"2026-03-09T13:53:20","modified_gmt":"2026-03-09T13:53:20","slug":"meeressafari-masca-los-gigantes","status":"publish","type":"product","link":"https:\/\/thetenerifechannel.com\/de\/excursions\/meeressafari-masca-los-gigantes\/","title":{"rendered":"Meeressafari 2 Stunden"},"content":{"rendered":"<div>Von Puerto Colon aus stechen wir mit dem Schnellboot mit maximal 11 Personen in See.<\/div>\n<div>Mit diesem sanft fahrenden Schnellboot erreichen wir schnell die Gebiete, in denen sich Wale und Delfine aufhalten, was unsere Chancen auf eine Sichtung erh\u00f6ht.<\/div>\n<p><span>Nachdem wir Delfine, Wale und vielleicht ein paar Schildkr\u00f6ten oder andere Arten gesichtet haben, fahren wir nach Palm-Mar oder La Caleta, wo wir in einer Bucht zum Schwimmen (optional) oder Schnorcheln (Schnorchelmasken werden gestellt) anhalten.<\/span><br \/>\n<span>Ein Getr\u00e4nk, ein Snack und eine Kostprobe einer lokalen Banane (pl\u00e1tano) von den Plantagen Teneriffas sind inklusive.<\/span><br \/>\n<span>Auf dem R\u00fcckweg genie\u00dfen Sie die Aussicht auf die S\u00fcdk\u00fcste Teneriffas: kleine H\u00e4fen, Str\u00e4nde, Klippen, H\u00f6hlen, nat\u00fcrliche Schwimmb\u00e4der, den Vulkan Teide, La Gomera und mehr.<\/span><\/p>\n<p>*Privat-Charter verf\u00fcgbar. Bitte kontaktieren Sie uns f\u00fcr weitere Informationen. <\/p>\n<p><strong>Eingeschlossen:<\/strong><\/p>\n<ul>\n<li>Elektronisches Ticket.<\/li>\n<li>Spezialisierter F\u00fchrer an Bord.<\/li>\n<li>Snack und ein Getr\u00e4nk<\/li>\n<li>Schnorchelmaske<\/li>\n<li>Kleine Gruppe: max. 11 Personen<\/li>\n<\/ul>\n<p><strong>Nicht enthalten:<\/strong><\/p>\n<ul>\n<li>Transport: Treffpunkt am Hafen von Puerto Colon.<\/li>\n<li>Handt\u00fccher<\/li>\n<li>Sonnenschutzmittel<\/li>\n<\/ul>\n","protected":false},"excerpt":{"rendered":"<p>Fahren Sie mit dem Schnellboot Sea Safari, um Wale und Delfine zu beobachten. Genie\u00dfen Sie ein Bad <span>und nehmen Sie einen <\/span>Snack und ein Getr\u00e4nk <span>vor einer wundersch\u00f6nen Bucht an der S\u00fcdk\u00fcste Teneriffas zu sich.<\/span> <\/p>\n","protected":false},"featured_media":3918,"template":"","meta":{"_acf_changed":false,"_joinchat":[]},"product_brand":[],"product_cat":[150],"product_tag":[],"class_list":{"0":"post-3908","1":"product","2":"type-product","3":"status-publish","4":"has-post-thumbnail","6":"product_cat-walbeobachtung-teneriffa","7":"pa_depart-from-sueden-der-insel","9":"first","10":"instock","11":"virtual","12":"sold-individually","13":"purchasable","14":"product-type-booking"},"acf":[],"_links":{"self":[{"href":"https:\/\/thetenerifechannel.com\/de\/wp-json\/wp\/v2\/product\/3908","targetHints":{"allow":["GET"]}}],"collection":[{"href":"https:\/\/thetenerifechannel.com\/de\/wp-json\/wp\/v2\/product"}],"about":[{"href":"https:\/\/thetenerifechannel.com\/de\/wp-json\/wp\/v2\/types\/product"}],"wp:featuredmedia":[{"embeddable":true,"href":"https:\/\/thetenerifechannel.com\/de\/wp-json\/wp\/v2\/media\/3918"}],"wp:attachment":[{"href":"https:\/\/thetenerifechannel.com\/de\/wp-json\/wp\/v2\/media?parent=3908"}],"wp:term":[{"taxonomy":"product_brand","embeddable":true,"href":"https:\/\/thetenerifechannel.com\/de\/wp-json\/wp\/v2\/product_brand?post=3908"},{"taxonomy":"product_cat","embeddable":true,"href":"https:\/\/thetenerifechannel.com\/de\/wp-json\/wp\/v2\/product_cat?post=3908"},{"taxonomy":"product_tag","embeddable":true,"href":"https:\/\/thetenerifechannel.com\/de\/wp-json\/wp\/v2\/product_tag?post=3908"}],"curies":[{"name":"wp","href":"https:\/\/api.w.org\/{rel}","templated":true}]}}