{"id":3924,"date":"2024-01-22T13:30:27","date_gmt":"2024-01-22T13:30:27","guid":{"rendered":"https:\/\/thetenerifechannel.com\/excursions\/ragnarok-wikingerkreuzfahrt-2-stunden\/"},"modified":"2026-03-09T13:52:09","modified_gmt":"2026-03-09T13:52:09","slug":"ragnarok-wikingerkreuzfahrt-2-stunden","status":"publish","type":"product","link":"https:\/\/thetenerifechannel.com\/de\/excursions\/ragnarok-wikingerkreuzfahrt-2-stunden\/","title":{"rendered":"Ragnarok-Wikingerkreuzfahrt (2 Stunden)"},"content":{"rendered":"<p>Walbeobachtung mit Wikingern!<br \/>\nDer Ausflug ist eine unvergessliche Reise zur\u00fcck in die Zeit der Wikinger mit einer Wikinger-Crew.<br \/>\nDas Boot f\u00e4hrt von Los Cristianos ab und Sie haben die M\u00f6glichkeit, die sch\u00f6nsten Sehensw\u00fcrdigkeiten der Insel zu erleben sowie wilde Delfine und Grindwale in ihrem nat\u00fcrlichen Lebensraum zu sehen.<\/p>\n<p><strong>Eingeschlossen:<\/strong><\/p>\n<ul>\n<li class=\"li1\">Elektronisches Ticket.<\/li>\n<li class=\"li1\">Spezialisierte F\u00fchrer an Bord.<\/li>\n<li class=\"li1\">Whale watching<\/li>\n<li>Wikinger-Team an Bord<\/li>\n<\/ul>\n<p><strong>Nicht enthalten:<\/strong><\/p>\n<ul>\n<li>Transport<\/li>\n<li>Schwimmstopp<\/li>\n<li>Live-Sendung<\/li>\n<li>Essen oder Getr\u00e4nke (k\u00f6nnen an Bord gekauft werden)<\/li>\n<li class=\"li1\">Sonnenschutzmittel<\/li>\n<li class=\"li1\">Handt\u00fccher<\/li>\n<\/ul>\n","protected":false},"excerpt":{"rendered":"<p>Machen Sie sich bereit, Wale und Delfine auf der 2-st\u00fcndigen Wikingerfahrt zu entdecken! Sie werden an Bord von der Wikinger-Crew betreut und haben die M\u00f6glichkeit, die sch\u00f6nsten Sehensw\u00fcrdigkeiten der Insel zu erleben. <\/p>\n","protected":false},"featured_media":117505,"template":"","meta":{"_acf_changed":false,"_joinchat":[]},"product_brand":[],"product_cat":[150],"product_tag":[],"class_list":{"0":"post-3924","1":"product","2":"type-product","3":"status-publish","4":"has-post-thumbnail","6":"product_cat-walbeobachtung-teneriffa","7":"pa_depart-from-sueden-der-insel","9":"first","10":"instock","11":"virtual","12":"sold-individually","13":"purchasable","14":"product-type-booking"},"acf":[],"_links":{"self":[{"href":"https:\/\/thetenerifechannel.com\/de\/wp-json\/wp\/v2\/product\/3924","targetHints":{"allow":["GET"]}}],"collection":[{"href":"https:\/\/thetenerifechannel.com\/de\/wp-json\/wp\/v2\/product"}],"about":[{"href":"https:\/\/thetenerifechannel.com\/de\/wp-json\/wp\/v2\/types\/product"}],"wp:featuredmedia":[{"embeddable":true,"href":"https:\/\/thetenerifechannel.com\/de\/wp-json\/wp\/v2\/media\/117505"}],"wp:attachment":[{"href":"https:\/\/thetenerifechannel.com\/de\/wp-json\/wp\/v2\/media?parent=3924"}],"wp:term":[{"taxonomy":"product_brand","embeddable":true,"href":"https:\/\/thetenerifechannel.com\/de\/wp-json\/wp\/v2\/product_brand?post=3924"},{"taxonomy":"product_cat","embeddable":true,"href":"https:\/\/thetenerifechannel.com\/de\/wp-json\/wp\/v2\/product_cat?post=3924"},{"taxonomy":"product_tag","embeddable":true,"href":"https:\/\/thetenerifechannel.com\/de\/wp-json\/wp\/v2\/product_tag?post=3924"}],"curies":[{"name":"wp","href":"https:\/\/api.w.org\/{rel}","templated":true}]}}