{"id":3947,"date":"2024-01-19T09:33:27","date_gmt":"2024-01-19T09:33:27","guid":{"rendered":"https:\/\/thetenerifechannel.com\/excursions\/siam-park-alles-inklusive\/"},"modified":"2026-03-09T13:50:21","modified_gmt":"2026-03-09T13:50:21","slug":"siam-park-alles-inklusive","status":"publish","type":"product","link":"https:\/\/thetenerifechannel.com\/de\/excursions\/siam-park-alles-inklusive\/","title":{"rendered":"Siam Park Alles Inklusive"},"content":{"rendered":"<p>Entdecken Sie den Siam Park, das Wasserreich Teneriffas, das als einer der besten Wasserparks der Welt gilt. Das Siam Park All Inclusive Ticket beinhaltet <strong><em>bevorzugten Zugang<\/em> <\/strong>zu den Attraktionen (Fast Pass), <em><br \/>\n  <strong>freier Verzehr<\/strong><br \/>\n<\/em> von Speisen und Getr\u00e4nken,<em><br \/>\n  <strong> ein Handtuch und ein Schlie\u00dffach<\/strong><br \/>\n<\/em>. Der Tower of Power ist vom bevorzugten Zugang ausgeschlossen.  <\/p>\n<p>Vor dem Hintergrund der spektakul\u00e4ren thail\u00e4ndischen Architektur ist dies ein Park wie kein anderer, und vom ersten Moment an werden Sie wissen, dass dies kein gew\u00f6hnlicher Tag sein wird. Erkunden Sie die vielen Attraktionen und aufregenden Rutschen. Der Siam Park verspricht einen Tag voller Spannung, Nervenkitzel und endlosem Spa\u00df f\u00fcr alle Altersgruppen. Auf der Suche nach dem ultimativen Nervenkitzel k\u00f6nnen Sie Ihre Nerven bei einem freien Fall vom Tower of Power auf die Probe stellen oder die Schwerelosigkeit auf dem m\u00e4chtigen The Dragon erleben. Wenn Sie sich im Urlaub lieber entspannen m\u00f6chten, k\u00f6nnen Sie sich auf dem wei\u00dfen Sandstrand ausruhen, den Lazy River entlangschlendern oder im Wave Palace surfen. Extrem oder heiter? Sie haben die Wahl, tauchen Sie einfach ein!      <\/p>\n<p><strong>Eingeschlossen:<\/strong><\/p>\n<ul>\n<li>QR-Eintrittskarte.<\/li>\n<li>Schnellpass f\u00fcr Attraktionen (au\u00dfer Tower of Power)*<\/li>\n<li>Essen und Trinken.<\/li>\n<li>Schlie\u00dffach.<\/li>\n<li>Handtuch.<\/li>\n<li>Kostenloser Bus mit Abholung in Los Cristianos, Las Americas und Costa Adeje.<\/li>\n<li>Die Benutzung von Liegest\u00fchlen, Schwimmwesten und Sonnenschirmen.<\/li>\n<\/ul>\n<p><strong>Nicht enthalten:<\/strong><\/p>\n<ul>\n<li>Parkpl\u00e4tze<\/li>\n<li>Schokoladenriegel, Cocktails oder bestimmte alkoholische Getr\u00e4nke<\/li>\n<\/ul>\n","protected":false},"excerpt":{"rendered":"<p>Erleben Sie einen unvergesslichen Tag im Siam Park mit All-Inclusive-Tickets: ein Fastpass f\u00fcr die Attraktionen, freier Verzehr von Speisen und Getr\u00e4nken, ein Handtuch und ein Schlie\u00dffach!<br \/>\nMachen Sie sich bereit f\u00fcr ein unglaubliches Erlebnis!<\/p>\n","protected":false},"featured_media":3714,"template":"","meta":{"_acf_changed":false,"_joinchat":[]},"product_brand":[],"product_cat":[155,156],"product_tag":[],"class_list":{"0":"post-3947","1":"product","2":"type-product","3":"status-publish","4":"has-post-thumbnail","6":"product_cat-freizeitparks-teneriffa","7":"product_cat-siam-park-teneriffa","8":"pa_depart-from-sueden-der-insel","10":"first","11":"instock","12":"virtual","13":"sold-individually","14":"purchasable","15":"product-type-booking"},"acf":[],"_links":{"self":[{"href":"https:\/\/thetenerifechannel.com\/de\/wp-json\/wp\/v2\/product\/3947","targetHints":{"allow":["GET"]}}],"collection":[{"href":"https:\/\/thetenerifechannel.com\/de\/wp-json\/wp\/v2\/product"}],"about":[{"href":"https:\/\/thetenerifechannel.com\/de\/wp-json\/wp\/v2\/types\/product"}],"wp:featuredmedia":[{"embeddable":true,"href":"https:\/\/thetenerifechannel.com\/de\/wp-json\/wp\/v2\/media\/3714"}],"wp:attachment":[{"href":"https:\/\/thetenerifechannel.com\/de\/wp-json\/wp\/v2\/media?parent=3947"}],"wp:term":[{"taxonomy":"product_brand","embeddable":true,"href":"https:\/\/thetenerifechannel.com\/de\/wp-json\/wp\/v2\/product_brand?post=3947"},{"taxonomy":"product_cat","embeddable":true,"href":"https:\/\/thetenerifechannel.com\/de\/wp-json\/wp\/v2\/product_cat?post=3947"},{"taxonomy":"product_tag","embeddable":true,"href":"https:\/\/thetenerifechannel.com\/de\/wp-json\/wp\/v2\/product_tag?post=3947"}],"curies":[{"name":"wp","href":"https:\/\/api.w.org\/{rel}","templated":true}]}}