{"id":4011,"date":"2024-01-23T09:06:27","date_gmt":"2024-01-23T09:06:27","guid":{"rendered":"https:\/\/thetenerifechannel.com\/excursions\/royal-delfin-45-stunden-los-gigantes-masca-kreuzfahrt\/"},"modified":"2026-04-24T11:36:38","modified_gmt":"2026-04-24T11:36:38","slug":"royal-delfin-45-stunden-los-gigantes-masca-kreuzfahrt","status":"publish","type":"product","link":"https:\/\/thetenerifechannel.com\/de\/excursions\/royal-delfin-45-stunden-los-gigantes-masca-kreuzfahrt\/","title":{"rendered":"Royal Delfin 4,5 Stunden Los Gigantes &amp; Masca Kreuzfahrt"},"content":{"rendered":"<p>Genie\u00dfen Sie das einzigartige Erlebnis, Wale und Delfine unter Wasser zu beobachten. Der Katamaran startet in Puerto Colon und segelt entlang der S\u00fcdwestk\u00fcste von Costa Adeje zu den majest\u00e4tischen Klippen Acantilados de Los Gigantes auf der Suche nach freien Walen, die in ihrem nat\u00fcrlichen Lebensraum beobachtet werden k\u00f6nnen. Wir halten an der Bucht von Masca, die einen herrlichen Blick auf die Klippen bietet, baden und bieten Ihnen ein Mittagessen an. Die Getr\u00e4nke sind w\u00e4hrend des gesamten Ausflugs inbegriffen. Genie\u00dfen Sie das einmalige Erlebnis, Wale und Delfine auf diesem exklusiven Katamaran mit Unterwassersicht zu beobachten.    <\/p>\n<p><strong>Eingeschlossen:<\/strong><\/p>\n<ul>\n<li>Elektronisches Ticket.<\/li>\n<li>Spezialisierte F\u00fchrer an Bord.<\/li>\n<li>Bustransfer vom S\u00fcden der Insel<\/li>\n<li>Vorspeise: Obst der Saison.<\/li>\n<li>Mittagessen: warme Mahlzeit (auf Vorbestellung gibt es ein Alternativmen\u00fc f\u00fcr Vegetarier und Z\u00f6liakiebetroffene).<\/li>\n<li>Getr\u00e4nke w\u00e4hrend der gesamten Tour inbegriffen: Bier, Sangria, Saft, Wasser und Softdrinks.<\/li>\n<\/ul>\n<p><strong>Nicht enthalten:<\/strong><\/p>\n<ul>\n<li>Sonnenschutzmittel<\/li>\n<li>Handt\u00fccher<\/li>\n<li>Schnorchel und Masken<\/li>\n<\/ul>\n<p>&nbsp;<\/p>\n","protected":false},"excerpt":{"rendered":"<p>Erleben Sie Wal- und Delfinbeobachtung an Bord des Katamarans Royal Delfin mit Unterwassersicht. Besuchen Sie die majest\u00e4tischen Klippen von Los Gigantes, genie\u00dfen Sie Ihr Mittagessen und nehmen Sie ein erfrischendes Bad in der wundersch\u00f6nen Landschaft der Masca-Bucht. <\/p>\n","protected":false},"featured_media":3682,"template":"","meta":{"_acf_changed":false,"_joinchat":[]},"product_brand":[],"product_cat":[150],"product_tag":[380,379,383],"class_list":{"0":"post-4011","1":"product","2":"type-product","3":"status-publish","4":"has-post-thumbnail","6":"product_cat-walbeobachtung-teneriffa","7":"product_tag-a-group-friends","8":"product_tag-a-gruppen-familien","9":"product_tag-a-vibe-boote-2","10":"pa_depart-from-norden-der-insel","11":"pa_depart-from-sueden-der-insel","13":"first","14":"instock","15":"virtual","16":"sold-individually","17":"purchasable","18":"product-type-booking"},"acf":[],"_links":{"self":[{"href":"https:\/\/thetenerifechannel.com\/de\/wp-json\/wp\/v2\/product\/4011","targetHints":{"allow":["GET"]}}],"collection":[{"href":"https:\/\/thetenerifechannel.com\/de\/wp-json\/wp\/v2\/product"}],"about":[{"href":"https:\/\/thetenerifechannel.com\/de\/wp-json\/wp\/v2\/types\/product"}],"wp:featuredmedia":[{"embeddable":true,"href":"https:\/\/thetenerifechannel.com\/de\/wp-json\/wp\/v2\/media\/3682"}],"wp:attachment":[{"href":"https:\/\/thetenerifechannel.com\/de\/wp-json\/wp\/v2\/media?parent=4011"}],"wp:term":[{"taxonomy":"product_brand","embeddable":true,"href":"https:\/\/thetenerifechannel.com\/de\/wp-json\/wp\/v2\/product_brand?post=4011"},{"taxonomy":"product_cat","embeddable":true,"href":"https:\/\/thetenerifechannel.com\/de\/wp-json\/wp\/v2\/product_cat?post=4011"},{"taxonomy":"product_tag","embeddable":true,"href":"https:\/\/thetenerifechannel.com\/de\/wp-json\/wp\/v2\/product_tag?post=4011"}],"curies":[{"name":"wp","href":"https:\/\/api.w.org\/{rel}","templated":true}]}}