{"id":4014,"date":"2024-01-22T15:01:05","date_gmt":"2024-01-22T15:01:05","guid":{"rendered":"https:\/\/thetenerifechannel.com\/excursions\/paraszierende\/"},"modified":"2026-03-09T13:55:00","modified_gmt":"2026-03-09T13:55:00","slug":"paraszierende","status":"publish","type":"product","link":"https:\/\/thetenerifechannel.com\/de\/excursions\/paraszierende\/","title":{"rendered":"Paraszierende"},"content":{"rendered":"<p>Beim Parascending oder Parasailing gleitet man \u00fcber den Ozean, w\u00e4hrend man sanft von einem Boot gezogen wird. Wie bei einem Drachen erzeugen das Segel und die Geschwindigkeit des Bootes den n\u00f6tigen Auftrieb, um Sie bis zu 50 Meter \u00fcber dem Wasser fliegen zu lassen. Parascending ist eine einzigartige, entspannende Aktivit\u00e4t auf dem Meer, die f\u00fcr Kinder und Erwachsene geeignet ist. Steigen Sie in ein modernes Schnellboot und gleiten Sie \u00fcber den Ozean, w\u00e4hrend Sie die herrliche Natur aus der Luft bewundern! Der Ausflug dauert etwa 45 Minuten, einschlie\u00dflich der Einweisung, einer kurzen Bootsfahrt und des Fluges. Die Flugzeit betr\u00e4gt 10 Minuten.     <\/p>\n<p><strong>Eingeschlossen:<\/strong><\/p>\n<ul>\n<li>Treffpunkt am Strand, der Ihrer Unterkunft am n\u00e4chsten liegt.<\/li>\n<li>Elektronisches Ticket. Schwimmweste (obligatorisch) <\/li>\n<\/ul>\n<p><strong>Nicht enthalten:<\/strong><\/p>\n<ul>\n<li>Transport<\/li>\n<li>Erinnerungsfoto<\/li>\n<\/ul>\n","protected":false},"excerpt":{"rendered":"<p>Bereit f\u00fcr ein sch\u00f6nes Erlebnis?<br \/>\nSteigen Sie in ein modernes Schnellboot und gleiten Sie \u00fcber den Ozean, w\u00e4hrend Sie die herrliche Natur aus der Luft bewundern.<\/p>\n","protected":false},"featured_media":4020,"template":"","meta":{"_acf_changed":false,"_joinchat":[]},"product_brand":[],"product_cat":[167],"product_tag":[],"class_list":{"0":"post-4014","1":"product","2":"type-product","3":"status-publish","4":"has-post-thumbnail","6":"product_cat-wassersport-teneriffa","7":"pa_depart-from-sueden-der-insel","9":"first","10":"instock","11":"virtual","12":"sold-individually","13":"purchasable","14":"product-type-booking"},"acf":[],"_links":{"self":[{"href":"https:\/\/thetenerifechannel.com\/de\/wp-json\/wp\/v2\/product\/4014","targetHints":{"allow":["GET"]}}],"collection":[{"href":"https:\/\/thetenerifechannel.com\/de\/wp-json\/wp\/v2\/product"}],"about":[{"href":"https:\/\/thetenerifechannel.com\/de\/wp-json\/wp\/v2\/types\/product"}],"wp:featuredmedia":[{"embeddable":true,"href":"https:\/\/thetenerifechannel.com\/de\/wp-json\/wp\/v2\/media\/4020"}],"wp:attachment":[{"href":"https:\/\/thetenerifechannel.com\/de\/wp-json\/wp\/v2\/media?parent=4014"}],"wp:term":[{"taxonomy":"product_brand","embeddable":true,"href":"https:\/\/thetenerifechannel.com\/de\/wp-json\/wp\/v2\/product_brand?post=4014"},{"taxonomy":"product_cat","embeddable":true,"href":"https:\/\/thetenerifechannel.com\/de\/wp-json\/wp\/v2\/product_cat?post=4014"},{"taxonomy":"product_tag","embeddable":true,"href":"https:\/\/thetenerifechannel.com\/de\/wp-json\/wp\/v2\/product_tag?post=4014"}],"curies":[{"name":"wp","href":"https:\/\/api.w.org\/{rel}","templated":true}]}}