{"id":4047,"date":"2024-01-25T16:28:17","date_gmt":"2024-01-25T16:28:17","guid":{"rendered":"https:\/\/thetenerifechannel.com\/excursions\/forstwirtschaftlicher-park\/"},"modified":"2024-02-23T15:30:44","modified_gmt":"2024-02-23T15:30:44","slug":"forstwirtschaftlicher-park","status":"publish","type":"product","link":"https:\/\/thetenerifechannel.com\/de\/excursions\/forstwirtschaftlicher-park\/","title":{"rendered":"Forestal Park"},"content":{"rendered":"<p>Der Forestal Park auf Teneriffa ist der ideale Ort f\u00fcr aufregende Seilrutschen und H\u00f6henpfade und damit das perfekte Abenteuer f\u00fcr alle Altersgruppen. Egal, ob Sie ein erfahrener Entdecker oder ein Erstbesucher sind, hier ist etwas f\u00fcr Sie dabei.<\/p>\n<p>Die hochfliegenden Seilrutschen des Parks bieten eine einzigartige Perspektive auf die Baumkronen und erm\u00f6glichen es Ihnen, durch die Baumkronen zu gleiten und die unber\u00fchrte Umgebung aus der Vogelperspektive zu betrachten. Es ist ein unterhaltsames Erlebnis, das den Nervenkitzel des Abenteuers mit der Gelassenheit der Natur verbindet. Sie k\u00f6nnen zwischen verschiedenen Schwierigkeitsstufen w\u00e4hlen.<\/p>\n<p><em>*Bitte beachten Sie, dass sich der Park in La Esperanza, im Norden Teneriffas, befindet und Sie mit dem eigenen Fahrzeug oder einem Taxi anreisen m\u00fcssen.<\/em><\/p>\n<p>&nbsp;<\/p>\n<p>&nbsp;<\/p>\n","protected":false},"excerpt":{"rendered":"<p>Bereit f\u00fcr ein Abenteuer inmitten der Natur? Entdecken Sie den Forestal Park mit seinen aufregenden Seilrutschen und Baumkronenpfaden f\u00fcr ein unvergessliches Outdoor-Erlebnis.<\/p>\n","protected":false},"featured_media":6873,"template":"","meta":{"_acf_changed":false,"_joinchat":[]},"product_brand":[],"product_cat":[155],"product_tag":[],"class_list":{"0":"post-4047","1":"product","2":"type-product","3":"status-publish","4":"has-post-thumbnail","6":"product_cat-freizeitparks-teneriffa","7":"pa_depart-from-norden-der-insel","9":"first","10":"instock","11":"virtual","12":"sold-individually","13":"purchasable","14":"product-type-booking"},"acf":[],"_links":{"self":[{"href":"https:\/\/thetenerifechannel.com\/de\/wp-json\/wp\/v2\/product\/4047","targetHints":{"allow":["GET"]}}],"collection":[{"href":"https:\/\/thetenerifechannel.com\/de\/wp-json\/wp\/v2\/product"}],"about":[{"href":"https:\/\/thetenerifechannel.com\/de\/wp-json\/wp\/v2\/types\/product"}],"wp:featuredmedia":[{"embeddable":true,"href":"https:\/\/thetenerifechannel.com\/de\/wp-json\/wp\/v2\/media\/6873"}],"wp:attachment":[{"href":"https:\/\/thetenerifechannel.com\/de\/wp-json\/wp\/v2\/media?parent=4047"}],"wp:term":[{"taxonomy":"product_brand","embeddable":true,"href":"https:\/\/thetenerifechannel.com\/de\/wp-json\/wp\/v2\/product_brand?post=4047"},{"taxonomy":"product_cat","embeddable":true,"href":"https:\/\/thetenerifechannel.com\/de\/wp-json\/wp\/v2\/product_cat?post=4047"},{"taxonomy":"product_tag","embeddable":true,"href":"https:\/\/thetenerifechannel.com\/de\/wp-json\/wp\/v2\/product_tag?post=4047"}],"curies":[{"name":"wp","href":"https:\/\/api.w.org\/{rel}","templated":true}]}}