{"id":4049,"date":"2024-01-23T13:23:26","date_gmt":"2024-01-23T13:23:26","guid":{"rendered":"https:\/\/thetenerifechannel.com\/excursions\/doppelkarte-siam-park-loro-parque\/"},"modified":"2026-03-09T13:53:28","modified_gmt":"2026-03-09T13:53:28","slug":"doppelkarte-siam-park-loro-parque","status":"publish","type":"product","link":"https:\/\/thetenerifechannel.com\/de\/excursions\/doppelkarte-siam-park-loro-parque\/","title":{"rendered":"Doppelkarte Siam Park &#8211; Loro Parque"},"content":{"rendered":"<section class=\"l-section wpb_row height_huge\"><div class=\"l-section-h i-cf\"><div class=\"g-cols vc_row via_grid cols_1 laptops-cols_inherit tablets-cols_inherit mobiles-cols_1 valign_top type_default stacking_default\"><div class=\"wpb_column vc_column_container\"><div class=\"vc_column-inner\"><div class=\"wpb_text_column\"><div class=\"wpb_wrapper\"><p>Entdecken Sie diese beiden au\u00dfergew\u00f6hnlichen Parks mit dem ultimativen Zwillingsticket f\u00fcr den Loro Parque und den Siam Park.<br \/>\nTauchen Sie ein in eine Welt der Wunder im Loro Parque, wo Sie erstaunliche Wildtiere und fesselnde Shows erleben k\u00f6nnen. Wenn Sie Lust auf Wasserspa\u00df haben, besuchen Sie den Siam Park mit seinen adrenalingeladenen Rutschen und einem der besten Wasserparks Europas. <\/p>\n<p>Verpassen Sie nicht diese unglaubliche Gelegenheit, den Spa\u00df zu verdoppeln und unvergessliche Erinnerungen zu schaffen!<\/p>\n<p><strong>Eingeschlossen:<\/strong><\/p>\n<ul>\n<li>QR-Eintrittskarte f\u00fcr den Siam Park und den Loro Parque.<\/li>\n<li>Kostenloser Bus zum Siam Park mit Abholung in Los Cristianos, Las Americas und Costa Adeje.<\/li>\n<li>Die Benutzung von Liegest\u00fchlen, Schwimmwesten und Sonnenschirmen.<\/li>\n<li>Kostenloser Zug zum Loro Parque mit Abholung in Puerto de la Cruz.<\/li>\n<\/ul>\n<p><strong>Nicht enthalten:<\/strong><\/p>\n<ul>\n<li>Essen und Getr\u00e4nke<\/li>\n<li>Vermietung von Schlie\u00dff\u00e4chern und Handt\u00fcchern<\/li>\n<li>Parkpl\u00e4tze<\/li>\n<\/ul>\n<\/div><\/div><\/div><\/div><\/div><\/div><\/section>\n","protected":false},"excerpt":{"rendered":"<p>Entdecken Sie sowohl den Siam Park als auch den Loro Parque mit dem ultimativen Zwillingsticket! Doppelt so viel Spa\u00df! <\/p>\n","protected":false},"featured_media":4065,"template":"","meta":{"_acf_changed":false,"_joinchat":[]},"product_brand":[],"product_cat":[155,166,156],"product_tag":[],"class_list":{"0":"post-4049","1":"product","2":"type-product","3":"status-publish","4":"has-post-thumbnail","6":"product_cat-freizeitparks-teneriffa","7":"product_cat-loro-park-teneriffa","8":"product_cat-siam-park-teneriffa","9":"pa_depart-from-norden-der-insel","10":"pa_depart-from-sueden-der-insel","12":"first","13":"instock","14":"virtual","15":"sold-individually","16":"purchasable","17":"product-type-booking"},"acf":[],"_links":{"self":[{"href":"https:\/\/thetenerifechannel.com\/de\/wp-json\/wp\/v2\/product\/4049","targetHints":{"allow":["GET"]}}],"collection":[{"href":"https:\/\/thetenerifechannel.com\/de\/wp-json\/wp\/v2\/product"}],"about":[{"href":"https:\/\/thetenerifechannel.com\/de\/wp-json\/wp\/v2\/types\/product"}],"wp:featuredmedia":[{"embeddable":true,"href":"https:\/\/thetenerifechannel.com\/de\/wp-json\/wp\/v2\/media\/4065"}],"wp:attachment":[{"href":"https:\/\/thetenerifechannel.com\/de\/wp-json\/wp\/v2\/media?parent=4049"}],"wp:term":[{"taxonomy":"product_brand","embeddable":true,"href":"https:\/\/thetenerifechannel.com\/de\/wp-json\/wp\/v2\/product_brand?post=4049"},{"taxonomy":"product_cat","embeddable":true,"href":"https:\/\/thetenerifechannel.com\/de\/wp-json\/wp\/v2\/product_cat?post=4049"},{"taxonomy":"product_tag","embeddable":true,"href":"https:\/\/thetenerifechannel.com\/de\/wp-json\/wp\/v2\/product_tag?post=4049"}],"curies":[{"name":"wp","href":"https:\/\/api.w.org\/{rel}","templated":true}]}}