{"id":4086,"date":"2024-01-23T14:29:48","date_gmt":"2024-01-23T14:29:48","guid":{"rendered":"https:\/\/thetenerifechannel.com\/excursions\/castillo-san-miguel-abendveranstaltung\/"},"modified":"2026-04-04T13:53:42","modified_gmt":"2026-04-04T13:53:42","slug":"castillo-san-miguel-abendveranstaltung","status":"publish","type":"product","link":"https:\/\/thetenerifechannel.com\/de\/excursions\/castillo-san-miguel-abendveranstaltung\/","title":{"rendered":"Castillo San Miguel &#8211; Abendveranstaltung"},"content":{"rendered":"<p class=\"p1\">Machen Sie sich bereit f\u00fcr ein mittelalterliches Erlebnis mit den Rittern der Tafelrunde im magischen Castillo San Miguel. Genie\u00dfen Sie ein \u00fcppiges Festmahl, schreien Sie, buhen Sie oder feuern Sie den Herrn an, der Sie vertritt und der bereit ist, f\u00fcr Sie zu gewinnen oder zu sterben! <\/p>\n<p class=\"p1\">Beim Betreten des k\u00f6niglichen Saals werden Sie von den K\u00f6nigen empfangen und von freundlichen Untertanen in den Turniersaal gef\u00fchrt, so dass Sie das Gef\u00fchl haben, sich in einer authentischen mittelalterlichen Welt zu befinden, inmitten von historischen R\u00fcstungen, Truhen, Schriften und Dekorationen.<\/p>\n<p class=\"p1\">Zwei Mannschaften treten gegeneinander an, sechs Ritter k\u00e4mpfen auf ihren Pferden mit dem Speer in der Hand um die Ehre, w\u00e4hrend Sie als Gast des Grafen das Vergn\u00fcgen haben, das Schauspiel von der Loge aus zu genie\u00dfen, Abendessen, Wein und Wasser inklusive! Esst, trinkt, schreit und feuert euren Ritter an, wie ihr es im Mittelalter getan h\u00e4ttet. <\/p>\n<p class=\"p1\">Am\u00fcsieren Sie sich \u00fcber die Geschicklichkeit unserer Ritter mit dem Speer oder dem Schwert, genie\u00dfen Sie die Akrobatik auf spanischen Pferden, den Flug unserer majest\u00e4tischen V\u00f6gel, eine Feuershow und vieles mehr. Bringen Sie Ihr Adrenalin auf Touren! <\/p>\n<p><strong>Eingeschlossen:<\/strong><\/p>\n<ul class=\"ul1\">\n<li class=\"li1\">Abendessen mit Getr\u00e4nken<\/li>\n<li>Kostenloses Parken<\/li>\n<\/ul>\n<p class=\"p1\"><i>Beginn der Show: 19:00 Uhr<br \/>\nEnde der Show: 9:30 p.m.<\/i><\/p>\n","protected":false},"excerpt":{"rendered":"<p>Erleben Sie ein mittelalterliches Abenteuer im Castillo San Miguel mit den Rittern der Tafelrunde, wo Sie ein gro\u00dfes Festmahl genie\u00dfen und Ihren gew\u00e4hlten Champion anfeuern k\u00f6nnen. Treten Sie in den K\u00f6nigssaal ein, umgeben von historischem Dekor, und sehen Sie zu, wie sechs Ritter zu Pferd mit Speeren um die Wette reiten. Erleben Sie aufregende Geschicklichkeitsvorf\u00fchrungen, Akrobatik und sogar eine Feuershow, die eine unvergessliche Dinnershow ausmachen.  <\/p>\n","protected":false},"featured_media":4106,"template":"","meta":{"_acf_changed":false,"_joinchat":[]},"product_brand":[],"product_cat":[171],"product_tag":[342,347,267],"class_list":{"0":"post-4086","1":"product","2":"type-product","3":"status-publish","4":"has-post-thumbnail","6":"product_cat-abendshows-teneriffa","7":"product_tag-a-vibe-nachtleben","8":"product_tag-a-vibe-romantisch","9":"product_tag-home-karten","10":"pa_depart-from-norden-der-insel","11":"pa_depart-from-sueden-der-insel","13":"first","14":"instock","15":"virtual","16":"sold-individually","17":"purchasable","18":"product-type-booking"},"acf":[],"_links":{"self":[{"href":"https:\/\/thetenerifechannel.com\/de\/wp-json\/wp\/v2\/product\/4086","targetHints":{"allow":["GET"]}}],"collection":[{"href":"https:\/\/thetenerifechannel.com\/de\/wp-json\/wp\/v2\/product"}],"about":[{"href":"https:\/\/thetenerifechannel.com\/de\/wp-json\/wp\/v2\/types\/product"}],"wp:featuredmedia":[{"embeddable":true,"href":"https:\/\/thetenerifechannel.com\/de\/wp-json\/wp\/v2\/media\/4106"}],"wp:attachment":[{"href":"https:\/\/thetenerifechannel.com\/de\/wp-json\/wp\/v2\/media?parent=4086"}],"wp:term":[{"taxonomy":"product_brand","embeddable":true,"href":"https:\/\/thetenerifechannel.com\/de\/wp-json\/wp\/v2\/product_brand?post=4086"},{"taxonomy":"product_cat","embeddable":true,"href":"https:\/\/thetenerifechannel.com\/de\/wp-json\/wp\/v2\/product_cat?post=4086"},{"taxonomy":"product_tag","embeddable":true,"href":"https:\/\/thetenerifechannel.com\/de\/wp-json\/wp\/v2\/product_tag?post=4086"}],"curies":[{"name":"wp","href":"https:\/\/api.w.org\/{rel}","templated":true}]}}