{"id":4090,"date":"2024-01-25T18:22:02","date_gmt":"2024-01-25T18:22:02","guid":{"rendered":"https:\/\/thetenerifechannel.com\/excursions\/dschungel-park\/"},"modified":"2026-03-09T13:54:47","modified_gmt":"2026-03-09T13:54:47","slug":"dschungel-park","status":"publish","type":"product","link":"https:\/\/thetenerifechannel.com\/de\/excursions\/dschungel-park\/","title":{"rendered":"Dschungel-Park"},"content":{"rendered":"<p>Der Jungle Park ist ein Wildpark, der f\u00fcr seine \u00fcppige, dschungelartige Umgebung bekannt ist. Der Park beherbergt eine Vielzahl von Tieren, darunter exotische V\u00f6gel, Primaten, Gro\u00dfkatzen und viele mehr. Hier k\u00f6nnen Sie spektakul\u00e4re Greifvogelshows erleben, bei denen Adler und Falken ihre beeindruckenden Flugk\u00fcnste vorf\u00fchren.<br \/>\nDer Park ist einem tropischen Regenwald nachempfunden und bietet unterhaltsame Wanderwege.<br \/>\nMit seinen faszinierenden Tierbegegnungen und lehrreichen Ausstellungen bietet der Jungle Park ein unterhaltsames und informatives Erlebnis f\u00fcr alle Altersgruppen und ist damit ein ideales Ziel f\u00fcr Familien und Naturliebhaber.  <\/p>\n<p><em>T\u00e4glich von 10:00 bis 17:30 Uhr ge\u00f6ffnet.<br \/>\n<strong>Flexibilit\u00e4t beim Besuch!<\/strong> Ihr Eintritt in den Jungle Park f\u00fcr einen Tag.<br \/>\n<\/em><em>Kaufen Sie Ihr Ticket jetzt und entscheiden Sie sp\u00e4ter, wann Sie den Park besuchen m\u00f6chten.<\/em><\/p>\n<p><em> <\/em><\/p>\n<p><strong>Shows<\/strong><em><br \/>\n<\/em><\/p>\n<ul>\n<li><em><strong>F\u00fctterung der Waschb\u00e4ren: <\/strong>12:00 Uhr<\/em><\/li>\n<li><em><br \/>\n  <strong>F\u00fctterung der Pinguine:<\/strong><br \/>\n<\/em> 12:15 h<\/li>\n<li><em><br \/>\n  <strong>Raubvogelschau: <\/strong><br \/>\n<\/em>12:30 h<\/li>\n<li><em><br \/>\n  <strong>Seel\u00f6wen-Show: <\/strong><br \/>\n<\/em>13:30 h<\/li>\n<li><em><br \/>\n  <strong>Voliere: <\/strong><br \/>\n<\/em>von 11:00 h bis 16:00 h<\/li>\n<li><em><br \/>\n  <strong>Wanderung entlang der Lemuren: <\/strong><br \/>\n<\/em>von 11:00 h bis 16:00 h<\/li>\n<\/ul>\n<p>&nbsp;<\/p>\n","protected":false},"excerpt":{"rendered":"<p>Der Jungle Park ist ein dynamischer Wildpark, in dem eine Vielzahl von Tieren, darunter exotische V\u00f6gel und Primaten, zu sehen sind. Verpassen Sie nicht die spektakul\u00e4ren Raubvogelvorf\u00fchrungen und die regenwald\u00e4hnlichen Pfade.<br \/>\nIdeal f\u00fcr einen unterhaltsamen Tag mit der ganzen Familie! <\/p>\n","protected":false},"featured_media":4114,"template":"","meta":{"_acf_changed":false,"_joinchat":[]},"product_brand":[],"product_cat":[155],"product_tag":[],"class_list":{"0":"post-4090","1":"product","2":"type-product","3":"status-publish","4":"has-post-thumbnail","6":"product_cat-freizeitparks-teneriffa","7":"pa_depart-from-sueden-der-insel","9":"first","10":"instock","11":"virtual","12":"sold-individually","13":"purchasable","14":"product-type-booking"},"acf":[],"_links":{"self":[{"href":"https:\/\/thetenerifechannel.com\/de\/wp-json\/wp\/v2\/product\/4090","targetHints":{"allow":["GET"]}}],"collection":[{"href":"https:\/\/thetenerifechannel.com\/de\/wp-json\/wp\/v2\/product"}],"about":[{"href":"https:\/\/thetenerifechannel.com\/de\/wp-json\/wp\/v2\/types\/product"}],"wp:featuredmedia":[{"embeddable":true,"href":"https:\/\/thetenerifechannel.com\/de\/wp-json\/wp\/v2\/media\/4114"}],"wp:attachment":[{"href":"https:\/\/thetenerifechannel.com\/de\/wp-json\/wp\/v2\/media?parent=4090"}],"wp:term":[{"taxonomy":"product_brand","embeddable":true,"href":"https:\/\/thetenerifechannel.com\/de\/wp-json\/wp\/v2\/product_brand?post=4090"},{"taxonomy":"product_cat","embeddable":true,"href":"https:\/\/thetenerifechannel.com\/de\/wp-json\/wp\/v2\/product_cat?post=4090"},{"taxonomy":"product_tag","embeddable":true,"href":"https:\/\/thetenerifechannel.com\/de\/wp-json\/wp\/v2\/product_tag?post=4090"}],"curies":[{"name":"wp","href":"https:\/\/api.w.org\/{rel}","templated":true}]}}