{"id":4122,"date":"2024-01-25T16:56:05","date_gmt":"2024-01-25T16:56:05","guid":{"rendered":"https:\/\/thetenerifechannel.com\/excursions\/insel-tour-teide-masca-garachico-icod\/"},"modified":"2026-03-09T13:55:23","modified_gmt":"2026-03-09T13:55:23","slug":"insel-tour-teide-masca-garachico-icod","status":"publish","type":"product","link":"https:\/\/thetenerifechannel.com\/de\/excursions\/insel-tour-teide-masca-garachico-icod\/","title":{"rendered":"Inselrundfahrt: Teide &#8211; Masca &#8211; Garachico &#8211; Icod (von Norden)"},"content":{"rendered":"<p>Von Puerto de la Cruz aus fahren Sie in Richtung Teide-Nationalpark und durchqueren dabei das gesamte bewaldete Orotava-Tal, wo Sie einen kurzen Halt einlegen, um Fotos zu machen und das Panorama zu genie\u00dfen.<\/p>\n<p>Im Teide-Nationalpark angekommen, legen wir einen Halt ein, um die sch\u00f6ne Aussicht zu genie\u00dfen, und wenn es das Wetter zul\u00e4sst, sehen wir die Inseln La Gomera, La Palma und El Hierro.<\/p>\n<p>Anschlie\u00dfend fahren Sie in das Dorf Masca (im Parco Rural del Teno), wo Sie Zeit zur freien Verf\u00fcgung haben.<\/p>\n<p>Die n\u00e4chste Station ist Garachico, wo Sie Zeit haben, die Altstadt zu besichtigen. Danach fahren Sie in die Gemeinde Icod, um den Tausendj\u00e4hrigen Drachenbaum zu besichtigen. <\/p>\n<p>Schlie\u00dflich fahren wir durch die Gemeinden San Juan de la Rambla und Los Realejos zur\u00fcck nach Puerto de la Cruz.<\/p>\n<p><strong>Eingeschlossen:<\/strong><\/p>\n<ul>\n<li>Klimatisierter Bus mit Ermessensspielraum<\/li>\n<li>Offizieller Leitfaden<\/li>\n<\/ul>\n<p><strong>Nicht enthalten:<\/strong><\/p>\n<ul>\n<li>Mittagessen<\/li>\n<\/ul>\n","protected":false},"excerpt":{"rendered":"<p>Entdecken Sie die sch\u00f6nsten Orte Teneriffas auf dieser Inselrundfahrt, die Sie nach Masca, Garachico, zum Teide und seinem wundersch\u00f6nen Nationalpark und nach Icod de los Vinos f\u00fchrt.<\/p>\n","protected":false},"featured_media":4137,"template":"","meta":{"_acf_changed":false,"_joinchat":[]},"product_brand":[],"product_cat":[149],"product_tag":[],"class_list":{"0":"post-4122","1":"product","2":"type-product","3":"status-publish","4":"has-post-thumbnail","6":"product_cat-insel-bustouren-teneriffa","7":"pa_depart-from-norden-der-insel","9":"first","10":"instock","11":"virtual","12":"sold-individually","13":"purchasable","14":"product-type-booking"},"acf":[],"_links":{"self":[{"href":"https:\/\/thetenerifechannel.com\/de\/wp-json\/wp\/v2\/product\/4122","targetHints":{"allow":["GET"]}}],"collection":[{"href":"https:\/\/thetenerifechannel.com\/de\/wp-json\/wp\/v2\/product"}],"about":[{"href":"https:\/\/thetenerifechannel.com\/de\/wp-json\/wp\/v2\/types\/product"}],"wp:featuredmedia":[{"embeddable":true,"href":"https:\/\/thetenerifechannel.com\/de\/wp-json\/wp\/v2\/media\/4137"}],"wp:attachment":[{"href":"https:\/\/thetenerifechannel.com\/de\/wp-json\/wp\/v2\/media?parent=4122"}],"wp:term":[{"taxonomy":"product_brand","embeddable":true,"href":"https:\/\/thetenerifechannel.com\/de\/wp-json\/wp\/v2\/product_brand?post=4122"},{"taxonomy":"product_cat","embeddable":true,"href":"https:\/\/thetenerifechannel.com\/de\/wp-json\/wp\/v2\/product_cat?post=4122"},{"taxonomy":"product_tag","embeddable":true,"href":"https:\/\/thetenerifechannel.com\/de\/wp-json\/wp\/v2\/product_tag?post=4122"}],"curies":[{"name":"wp","href":"https:\/\/api.w.org\/{rel}","templated":true}]}}