{"id":4163,"date":"2024-01-23T13:49:50","date_gmt":"2024-01-23T13:49:50","guid":{"rendered":"https:\/\/thetenerifechannel.com\/excursions\/loro-parque-diamant-tour\/"},"modified":"2026-03-31T12:56:57","modified_gmt":"2026-03-31T12:56:57","slug":"loro-parque-diamant-tour","status":"publish","type":"product","link":"https:\/\/thetenerifechannel.com\/de\/excursions\/loro-parque-diamant-tour\/","title":{"rendered":"Loro Parque Diamant-Tour"},"content":{"rendered":"<section class=\"l-section wpb_row height_huge\"><div class=\"l-section-h i-cf\"><div class=\"g-cols vc_row via_grid cols_1 laptops-cols_inherit tablets-cols_inherit mobiles-cols_1 valign_top type_default stacking_default\"><div class=\"wpb_column vc_column_container\"><div class=\"vc_column-inner\"><div class=\"wpb_text_column\"><div class=\"wpb_wrapper\"><p>Machen Sie sich bereit f\u00fcr das ultimative Loro Parque-Abenteuer!<br \/>\nMit der Loro Explore Tour (90 Minuten gef\u00fchrter Spa\u00df), VIP-Pl\u00e4tzen f\u00fcr die beeindruckenden Orca-, Delfin- und Seel\u00f6wen-Shows und einem k\u00f6stlichen Mittagessen im Brunelli&#8217;s Steakhouse (mit einem k\u00f6stlichen Men\u00fc von 13:00 bis 15:30 Uhr) ist dieses Paket genau das Richtige f\u00fcr Sie!<br \/>\nAchten Sie nur darauf, dass Sie bis 09:45 Uhr im Park eintreffen, um das beste Erlebnis zu haben.<\/p>\n<p><strong>Eingeschlossen:<\/strong><\/p>\n<ul>\n<li>Eintrittskarten<\/li>\n<li>90-min\u00fctige gef\u00fchrte Tour<\/li>\n<li>VIP-Pl\u00e4tze f\u00fcr Auff\u00fchrungen<\/li>\n<li>Mittagessen im Brunelli&#8217;s Steakhouse<\/li>\n<\/ul>\n<\/div><\/div><\/div><\/div><\/div><\/div><\/section>\n","protected":false},"excerpt":{"rendered":"<p>Erleben Sie das volle Loro Parque Abenteuer!<br \/>\nGenie\u00dfen Sie eine 90-min\u00fctige gef\u00fchrte Loro-Explore-Tour, VIP-Pl\u00e4tze f\u00fcr Orca-, Delfin- und Seel\u00f6wen-Shows und ein leckeres Mittagessen.<\/p>\n","protected":false},"featured_media":4170,"template":"","meta":{"_acf_changed":false,"_joinchat":[]},"product_brand":[],"product_cat":[155,166],"product_tag":[],"class_list":{"0":"post-4163","1":"product","2":"type-product","3":"status-publish","4":"has-post-thumbnail","6":"product_cat-freizeitparks-teneriffa","7":"product_cat-loro-park-teneriffa","8":"pa_depart-from-norden-der-insel","10":"first","11":"instock","12":"virtual","13":"sold-individually","14":"purchasable","15":"product-type-booking"},"acf":[],"_links":{"self":[{"href":"https:\/\/thetenerifechannel.com\/de\/wp-json\/wp\/v2\/product\/4163","targetHints":{"allow":["GET"]}}],"collection":[{"href":"https:\/\/thetenerifechannel.com\/de\/wp-json\/wp\/v2\/product"}],"about":[{"href":"https:\/\/thetenerifechannel.com\/de\/wp-json\/wp\/v2\/types\/product"}],"wp:featuredmedia":[{"embeddable":true,"href":"https:\/\/thetenerifechannel.com\/de\/wp-json\/wp\/v2\/media\/4170"}],"wp:attachment":[{"href":"https:\/\/thetenerifechannel.com\/de\/wp-json\/wp\/v2\/media?parent=4163"}],"wp:term":[{"taxonomy":"product_brand","embeddable":true,"href":"https:\/\/thetenerifechannel.com\/de\/wp-json\/wp\/v2\/product_brand?post=4163"},{"taxonomy":"product_cat","embeddable":true,"href":"https:\/\/thetenerifechannel.com\/de\/wp-json\/wp\/v2\/product_cat?post=4163"},{"taxonomy":"product_tag","embeddable":true,"href":"https:\/\/thetenerifechannel.com\/de\/wp-json\/wp\/v2\/product_tag?post=4163"}],"curies":[{"name":"wp","href":"https:\/\/api.w.org\/{rel}","templated":true}]}}