{"id":4211,"date":"2024-01-23T15:01:13","date_gmt":"2024-01-23T15:01:13","guid":{"rendered":"https:\/\/thetenerifechannel.com\/excursions\/skandal-dinner-show\/"},"modified":"2026-03-09T13:51:45","modified_gmt":"2026-03-09T13:51:45","slug":"skandal-dinner-show","status":"publish","type":"product","link":"https:\/\/thetenerifechannel.com\/de\/excursions\/skandal-dinner-show\/","title":{"rendered":"Skandal-Dinner-Show"},"content":{"rendered":"<p>Die Scandal Dinner Show ist eine burleske Show f\u00fcr ein erwachsenes Publikum, die verschiedene k\u00fcnstlerische Disziplinen, Sinnlichkeit und Gastronomie miteinander verbindet.<br \/>\nLive-Kommentar, Musik, Tanz, Glanz und Humor machen die Scandal Dinner Show aus. Ein Angebot f\u00fcr das Nachtleben, das Ihre &#8220;6 Sinne&#8221; mit einer Kombination aus gehobener K\u00fcche und Unterhaltung anspricht. <\/p>\n<p><strong>Gold-Ticket inbegriffen:<\/strong><\/p>\n<ul>\n<li>Getr\u00e4nke und Abendessen<\/li>\n<\/ul>\n<p><strong>Inklusive Silber-Ticket<\/strong><\/p>\n<ul>\n<li>Getr\u00e4nke und Abendessen<\/li>\n<li>Privater Tisch f\u00fcr zwei Personen<\/li>\n<\/ul>\n<p>*<span>Die Kleiderordnung f\u00fcr die Dinner-Show ist elegante Kleidung. F\u00fcr M\u00e4nner sind Hosen vorgeschrieben, und Strandkleidung ist nicht erlaubt. <\/span><\/p>\n","protected":false},"excerpt":{"rendered":"<p>Tauchen Sie ein in ein einzigartiges Erlebnis, bei dem Kunst, Sinnlichkeit und Gastronomie miteinander verschmelzen, um Ihre &#8216;6 Sinne&#8217; zu wecken.<br \/>\nScandal Dinner Show, die im luxuri\u00f6sen GF Victoria stattfindet, ist mehr als ein Spektakel; es ist eine Reise durch Live-Gesang, lebendige Musik, fesselnde T\u00e4nze und Humor, der Sie laut auflachen l\u00e4sst.<\/p>\n","protected":false},"featured_media":4231,"template":"","meta":{"_acf_changed":false,"_joinchat":[]},"product_brand":[],"product_cat":[171],"product_tag":[],"class_list":{"0":"post-4211","1":"product","2":"type-product","3":"status-publish","4":"has-post-thumbnail","6":"product_cat-abendshows-teneriffa","7":"pa_depart-from-sueden-der-insel","9":"first","10":"instock","11":"virtual","12":"sold-individually","13":"purchasable","14":"product-type-booking"},"acf":[],"_links":{"self":[{"href":"https:\/\/thetenerifechannel.com\/de\/wp-json\/wp\/v2\/product\/4211","targetHints":{"allow":["GET"]}}],"collection":[{"href":"https:\/\/thetenerifechannel.com\/de\/wp-json\/wp\/v2\/product"}],"about":[{"href":"https:\/\/thetenerifechannel.com\/de\/wp-json\/wp\/v2\/types\/product"}],"wp:featuredmedia":[{"embeddable":true,"href":"https:\/\/thetenerifechannel.com\/de\/wp-json\/wp\/v2\/media\/4231"}],"wp:attachment":[{"href":"https:\/\/thetenerifechannel.com\/de\/wp-json\/wp\/v2\/media?parent=4211"}],"wp:term":[{"taxonomy":"product_brand","embeddable":true,"href":"https:\/\/thetenerifechannel.com\/de\/wp-json\/wp\/v2\/product_brand?post=4211"},{"taxonomy":"product_cat","embeddable":true,"href":"https:\/\/thetenerifechannel.com\/de\/wp-json\/wp\/v2\/product_cat?post=4211"},{"taxonomy":"product_tag","embeddable":true,"href":"https:\/\/thetenerifechannel.com\/de\/wp-json\/wp\/v2\/product_tag?post=4211"}],"curies":[{"name":"wp","href":"https:\/\/api.w.org\/{rel}","templated":true}]}}