{"id":4212,"date":"2024-01-25T18:23:12","date_gmt":"2024-01-25T18:23:12","guid":{"rendered":"https:\/\/thetenerifechannel.com\/excursions\/doppelkarte-dschungelpark-aqualand\/"},"modified":"2026-03-09T13:54:35","modified_gmt":"2026-03-09T13:54:35","slug":"doppelkarte-dschungelpark-aqualand","status":"publish","type":"product","link":"https:\/\/thetenerifechannel.com\/de\/excursions\/doppelkarte-dschungelpark-aqualand\/","title":{"rendered":"Doppelkarte Dschungelpark + Aqualand"},"content":{"rendered":"<div><strong>Genie\u00dfen Sie<\/strong> <strong>Dschungelpark &amp; Aqualand Costa Adeje!<\/strong><\/div>\n<div>Viel Spa\u00df in diesen beiden Parks.<\/div>\n<div>Dieses Paket beinhaltet eine Tageskarte f\u00fcr den Jungle Park und eine Tageskarte f\u00fcr das Aqualand Costa Adeje.<\/div>\n<div>Kaufen Sie Ihr Ticket jetzt und entscheiden Sie sp\u00e4ter, wann Sie es besuchen m\u00f6chten. Die Besuchstage m\u00fcssen nicht aufeinanderfolgend sein. <\/div>\n<p>Der <strong>Jungle Park<\/strong> ist ein dynamischer Wildpark, in dem eine Vielzahl von Tieren, darunter exotische V\u00f6gel und Primaten, zu sehen sind. Verpassen Sie nicht die spektakul\u00e4ren Raubvogelvorf\u00fchrungen und die regenwald\u00e4hnlichen Pfade.<br \/>\nIdeal f\u00fcr einen unterhaltsamen Tag mit der ganzen Familie! <\/p>\n<p><em>T\u00e4glich von 10:00 bis 17:30 Uhr ge\u00f6ffnet.<\/em><\/p>\n<p>Entdecken Sie Wasserunterhaltung und Familienspa\u00df im <strong>Aqualand Teneriffa.<\/strong><br \/>\nDieser Wasserpark bietet eine Reihe von Wasserattraktionen, darunter lustige Rutschen, Wellenbecken und einen Lazy River, sowie eine Delphinshow.<\/p>\n<p><em>T\u00e4glich von 10:00 bis 17:00 Uhr ge\u00f6ffnet.<br \/>\n<\/em><em> <\/em><\/p>\n<p>&nbsp;<\/p>\n","protected":false},"excerpt":{"rendered":"<div>Genie\u00dfen Sie Jungle Park &amp; Aqualand Costa Adeje!<\/div>\n<div>Viel Spa\u00df in diesen beiden Parks. Dieses Paket beinhaltet eine Tageskarte f\u00fcr den Jungle Park und eine Tageskarte f\u00fcr das Aqualand Costa Adeje. <\/div>\n","protected":false},"featured_media":4233,"template":"","meta":{"_acf_changed":false,"_joinchat":[]},"product_brand":[],"product_cat":[155],"product_tag":[],"class_list":{"0":"post-4212","1":"product","2":"type-product","3":"status-publish","4":"has-post-thumbnail","6":"product_cat-freizeitparks-teneriffa","7":"pa_depart-from-sueden-der-insel","9":"first","10":"instock","11":"virtual","12":"sold-individually","13":"purchasable","14":"product-type-booking"},"acf":[],"_links":{"self":[{"href":"https:\/\/thetenerifechannel.com\/de\/wp-json\/wp\/v2\/product\/4212","targetHints":{"allow":["GET"]}}],"collection":[{"href":"https:\/\/thetenerifechannel.com\/de\/wp-json\/wp\/v2\/product"}],"about":[{"href":"https:\/\/thetenerifechannel.com\/de\/wp-json\/wp\/v2\/types\/product"}],"wp:featuredmedia":[{"embeddable":true,"href":"https:\/\/thetenerifechannel.com\/de\/wp-json\/wp\/v2\/media\/4233"}],"wp:attachment":[{"href":"https:\/\/thetenerifechannel.com\/de\/wp-json\/wp\/v2\/media?parent=4212"}],"wp:term":[{"taxonomy":"product_brand","embeddable":true,"href":"https:\/\/thetenerifechannel.com\/de\/wp-json\/wp\/v2\/product_brand?post=4212"},{"taxonomy":"product_cat","embeddable":true,"href":"https:\/\/thetenerifechannel.com\/de\/wp-json\/wp\/v2\/product_cat?post=4212"},{"taxonomy":"product_tag","embeddable":true,"href":"https:\/\/thetenerifechannel.com\/de\/wp-json\/wp\/v2\/product_tag?post=4212"}],"curies":[{"name":"wp","href":"https:\/\/api.w.org\/{rel}","templated":true}]}}